{"id":190,"date":"2023-10-08T11:58:04","date_gmt":"2023-10-08T11:58:04","guid":{"rendered":"https:\/\/x1r.fi\/?page_id=190"},"modified":"2023-10-08T11:58:38","modified_gmt":"2023-10-08T11:58:38","slug":"europorssi-9-2013-x1r-minimeerib-hoordumist","status":"publish","type":"page","link":"https:\/\/x1r.fi\/et\/europorssi-9-2013-x1r-minimeerib-hoordumist\/","title":{"rendered":"Europ\u00f6rssi 9\/2013: X1R minimeerib h\u00f5\u00f5rdumist"},"content":{"rendered":"<div  class='flex_column av-av_one_half-048119fdb636ea3d70edc0b975509c6c av_one_half  avia-builder-el-0  el_before_av_one_half  avia-builder-el-first  first flex_column_div'     ><style type=\"text\/css\" data-created_by=\"avia_inline_auto\" id=\"style-css-av-lnhetqrp-474df78e9847109c1f407d8c66c7d18a\">\n.avia-image-container.av-lnhetqrp-474df78e9847109c1f407d8c66c7d18a img.avia_image{\nbox-shadow:none;\n}\n.avia-image-container.av-lnhetqrp-474df78e9847109c1f407d8c66c7d18a .av-image-caption-overlay-center{\ncolor:#ffffff;\n}\n<\/style>\n<div  class='avia-image-container av-lnhetqrp-474df78e9847109c1f407d8c66c7d18a av-styling- avia-align-center  avia-builder-el-1  avia-builder-el-no-sibling'   itemprop=\"image\" itemscope=\"itemscope\" itemtype=\"https:\/\/schema.org\/ImageObject\" ><div class=\"avia-image-container-inner\"><div class=\"avia-image-overlay-wrap\"><img decoding=\"async\" class='wp-image-191 avia-img-lazy-loading-not-191 avia_image' src=\"https:\/\/x1r.fi\/wp-content\/uploads\/2023\/10\/Tehdasrakennus_1000x1000.webp\" alt='' title='Tehdasrakennus_1000x1000'  height=\"1000\" width=\"1000\"  itemprop=\"thumbnailUrl\" srcset=\"https:\/\/x1r.fi\/wp-content\/uploads\/2023\/10\/Tehdasrakennus_1000x1000.webp 1000w, https:\/\/x1r.fi\/wp-content\/uploads\/2023\/10\/Tehdasrakennus_1000x1000-300x300.webp 300w, https:\/\/x1r.fi\/wp-content\/uploads\/2023\/10\/Tehdasrakennus_1000x1000-100x100.webp 100w, https:\/\/x1r.fi\/wp-content\/uploads\/2023\/10\/Tehdasrakennus_1000x1000-600x600.webp 600w, https:\/\/x1r.fi\/wp-content\/uploads\/2023\/10\/Tehdasrakennus_1000x1000-80x80.webp 80w, https:\/\/x1r.fi\/wp-content\/uploads\/2023\/10\/Tehdasrakennus_1000x1000-768x768.webp 768w, https:\/\/x1r.fi\/wp-content\/uploads\/2023\/10\/Tehdasrakennus_1000x1000-36x36.webp 36w, https:\/\/x1r.fi\/wp-content\/uploads\/2023\/10\/Tehdasrakennus_1000x1000-180x180.webp 180w, https:\/\/x1r.fi\/wp-content\/uploads\/2023\/10\/Tehdasrakennus_1000x1000-705x705.webp 705w, https:\/\/x1r.fi\/wp-content\/uploads\/2023\/10\/Tehdasrakennus_1000x1000-120x120.webp 120w, https:\/\/x1r.fi\/wp-content\/uploads\/2023\/10\/Tehdasrakennus_1000x1000-450x450.webp 450w\" sizes=\"(max-width: 1000px) 100vw, 1000px\" \/><\/div><\/div><\/div><\/div><div  class='flex_column av-av_one_half-feecfcc73494c68bb0d1632d1d5c38ae av_one_half  avia-builder-el-2  el_after_av_one_half  avia-builder-el-last  flex_column_div'     ><section  class='av_textblock_section av-lnheu11a-69a145ff92dcec4be83a0bed605958cb'   itemscope=\"itemscope\" itemtype=\"https:\/\/schema.org\/CreativeWork\" ><div class='avia_textblock'  itemprop=\"text\" ><h2 class=\"image-with-text__heading pxu-lia-element\">US MARINE DIESEL IMPORT LTD<\/h2>\n<p>1990. aastal asutatud perefirma. Meie ettev\u00f5te on importinud X-1R m\u00e4\u00e4rdeaineid Soome alates 1993. aastast.<\/p>\n<p>Pakume mitmek\u00fclgset valikut kvaliteetseid X-1R m\u00e4\u00e4rdetooteid ka n\u00f5udlikesse oludesse. X-1R tooted on leidnud oma kasutajaskonna nii ettev\u00f5tetes, avalikus sektoris kui ka kodumajapidamistes. Tutvu meie toodetega kodulehel.<\/p>\n<p>Meie tugevusteks on m\u00e4\u00e4rdeainete ainulaadne kvaliteet, samuti kiired tarned ja paindlik klienditeenindus.<\/p>\n<p class=\"translation-block\">Teenindame ulatuslikku edasim\u00fc\u00fcjate v\u00f5rgustikku \u00fcle kogu riigi.<\/p>\n<p>V\u00f5ite meiega ka otse \u00fchendust v\u00f5tta ja toodete kohta k\u00fcsida, r\u00e4\u00e4gime teile hea meelega l\u00e4hemalt!<\/p>\n<p>Teie tagasiside on teretulnud nii telefoni, meili teel kui ka kasutajate tagasisidena meie kodulehel v\u00f5i Facebooki lehel.<\/p>\n<\/div><\/section><\/div><\/p>","protected":false},"excerpt":{"rendered":"","protected":false},"author":1,"featured_media":0,"parent":0,"menu_order":0,"comment_status":"closed","ping_status":"closed","template":"","meta":{"footnotes":""},"class_list":["post-190","page","type-page","status-publish","hentry"],"_links":{"self":[{"href":"https:\/\/x1r.fi\/et\/wp-json\/wp\/v2\/pages\/190","targetHints":{"allow":["GET"]}}],"collection":[{"href":"https:\/\/x1r.fi\/et\/wp-json\/wp\/v2\/pages"}],"about":[{"href":"https:\/\/x1r.fi\/et\/wp-json\/wp\/v2\/types\/page"}],"author":[{"embeddable":true,"href":"https:\/\/x1r.fi\/et\/wp-json\/wp\/v2\/users\/1"}],"replies":[{"embeddable":true,"href":"https:\/\/x1r.fi\/et\/wp-json\/wp\/v2\/comments?post=190"}],"version-history":[{"count":3,"href":"https:\/\/x1r.fi\/et\/wp-json\/wp\/v2\/pages\/190\/revisions"}],"predecessor-version":[{"id":195,"href":"https:\/\/x1r.fi\/et\/wp-json\/wp\/v2\/pages\/190\/revisions\/195"}],"wp:attachment":[{"href":"https:\/\/x1r.fi\/et\/wp-json\/wp\/v2\/media?parent=190"}],"curies":[{"name":"wp","href":"https:\/\/api.w.org\/{rel}","templated":true}]}}