{"id":25,"date":"2023-10-03T11:05:44","date_gmt":"2023-10-03T11:05:44","guid":{"rendered":"https:\/\/x1r.fi\/?page_id=25"},"modified":"2023-10-03T11:58:05","modified_gmt":"2023-10-03T11:58:05","slug":"ettevote","status":"publish","type":"page","link":"https:\/\/x1r.fi\/et\/ettevote\/","title":{"rendered":"ETTEV\u00d5TTEST"},"content":{"rendered":"<div  class='flex_column av-av_one_half-048119fdb636ea3d70edc0b975509c6c av_one_half  avia-builder-el-0  el_before_av_one_half  avia-builder-el-first  first flex_column_div'     ><style type=\"text\/css\" data-created_by=\"avia_inline_auto\" id=\"style-css-av-lna9gfw2-392ea6f6e9a9a866c1c890b5633f58e5\">\n.avia-image-container.av-lna9gfw2-392ea6f6e9a9a866c1c890b5633f58e5 img.avia_image{\nbox-shadow:none;\n}\n.avia-image-container.av-lna9gfw2-392ea6f6e9a9a866c1c890b5633f58e5 .av-image-caption-overlay-center{\ncolor:#ffffff;\n}\n<\/style>\n<div  class='avia-image-container av-lna9gfw2-392ea6f6e9a9a866c1c890b5633f58e5 av-styling- avia-align-center  avia-builder-el-1  avia-builder-el-no-sibling'   itemprop=\"image\" itemscope=\"itemscope\" itemtype=\"https:\/\/schema.org\/ImageObject\" ><div class=\"avia-image-container-inner\"><div class=\"avia-image-overlay-wrap\"><img decoding=\"async\" class='wp-image-28 avia-img-lazy-loading-not-28 avia_image' src=\"https:\/\/x1r.fi\/wp-content\/uploads\/2023\/10\/X1R_yrityskuva_1484x618-1030x429.webp\" alt='' title='X1R_yrityskuva_1484x618'  height=\"429\" width=\"1030\"  itemprop=\"thumbnailUrl\" srcset=\"https:\/\/x1r.fi\/wp-content\/uploads\/2023\/10\/X1R_yrityskuva_1484x618-1030x429.webp 1030w, https:\/\/x1r.fi\/wp-content\/uploads\/2023\/10\/X1R_yrityskuva_1484x618-300x125.webp 300w, https:\/\/x1r.fi\/wp-content\/uploads\/2023\/10\/X1R_yrityskuva_1484x618-600x250.webp 600w, https:\/\/x1r.fi\/wp-content\/uploads\/2023\/10\/X1R_yrityskuva_1484x618-768x320.webp 768w, https:\/\/x1r.fi\/wp-content\/uploads\/2023\/10\/X1R_yrityskuva_1484x618-705x294.webp 705w, https:\/\/x1r.fi\/wp-content\/uploads\/2023\/10\/X1R_yrityskuva_1484x618.webp 1484w\" sizes=\"(max-width: 1030px) 100vw, 1030px\" \/><\/div><\/div><\/div><\/div><div  class='flex_column av-av_one_half-feecfcc73494c68bb0d1632d1d5c38ae av_one_half  avia-builder-el-2  el_after_av_one_half  avia-builder-el-last  flex_column_div'     ><section  class='av_textblock_section av-lna9h5q9-8a0c88e2e2956ab4c81f352c60d53405'   itemscope=\"itemscope\" itemtype=\"https:\/\/schema.org\/CreativeWork\" ><div class='avia_textblock'  itemprop=\"text\" ><h2 class=\"image-with-text__heading pxu-lia-element\">US MARINE DIESEL IMPORT LTD<\/h2>\n<p>1990. aastal asutatud perefirma. Meie ettev\u00f5te on importinud X-1R m\u00e4\u00e4rdeaineid Soome alates 1993. aastast.<\/p>\n<p>Pakume mitmek\u00fclgset valikut kvaliteetseid X-1R m\u00e4\u00e4rdetooteid ka n\u00f5udlikesse oludesse. X-1R tooted on leidnud oma kasutajaskonna nii ettev\u00f5tetes, avalikus sektoris kui ka kodumajapidamistes. Tutvu meie toodetega kodulehel.<\/p>\n<p>Meie tugevusteks on m\u00e4\u00e4rdeainete ainulaadne kvaliteet, samuti kiired tarned ja paindlik klienditeenindus.<\/p>\n<p class=\"translation-block\">Teenindame ulatuslikku edasim\u00fc\u00fcjate v\u00f5rgustikku \u00fcle kogu riigi.<\/p>\n<p>V\u00f5ite meiega ka otse \u00fchendust v\u00f5tta ja toodete kohta k\u00fcsida, r\u00e4\u00e4gime teile hea meelega l\u00e4hemalt!<\/p>\n<p>Teie tagasiside on teretulnud nii telefoni, meili teel kui ka kasutajate tagasisidena meie kodulehel v\u00f5i Facebooki lehel.<\/p>\n<\/div><\/section><\/div><\/p>","protected":false},"excerpt":{"rendered":"","protected":false},"author":1,"featured_media":0,"parent":0,"menu_order":0,"comment_status":"closed","ping_status":"closed","template":"","meta":{"footnotes":""},"class_list":["post-25","page","type-page","status-publish","hentry"],"_links":{"self":[{"href":"https:\/\/x1r.fi\/et\/wp-json\/wp\/v2\/pages\/25","targetHints":{"allow":["GET"]}}],"collection":[{"href":"https:\/\/x1r.fi\/et\/wp-json\/wp\/v2\/pages"}],"about":[{"href":"https:\/\/x1r.fi\/et\/wp-json\/wp\/v2\/types\/page"}],"author":[{"embeddable":true,"href":"https:\/\/x1r.fi\/et\/wp-json\/wp\/v2\/users\/1"}],"replies":[{"embeddable":true,"href":"https:\/\/x1r.fi\/et\/wp-json\/wp\/v2\/comments?post=25"}],"version-history":[{"count":2,"href":"https:\/\/x1r.fi\/et\/wp-json\/wp\/v2\/pages\/25\/revisions"}],"predecessor-version":[{"id":30,"href":"https:\/\/x1r.fi\/et\/wp-json\/wp\/v2\/pages\/25\/revisions\/30"}],"wp:attachment":[{"href":"https:\/\/x1r.fi\/et\/wp-json\/wp\/v2\/media?parent=25"}],"curies":[{"name":"wp","href":"https:\/\/api.w.org\/{rel}","templated":true}]}}