{"id":31,"date":"2023-10-03T12:04:25","date_gmt":"2023-10-03T12:04:25","guid":{"rendered":"https:\/\/x1r.fi\/?page_id=31"},"modified":"2026-02-21T13:04:16","modified_gmt":"2026-02-21T13:04:16","slug":"edasimuujad","status":"publish","type":"page","link":"https:\/\/x1r.fi\/et\/edasimuujad\/","title":{"rendered":"EDASIM\u00dc\u00dcJAD"},"content":{"rendered":"<section  class='av_textblock_section av-lnaa0118-4beb5e8f80490627c28d7152e2775469'   itemscope=\"itemscope\" itemtype=\"https:\/\/schema.org\/CreativeWork\" ><div class='avia_textblock'  itemprop=\"text\" ><p>X1R volitatud edasim\u00fc\u00fcjad teenindavad teid \u00fcle Eesti. Kasutage meie kaardirakendust ja leidke l\u00e4him edasim\u00fc\u00fcja.<\/p>\n<\/div><\/section>\n\n<section  class='av_textblock_section av-mkjgfsha-27f90b5f60344f0e1d2878937860f493'   itemscope=\"itemscope\" itemtype=\"https:\/\/schema.org\/CreativeWork\" ><div class='avia_textblock'  itemprop=\"text\" ><p><code><\/code><br \/>\nEdasim\u00fc\u00fcjad:<\/p>\n<p><strong>TARTU:\u00a0<\/strong><\/p>\n<p>Extensa O\u00dc- V\u00f5ru tn.55F (S\u00f5brakeskus) Tartu 50111, Estonia<\/p>\n<p>Erimell AS &#8211; Viljandi mnt. 73, 61713 Tartu<\/p>\n<p>Falleroon O\u00dc &#8211; Aardla 27, 50110 Tartu<\/p>\n<p>Forss O\u00dc- Aardla 23c, Tartu 50110<\/p>\n<p>Hansa-Flex H\u00fcdraulika O\u00dc &#8211; T\u00e4he 106b, Boks 2, 50113 Tartu<\/p>\n<p>Infast Oil AS &#8211; Ringtee 19, 50105 Tartu<\/p>\n<p>Salome Tartu AS (Automaailm) &#8211; V\u00f5ru mnt 242 51013 Tartu<\/p>\n<p>Motohoov O\u00dc &#8211; Kassisilma 24, R\u00e4ni, 61708 Tartu maakond,<\/p>\n<p>Mate AS &#8211; Turu 45b, 50105 Tartu,<\/p>\n<p>Raunex O\u00dc &#8211; Viljandi mnt 48, 50411 Tartu<\/p>\n<p>Saemeister O\u00dc &#8211; Aardla 25, 50110 Tartu<\/p>\n<p>Reginett O\u00dc &#8211; Optika tn 21, R\u00e4ni, 61708 Tartu maakond<\/p>\n<p>Veoautoring O\u00dc &#8211; Inseneri tn 2, 51014 Tartu<\/p>\n<p><strong>TARTUMAA:<\/strong><\/p>\n<p>Baltoil AS \u2013 HULGIM\u00dc\u00dcK &#8211; M\u00e4nni 10, Roiu, Kastre vald, 62122 Tartumaa<\/p>\n<p><strong>TALLINN\/HARJUMAA<\/strong>:<\/p>\n<p>Balti Autoosad AS (Fixus keti poodides)<\/p>\n<p>Baltoil AS \u2013 HULGIM\u00dc\u00dcK \u2013 Kesk tee 9, J\u00fcri, Rae vald, Harjumaa<\/p>\n<p>Autokaubad24 O\u00dc- Kadaka tee 185D, 12618 Tallinn<\/p>\n<p>Fixus Mustam\u00e4e O\u00dc &#8211; Mustam\u00e4e tee 18a, 10617 Tallinn<\/p>\n<p>Forss O\u00dc &#8211; Mooni 30 Tallinn 10615<\/p>\n<p>Kero Trading O\u00dc &#8211; Uus-Ringi tee 5, J\u00fcri, 75301 Harju maakond<\/p>\n<p>Motonet Estonia O\u00dc &#8211; T\u00e4hesaju tee 14, 13917 Tallinn<\/p>\n<p>Motoral Eesti AS &#8211; Tala 6, 13816 Tallinn<\/p>\n<p>Riia Lakid &#8211; Kantsi tn 3, 11415 Tallinn<\/p>\n<p>VLT O\u00dc &#8211; M\u00e4nniku tee 104, Tallinn, Estonia 11216<\/p>\n<p><strong>KOSE:\u00a0<\/strong><\/p>\n<p>Kaiu Eko Kaubandus O\u00dc &#8211; Hariduse 2c, Kose, 75101 Harju maakond<\/p>\n<p><strong>P\u00c4RNU:<\/strong><\/p>\n<p>Ferex O\u00dc &#8211; Suur-J\u00f5e tn 67, P\u00e4rnu, 80042 P\u00e4rnu maakond<\/p>\n<p>Infast Oil AS (\u00d5limaailm) &#8211; Turba 2, 80041 P\u00e4rnu<\/p>\n<p>PoolQ O\u00dc &#8211; Savi 3, P\u00e4rnu, 80041 P\u00e4rnu maakond<\/p>\n<p>Raunex O\u00dc &#8211; Pae 1, P\u00e4rnu, 86503 P\u00e4rnu maakond<\/p>\n<p>Sekk Autokaubad O\u00dc (Fixus) &#8211; Suur-J\u00f5e 65, P\u00e4rnu, 80042 P\u00e4rnu maakond<\/p>\n<p>Skuba Eesti O\u00dc &#8211; Savi 20\/1, P\u00e4rnu, 80041 P\u00e4rnu maakond<\/p>\n<p>Veokiremont O\u00dc &#8211; Keskuse 9, Sauga, 85008 P\u00e4rnu maakond<\/p>\n<p><strong>VILJANDIMAA:\u00a0<\/strong><\/p>\n<p>Hydroline O\u00dc &#8211; Raua 18-2, Viljandi, 71020 Viljandi maakond,<\/p>\n<p>Abovo O\u00dc &#8211; Piiri p\u00f5ik 1, Viljandi, 71020 Viljandi maakond<\/p>\n<p>HYDRAULICS O\u00dc &#8211; Riia mnt. 54a, Viljandi 71009<\/p>\n<p>Viljandi Nurme O\u00dc &#8211; J\u00e4mejala tee 20, J\u00e4mejala k\u00fcla Viljandi vald Viljandimaa 71024<\/p>\n<p><strong>J\u00d5GEVAMAA:\u00a0<\/strong><\/p>\n<p>Avovil O\u00dc &#8211; Viljandi mnt 22, P\u00f5ltsamaa, 48103 J\u00f5geva maakond<\/p>\n<p>Estem Tehnikakaubad O\u00dc &#8211; Kesk 3, J\u00f5geva, 48305 J\u00f5geva maakond,<\/p>\n<p>Rail Auto O\u00dc &#8211; Lossi 5, P\u00f5ltsamaa, 48103 J\u00f5geva maakond<\/p>\n<p><strong>J\u00c4RVAMAA:\u00a0<\/strong><\/p>\n<p>Maasturid O\u00dc &#8211; Maasturi, Allikj\u00e4rve, 73203 J\u00e4rva maakond<\/p>\n<p>N\u00f5lvak &amp; Ko O\u00dc &#8211; Kooli 4, Roosna-Alliku, 73201 J\u00e4rva maakond,<\/p>\n<p>Stik AS &#8211; P\u00e4rnu 57a, Paide, 72712 J\u00e4rva maakond<\/p>\n<p><strong>VIRUMAA:<\/strong><\/p>\n<p>Anome AS &#8211; Lai 31, Rakvere, 44308 L\u00e4\u00e4ne-Viru maakond<\/p>\n<p>Sventli AS &#8211; J\u00f5hvi, 41533 Ida-Virumaa<\/p>\n<p>Tarmaks Autoservis O\u00dc- Turu 4, Kohtla-J\u00e4rve, 30328 Ida-Viru maakond<\/p>\n<p><strong>IDA-VIRUMAA:\u00a0\u00a0<\/strong><\/p>\n<p>Firstcar O\u00dc &#8211; Kooli 17, Kohtla-N\u00f5mme, 30503 Ida-Viru maakond<\/p>\n<p>Sventli AS &#8211; Rakvere 19, J\u00f5hvi linn, J\u00f5hvi vald, Ida-Viru maakond, 41533<\/p>\n<p><strong>V\u00d5RUMAA\/VALGAMAA<\/strong>:<\/p>\n<p>Avenger O\u00dc &#8211; Vilja 43, V\u00f5ru, 65605 V\u00f5ru maakond<\/p>\n<p>Kagu Auto AS &#8211; R\u00e4pina mnt 9a, V\u00f5ru, 65606 V\u00f5ru maakond<\/p>\n<p>Mehka Eesti O\u00dc (V\u00f5ru t\u00f6\u00f6koda) &#8211; Pikk 17b, V\u00f5ru, 65604 V\u00f5ru maakond<\/p>\n<p>Salome V\u00f5ru (Automaailm) &#8211; R\u00e4pina mnt. 18a, V\u00f5ru<\/p>\n<p>Salome Valga (Automaailm) &#8211; Pihlaka tn 2, Valga, 68206 Valga maakond<\/p>\n<p>Skuba Eesti O\u00dc &#8211; R\u00e4pina mnt 14, V\u00f5ru, 65606 V\u00f5ru maakond<\/p>\n<p><strong>P\u00d5LVAMAA:<\/strong><\/p>\n<p>Kivimure O\u00dc &#8211; Tehnika Tee 2, Mammaste k\u00fcla, P\u00f5lva vald, 63308<\/p>\n<p><strong>OTEP\u00c4\u00c4:<\/strong><\/p>\n<p>Mellex-Auto O\u00dc &#8211; Lipuv\u00e4ljak 28a, Otep\u00e4\u00e4, 67403 Valga maakond<\/p>\n<p><strong>SAAREMAA:<\/strong><\/p>\n<p>Lahe Veis O\u00dc &#8211; Lahetaguse, Salme, Lahetaguse<\/p>\n<p>Ringipood O\u00dc &#8211; Kuressaare, Lahek\u00fcla, 93873<\/p>\n<p>Saare K\u00fctus O\u00dc &#8211; Roomassaare tee 6, Kuressaare, 93815 Saare maakond<\/p>\n<p>Tempore O\u00dc &#8211; Tehnika 20, Kuressaare, 93815 Saare maakond<\/p>\n<p><strong>HIIUMAA\/HAAPSALU:\u00a0<\/strong><\/p>\n<p>Steven-VV O\u00dc (Rauapood) &#8211; Leigri v\u00e4ljak 1 K\u00e4rdla Hiiu vald Hiiumaa<\/p>\n<p><code><\/code><\/p>\n<\/div><\/section>","protected":false},"excerpt":{"rendered":"","protected":false},"author":1,"featured_media":0,"parent":0,"menu_order":0,"comment_status":"closed","ping_status":"closed","template":"","meta":{"footnotes":""},"class_list":["post-31","page","type-page","status-publish","hentry"],"_links":{"self":[{"href":"https:\/\/x1r.fi\/et\/wp-json\/wp\/v2\/pages\/31","targetHints":{"allow":["GET"]}}],"collection":[{"href":"https:\/\/x1r.fi\/et\/wp-json\/wp\/v2\/pages"}],"about":[{"href":"https:\/\/x1r.fi\/et\/wp-json\/wp\/v2\/types\/page"}],"author":[{"embeddable":true,"href":"https:\/\/x1r.fi\/et\/wp-json\/wp\/v2\/users\/1"}],"replies":[{"embeddable":true,"href":"https:\/\/x1r.fi\/et\/wp-json\/wp\/v2\/comments?post=31"}],"version-history":[{"count":22,"href":"https:\/\/x1r.fi\/et\/wp-json\/wp\/v2\/pages\/31\/revisions"}],"predecessor-version":[{"id":954,"href":"https:\/\/x1r.fi\/et\/wp-json\/wp\/v2\/pages\/31\/revisions\/954"}],"wp:attachment":[{"href":"https:\/\/x1r.fi\/et\/wp-json\/wp\/v2\/media?parent=31"}],"curies":[{"name":"wp","href":"https:\/\/api.w.org\/{rel}","templated":true}]}}