{"id":37,"date":"2023-10-03T12:17:35","date_gmt":"2023-10-03T12:17:35","guid":{"rendered":"https:\/\/x1r.fi\/?page_id=37"},"modified":"2023-10-05T09:59:44","modified_gmt":"2023-10-05T09:59:44","slug":"nasa","status":"publish","type":"page","link":"https:\/\/x1r.fi\/et\/nasa\/","title":{"rendered":"NASA"},"content":{"rendered":"<style type=\"text\/css\" data-created_by=\"avia_inline_auto\" id=\"style-css-av-lnaadqp0-4bc2877d11a4f2bf52bf44399b9237cf\">\n.avia-section.av-lnaadqp0-4bc2877d11a4f2bf52bf44399b9237cf{\nbackground-repeat:no-repeat;\nbackground-image:url(https:\/\/x1r.fi\/wp-content\/uploads\/2023\/10\/nasa-x1r_1796x998.webp);\nbackground-position:50% 50%;\nbackground-attachment:scroll;\n}\n.avia-section.av-lnaadqp0-4bc2877d11a4f2bf52bf44399b9237cf .av-section-color-overlay{\nopacity:0.2;\nbackground-color:#000000;\n}\n<\/style>\n<div id='av_section_1'  class='avia-section av-lnaadqp0-4bc2877d11a4f2bf52bf44399b9237cf main_color avia-section-default avia-no-border-styling  avia-builder-el-0  el_before_av_image  avia-builder-el-first  avia-full-stretch avia-bg-style-scroll av-section-color-overlay-active av-minimum-height av-minimum-height-50 av-height-50  container_wrap fullsize'  data-section-bg-repeat='stretch' data-av_minimum_height_pc='50' data-av_min_height_opt='50'><div class=\"av-section-color-overlay-wrap\"><div class=\"av-section-color-overlay\"><\/div><div class='container av-section-cont-open' ><main  role=\"main\" itemprop=\"mainContentOfPage\"  class='template-page content  av-content-full alpha units'><div class='post-entry post-entry-type-page post-entry-37'><div class='entry-content-wrapper clearfix'>\n\n<style type=\"text\/css\" data-created_by=\"avia_inline_auto\" id=\"style-css-av-lnaaconv-86ddf8367ac7a10c72fef78859a61fd8\">\n#top .av_textblock_section.av-lnaaconv-86ddf8367ac7a10c72fef78859a61fd8 .avia_textblock{\ncolor:#ffffff;\n}\n<\/style>\n<section  class='av_textblock_section av-lnaaconv-86ddf8367ac7a10c72fef78859a61fd8'   itemscope=\"itemscope\" itemtype=\"https:\/\/schema.org\/CreativeWork\" ><div class='avia_textblock av_inherit_color'  itemprop=\"text\" ><h2 class=\"pxs-image-with-text-heading\" style=\"text-align: center;\">X1R ON NASA KUULSUSTE HALL<\/h2>\n<div class=\"pxs-image-with-text-subheading rte\">\n<p style=\"text-align: center;\">X-1R ON K\u00d5RGETASEME M\u00c4\u00c4RDES\u00dcSTEEM, MIS ON ALGSELT USA-S V\u00c4LJAT\u00d6\u00d6TATUD NASA KOSMOSETEHNOLOOGIA VAJADUSELE.<\/p>\n<\/div>\n<\/div><\/section>\n<\/div><\/div><\/main><!-- close content main element --><\/div><\/div><\/div><div id='after_section_1'  class='main_color av_default_container_wrap container_wrap fullsize'  ><div class='container av-section-cont-open' ><div class='template-page content  av-content-full alpha units'><div class='post-entry post-entry-type-page post-entry-37'><div class='entry-content-wrapper clearfix'>\n<style type=\"text\/css\" data-created_by=\"avia_inline_auto\" id=\"style-css-av-lnaal0n8-8567c4aa202a56509ed2a13ddd4d2a1f\">\n.avia-image-container.av-lnaal0n8-8567c4aa202a56509ed2a13ddd4d2a1f img.avia_image{\nbox-shadow:none;\n}\n.avia-image-container.av-lnaal0n8-8567c4aa202a56509ed2a13ddd4d2a1f .av-image-caption-overlay-center{\ncolor:#ffffff;\n}\n<\/style>\n<div  class='avia-image-container av-lnaal0n8-8567c4aa202a56509ed2a13ddd4d2a1f av-styling- avia-align-center  avia-builder-el-2  el_after_av_section  el_before_av_textblock  avia-builder-el-first'   itemprop=\"image\" itemscope=\"itemscope\" itemtype=\"https:\/\/schema.org\/ImageObject\" ><div class=\"avia-image-container-inner\"><div class=\"avia-image-overlay-wrap\"><img decoding=\"async\" class='wp-image-52 avia-img-lazy-loading-not-52 avia_image' src=\"https:\/\/x1r.fi\/wp-content\/uploads\/2023\/10\/logos-1.png\" alt='' title='logod'  height=\"178\" width=\"600\"  itemprop=\"thumbnailUrl\" srcset=\"https:\/\/x1r.fi\/wp-content\/uploads\/2023\/10\/logos-1.png 600w, https:\/\/x1r.fi\/wp-content\/uploads\/2023\/10\/logos-1-300x89.png 300w\" sizes=\"(max-width: 600px) 100vw, 600px\" \/><\/div><\/div><\/div><\/p>\n<section  class='av_textblock_section av-lnaawgwv-9d6fb3c22ac47ea1c2d6f4cffbb488d8'   itemscope=\"itemscope\" itemtype=\"https:\/\/schema.org\/CreativeWork\" ><div class='avia_textblock'  itemprop=\"text\" ><h2 class=\"home-section--title\" style=\"text-align: center;\">NASA VIDEOD X1R-ST<\/h2>\n<\/div><\/section>\n<div  class='flex_column av-5s3gp-6e08166bdfb837e64b0d0a50beb85f90 av_one_half  avia-builder-el-4  el_after_av_textblock  el_before_av_one_half  first flex_column_div  column-top-margin'     ><style type=\"text\/css\" data-created_by=\"avia_inline_auto\" id=\"style-css-av-lnab2n82-28cc98350877544e66f47e0c6de7ad0d\">\n.avia-video.av-lnab2n82-28cc98350877544e66f47e0c6de7ad0d{\nbackground-image:url(https:\/\/x1r.fi\/wp-content\/uploads\/dynamic_avia\/avia_video_thumbnails\/youtube\/O5ecV8Je0mk\/O5ecV8Je0mk.jpg);\n}\n<\/style>\n<div  class='avia-video av-lnab2n82-28cc98350877544e66f47e0c6de7ad0d avia-video-16-9 av-preview-image avia-video-confirm_all av-lazyload-video-embed'  itemprop=\"video\" itemtype=\"https:\/\/schema.org\/VideoObject\"  data-original_url='https:\/\/www.youtube.com\/watch?v=O5ecV8Je0mk'><script type='text\/html' class='av-video-tmpl'><div class='avia-iframe-wrap'><iframe loading=\"lazy\" title=\"X1R Steve Eisenhart Space Foundation 93secs\" width=\"1333\" height=\"1000\" src=\"https:\/\/www.youtube.com\/embed\/O5ecV8Je0mk?feature=oembed&autoplay=1&loop=0&controls=1&mute=0\" frameborder=\"0\" allow=\"accelerometer; autoplay; clipboard-write; encrypted-media; gyroscope; picture-in-picture; web-share\" allowfullscreen><\/iframe><\/div><\/script><div class='av-click-to-play-overlay'><div class=\"avia_playpause_icon\"><\/div><\/div><\/div><\/div>\n<div  class='flex_column av-5bz51-4c2b2712f87c5606ca0d63a33fa8c919 av_one_half  avia-builder-el-6  el_after_av_one_half  el_before_av_one_half  flex_column_div  column-top-margin'     ><style type=\"text\/css\" data-created_by=\"avia_inline_auto\" id=\"style-css-av-lnab3xwc-4811e0cb43ca8f8d59e6b6161160ed69\">\n.avia-video.av-lnab3xwc-4811e0cb43ca8f8d59e6b6161160ed69{\nbackground-image:url(https:\/\/x1r.fi\/wp-content\/uploads\/dynamic_avia\/avia_video_thumbnails\/youtube\/LN_GoNVAJKc\/LN_GoNVAJKc.jpg);\n}\n<\/style>\n<div  class='avia-video av-lnab3xwc-4811e0cb43ca8f8d59e6b6161160ed69 avia-video-16-9 av-preview-image avia-video-confirm_all av-lazyload-video-embed'  itemprop=\"video\" itemtype=\"https:\/\/schema.org\/VideoObject\"  data-original_url='https:\/\/www.youtube.com\/watch?v=LN_GoNVAJKc'><script type='text\/html' class='av-video-tmpl'><div class='avia-iframe-wrap'><iframe loading=\"lazy\" title=\"NASA and X1R &quot;Certified Space Technology&quot;\" width=\"1333\" height=\"1000\" src=\"https:\/\/www.youtube.com\/embed\/LN_GoNVAJKc?feature=oembed&autoplay=1&loop=0&controls=1&mute=0\" frameborder=\"0\" allow=\"accelerometer; autoplay; clipboard-write; encrypted-media; gyroscope; picture-in-picture; web-share\" allowfullscreen><\/iframe><\/div><\/script><div class='av-click-to-play-overlay'><div class=\"avia_playpause_icon\"><\/div><\/div><\/div><\/div>\n<div  class='flex_column av-4nfcd-67944ed8c1344f9ee52fbef6d7775857 av_one_half  avia-builder-el-8  el_after_av_one_half  el_before_av_one_half  first flex_column_div  column-top-margin'     ><style type=\"text\/css\" data-created_by=\"avia_inline_auto\" id=\"style-css-av-lnab6oa6-0f4e8dd02b15b8d697680e5a521df886\">\n.avia-video.av-lnab6oa6-0f4e8dd02b15b8d697680e5a521df886{\nbackground-image:url(https:\/\/x1r.fi\/wp-content\/uploads\/dynamic_avia\/avia_video_thumbnails\/youtube\/6sWjLzQF14g\/6sWjLzQF14g.jpg);\n}\n<\/style>\n<div  class='avia-video av-lnab6oa6-0f4e8dd02b15b8d697680e5a521df886 avia-video-16-9 av-preview-image avia-video-confirm_all av-lazyload-video-embed'  itemprop=\"video\" itemtype=\"https:\/\/schema.org\/VideoObject\"  data-original_url='https:\/\/www.youtube.com\/watch?v=6sWjLzQF14g'><script type='text\/html' class='av-video-tmpl'><div class='avia-iframe-wrap'><iframe loading=\"lazy\" title=\"Bentonville, ARK School Bus Fleet Test\" width=\"1333\" height=\"1000\" src=\"https:\/\/www.youtube.com\/embed\/6sWjLzQF14g?feature=oembed&autoplay=1&loop=0&controls=1&mute=0\" frameborder=\"0\" allow=\"accelerometer; autoplay; clipboard-write; encrypted-media; gyroscope; picture-in-picture; web-share\" allowfullscreen><\/iframe><\/div><\/script><div class='av-click-to-play-overlay'><div class=\"avia_playpause_icon\"><\/div><\/div><\/div><\/div>\n<div  class='flex_column av-3sbqt-1e47912deff76aa62103f2f116808e96 av_one_half  avia-builder-el-10  el_after_av_one_half  el_before_av_one_half  flex_column_div  column-top-margin'     ><style type=\"text\/css\" data-created_by=\"avia_inline_auto\" id=\"style-css-av-lnaba7wh-e32c12010c026b4e8576f9022fadf52f\">\n.avia-video.av-lnaba7wh-e32c12010c026b4e8576f9022fadf52f{\nbackground-image:url(https:\/\/x1r.fi\/wp-content\/uploads\/dynamic_avia\/avia_video_thumbnails\/youtube\/ZhSvd7Gy3FM\/ZhSvd7Gy3FM.jpg);\n}\n<\/style>\n<div  class='avia-video av-lnaba7wh-e32c12010c026b4e8576f9022fadf52f avia-video-16-9 av-preview-image avia-video-confirm_all av-lazyload-video-embed'  itemprop=\"video\" itemtype=\"https:\/\/schema.org\/VideoObject\"  data-original_url='https:\/\/www.youtube.com\/watch?v=ZhSvd7Gy3FM'><script type='text\/html' class='av-video-tmpl'><div class='avia-iframe-wrap'><iframe loading=\"lazy\" title=\"X-1R Technology  &quot;Heat&quot;\" width=\"1333\" height=\"1000\" src=\"https:\/\/www.youtube.com\/embed\/ZhSvd7Gy3FM?feature=oembed&autoplay=1&loop=0&controls=1&mute=0\" frameborder=\"0\" allow=\"accelerometer; autoplay; clipboard-write; encrypted-media; gyroscope; picture-in-picture; web-share\" allowfullscreen><\/iframe><\/div><\/script><div class='av-click-to-play-overlay'><div class=\"avia_playpause_icon\"><\/div><\/div><\/div><\/div>\n<div  class='flex_column av-36zx5-a87b33a637b625ad5fad80f7b7f5982c av_one_half  avia-builder-el-12  el_after_av_one_half  el_before_av_one_half  first flex_column_div  column-top-margin'     ><style type=\"text\/css\" data-created_by=\"avia_inline_auto\" id=\"style-css-av-lnabb5v5-27d42240e59c016a9c41267ce0faedbb\">\n.avia-video.av-lnabb5v5-27d42240e59c016a9c41267ce0faedbb{\nbackground-image:url(https:\/\/x1r.fi\/wp-content\/uploads\/dynamic_avia\/avia_video_thumbnails\/youtube\/lYyLY8RXAqA\/lYyLY8RXAqA.jpg);\n}\n<\/style>\n<div  class='avia-video av-lnabb5v5-27d42240e59c016a9c41267ce0faedbb avia-video-16-9 av-preview-image avia-video-confirm_all av-lazyload-video-embed'  itemprop=\"video\" itemtype=\"https:\/\/schema.org\/VideoObject\"  data-original_url='https:\/\/www.youtube.com\/watch?v=lYyLY8RXAqA'><script type='text\/html' class='av-video-tmpl'><div class='avia-iframe-wrap'><iframe loading=\"lazy\" title=\"X 1R Infomercial\" width=\"1333\" height=\"1000\" src=\"https:\/\/www.youtube.com\/embed\/lYyLY8RXAqA?feature=oembed&autoplay=1&loop=0&controls=1&mute=0\" frameborder=\"0\" allow=\"accelerometer; autoplay; clipboard-write; encrypted-media; gyroscope; picture-in-picture; web-share\" allowfullscreen><\/iframe><\/div><\/script><div class='av-click-to-play-overlay'><div class=\"avia_playpause_icon\"><\/div><\/div><\/div><\/div>\n<div  class='flex_column av-2mt59-ff15272ee36768ce0876fe9332c9908c av_one_half  avia-builder-el-14  el_after_av_one_half  el_before_av_one_half  flex_column_div  column-top-margin'     ><style type=\"text\/css\" data-created_by=\"avia_inline_auto\" id=\"style-css-av-lnabczpv-ca513d387f0afdd963617121c191f838\">\n.avia-video.av-lnabczpv-ca513d387f0afdd963617121c191f838{\nbackground-image:url(https:\/\/x1r.fi\/wp-content\/uploads\/dynamic_avia\/avia_video_thumbnails\/youtube\/aEB8xj8YZBQ\/aEB8xj8YZBQ.jpg);\n}\n<\/style>\n<div  class='avia-video av-lnabczpv-ca513d387f0afdd963617121c191f838 avia-video-16-9 av-preview-image avia-video-confirm_all av-lazyload-video-embed'  itemprop=\"video\" itemtype=\"https:\/\/schema.org\/VideoObject\"  data-original_url='https:\/\/www.youtube.com\/watch?v=aEB8xj8YZBQ'><script type='text\/html' class='av-video-tmpl'><div class='avia-iframe-wrap'><iframe loading=\"lazy\" title=\"X-1R Engine Treatment- Bobby Likis &quot;car doctor&quot;\" width=\"1333\" height=\"1000\" src=\"https:\/\/www.youtube.com\/embed\/aEB8xj8YZBQ?feature=oembed&autoplay=1&loop=0&controls=1&mute=0\" frameborder=\"0\" allow=\"accelerometer; autoplay; clipboard-write; encrypted-media; gyroscope; picture-in-picture; web-share\" allowfullscreen><\/iframe><\/div><\/script><div class='av-click-to-play-overlay'><div class=\"avia_playpause_icon\"><\/div><\/div><\/div><\/div>\n<div  class='flex_column av-23ait-8ab03a8f1ba5dc4152bb6cc57236607a av_one_half  avia-builder-el-16  el_after_av_one_half  el_before_av_one_half  first flex_column_div  column-top-margin'     ><style type=\"text\/css\" data-created_by=\"avia_inline_auto\" id=\"style-css-av-lnabdm4h-37a7a1b272daed15d6a0210a7873afa6\">\n.avia-video.av-lnabdm4h-37a7a1b272daed15d6a0210a7873afa6{\nbackground-image:url(https:\/\/x1r.fi\/wp-content\/uploads\/dynamic_avia\/avia_video_thumbnails\/youtube\/R-zfGyf9ge8\/R-zfGyf9ge8.jpg);\n}\n<\/style>\n<div  class='avia-video av-lnabdm4h-37a7a1b272daed15d6a0210a7873afa6 avia-video-16-9 av-preview-image avia-video-confirm_all av-lazyload-video-embed'  itemprop=\"video\" itemtype=\"https:\/\/schema.org\/VideoObject\"  data-original_url='https:\/\/www.youtube.com\/watch?v=R-zfGyf9ge8'><script type='text\/html' class='av-video-tmpl'><div class='avia-iframe-wrap'><iframe loading=\"lazy\" title=\"X1R Transmission Treatment\" width=\"1500\" height=\"844\" src=\"https:\/\/www.youtube.com\/embed\/R-zfGyf9ge8?feature=oembed&autoplay=1&loop=0&controls=1&mute=0\" frameborder=\"0\" allow=\"accelerometer; autoplay; clipboard-write; encrypted-media; gyroscope; picture-in-picture; web-share\" allowfullscreen><\/iframe><\/div><\/script><div class='av-click-to-play-overlay'><div class=\"avia_playpause_icon\"><\/div><\/div><\/div><\/div>\n<div  class='flex_column av-1f3j9-f1cde7bcb8f5ff8c02f2b559eca915cd av_one_half  avia-builder-el-18  el_after_av_one_half  el_before_av_one_half  flex_column_div  column-top-margin'     ><style type=\"text\/css\" data-created_by=\"avia_inline_auto\" id=\"style-css-av-lnabev0b-52e6572f81307c9defc06a5099319da1\">\n.avia-video.av-lnabev0b-52e6572f81307c9defc06a5099319da1{\nbackground-image:url(https:\/\/x1r.fi\/wp-content\/uploads\/dynamic_avia\/avia_video_thumbnails\/youtube\/nC5-iWR1pDk\/nC5-iWR1pDk.jpg);\n}\n<\/style>\n<div  class='avia-video av-lnabev0b-52e6572f81307c9defc06a5099319da1 avia-video-16-9 av-preview-image avia-video-confirm_all av-lazyload-video-embed'  itemprop=\"video\" itemtype=\"https:\/\/schema.org\/VideoObject\"  data-original_url='https:\/\/www.youtube.com\/watch?v=nC5-iWR1pDk'><script type='text\/html' class='av-video-tmpl'><div class='avia-iframe-wrap'><iframe loading=\"lazy\" title=\"X1R About Us\" width=\"1500\" height=\"844\" src=\"https:\/\/www.youtube.com\/embed\/nC5-iWR1pDk?feature=oembed&autoplay=1&loop=0&controls=1&mute=0\" frameborder=\"0\" allow=\"accelerometer; autoplay; clipboard-write; encrypted-media; gyroscope; picture-in-picture; web-share\" allowfullscreen><\/iframe><\/div><\/script><div class='av-click-to-play-overlay'><div class=\"avia_playpause_icon\"><\/div><\/div><\/div><\/div>\n<div  class='flex_column av-wfgt-f24aa45e2ad7a98a99b7626ec1070155 av_one_half  avia-builder-el-20  el_after_av_one_half  avia-builder-el-last  first flex_column_div  column-top-margin'     ><style type=\"text\/css\" data-created_by=\"avia_inline_auto\" id=\"style-css-av-lnabfmhn-83ea75c3ebe1462a383ae440fdfde33a\">\n.avia-video.av-lnabfmhn-83ea75c3ebe1462a383ae440fdfde33a{\nbackground-image:url(https:\/\/x1r.fi\/wp-content\/uploads\/dynamic_avia\/avia_video_thumbnails\/youtube\/l1fdBh7hdUU\/l1fdBh7hdUU.jpg);\n}\n<\/style>\n<div  class='avia-video av-lnabfmhn-83ea75c3ebe1462a383ae440fdfde33a avia-video-16-9 av-preview-image avia-video-confirm_all av-lazyload-video-embed'  itemprop=\"video\" itemtype=\"https:\/\/schema.org\/VideoObject\"  data-original_url='https:\/\/www.youtube.com\/watch?v=l1fdBh7hdUU'><script type='text\/html' class='av-video-tmpl'><div class='avia-iframe-wrap'><iframe loading=\"lazy\" title=\"2004 English Short Infomercial SFXE00022\" width=\"1333\" height=\"1000\" src=\"https:\/\/www.youtube.com\/embed\/l1fdBh7hdUU?feature=oembed&autoplay=1&loop=0&controls=1&mute=0\" frameborder=\"0\" allow=\"accelerometer; autoplay; clipboard-write; encrypted-media; gyroscope; picture-in-picture; web-share\" allowfullscreen><\/iframe><\/div><\/script><div class='av-click-to-play-overlay'><div class=\"avia_playpause_icon\"><\/div><\/div><\/div><\/div>","protected":false},"excerpt":{"rendered":"","protected":false},"author":1,"featured_media":0,"parent":0,"menu_order":0,"comment_status":"closed","ping_status":"closed","template":"","meta":{"footnotes":""},"class_list":["post-37","page","type-page","status-publish","hentry"],"_links":{"self":[{"href":"https:\/\/x1r.fi\/et\/wp-json\/wp\/v2\/pages\/37","targetHints":{"allow":["GET"]}}],"collection":[{"href":"https:\/\/x1r.fi\/et\/wp-json\/wp\/v2\/pages"}],"about":[{"href":"https:\/\/x1r.fi\/et\/wp-json\/wp\/v2\/types\/page"}],"author":[{"embeddable":true,"href":"https:\/\/x1r.fi\/et\/wp-json\/wp\/v2\/users\/1"}],"replies":[{"embeddable":true,"href":"https:\/\/x1r.fi\/et\/wp-json\/wp\/v2\/comments?post=37"}],"version-history":[{"count":22,"href":"https:\/\/x1r.fi\/et\/wp-json\/wp\/v2\/pages\/37\/revisions"}],"predecessor-version":[{"id":164,"href":"https:\/\/x1r.fi\/et\/wp-json\/wp\/v2\/pages\/37\/revisions\/164"}],"wp:attachment":[{"href":"https:\/\/x1r.fi\/et\/wp-json\/wp\/v2\/media?parent=37"}],"curies":[{"name":"wp","href":"https:\/\/api.w.org\/{rel}","templated":true}]}}