{"id":87,"date":"2023-10-03T13:02:32","date_gmt":"2023-10-03T13:02:32","guid":{"rendered":"https:\/\/x1r.fi\/?page_id=87"},"modified":"2023-10-04T13:19:10","modified_gmt":"2023-10-04T13:19:10","slug":"testvideod","status":"publish","type":"page","link":"https:\/\/x1r.fi\/et\/testvideod\/","title":{"rendered":"testvideod"},"content":{"rendered":"<div  class='flex_column av-av_one_half-048119fdb636ea3d70edc0b975509c6c av_one_half  avia-builder-el-0  el_before_av_one_half  avia-builder-el-first  first flex_column_div'     ><p>\n<style type=\"text\/css\" data-created_by=\"avia_inline_auto\" id=\"style-css-av-lnbqvkrd-8f2094dba9899c8bb0207298b1f7a7d4\">\n#top .av-special-heading.av-lnbqvkrd-8f2094dba9899c8bb0207298b1f7a7d4{\npadding-bottom:10px;\n}\nbody .av-special-heading.av-lnbqvkrd-8f2094dba9899c8bb0207298b1f7a7d4 .av-special-heading-tag .heading-char{\nfont-size:25px;\n}\n.av-special-heading.av-lnbqvkrd-8f2094dba9899c8bb0207298b1f7a7d4 .av-subheading{\nfont-size:15px;\n}\n<\/style>\n<div  class='av-special-heading av-lnbqvkrd-8f2094dba9899c8bb0207298b1f7a7d4 av-special-heading-h4  avia-builder-el-1  el_before_av_video  avia-builder-el-first'><h4 class='av-special-heading-tag'  itemprop=\"headline\"  >5W-40sisse tilgutatakse tilk X1R-i<\/h4><div class=\"special-heading-border\"><div class=\"special-heading-inner-border\"><\/div><\/div><\/div><br \/>\n\n<style type=\"text\/css\" data-created_by=\"avia_inline_auto\" id=\"style-css-av-lnbqv6k2-71b7d01ec8712d58fe2164159d7022b0\">\n.avia-video.av-lnbqv6k2-71b7d01ec8712d58fe2164159d7022b0{\nbackground-image:url(https:\/\/x1r.fi\/wp-content\/uploads\/dynamic_avia\/avia_video_thumbnails\/youtube\/zTmpmg7HlJ8\/zTmpmg7HlJ8-300x225.jpg);\n}\n<\/style>\n<div  class='avia-video av-lnbqv6k2-71b7d01ec8712d58fe2164159d7022b0 avia-video-16-9 av-preview-image avia-video-confirm_all av-lazyload-video-embed'  itemprop=\"video\" itemtype=\"https:\/\/schema.org\/VideoObject\"  data-original_url='https:\/\/www.youtube.com\/watch?v=zTmpmg7HlJ8'><script type='text\/html' class='av-video-tmpl'><div class='avia-iframe-wrap'><iframe loading=\"lazy\" title=\"27. maaliskuuta 2023\" width=\"1500\" height=\"844\" src=\"https:\/\/www.youtube.com\/embed\/zTmpmg7HlJ8?feature=oembed&autoplay=1&loop=0&controls=1&mute=0\" frameborder=\"0\" allow=\"accelerometer; autoplay; clipboard-write; encrypted-media; gyroscope; picture-in-picture; web-share\" allowfullscreen><\/iframe><\/div><\/script><div class='av-click-to-play-overlay'><div class=\"avia_playpause_icon\"><\/div><\/div><\/div><\/p><\/div><div  class='flex_column av-av_one_half-feecfcc73494c68bb0d1632d1d5c38ae av_one_half  avia-builder-el-3  el_after_av_one_half  el_before_av_one_half  flex_column_div'     ><p>\n<style type=\"text\/css\" data-created_by=\"avia_inline_auto\" id=\"style-css-av-lnbrr5hp-c10c8b58957386b3c677639879178cb0\">\n#top .av-special-heading.av-lnbrr5hp-c10c8b58957386b3c677639879178cb0{\npadding-bottom:10px;\n}\nbody .av-special-heading.av-lnbrr5hp-c10c8b58957386b3c677639879178cb0 .av-special-heading-tag .heading-char{\nfont-size:25px;\n}\n.av-special-heading.av-lnbrr5hp-c10c8b58957386b3c677639879178cb0 .av-subheading{\nfont-size:15px;\n}\n<\/style>\n<div  class='av-special-heading av-lnbrr5hp-c10c8b58957386b3c677639879178cb0 av-special-heading-h4  avia-builder-el-4  el_before_av_video  avia-builder-el-first'><h4 class='av-special-heading-tag'  itemprop=\"headline\"  >PENNZOIL TESTITUD KOOS X1R-ga<\/h4><div class=\"special-heading-border\"><div class=\"special-heading-inner-border\"><\/div><\/div><\/div><br \/>\n\n<style type=\"text\/css\" data-created_by=\"avia_inline_auto\" id=\"style-css-av-lnbrxw0j-947778fa6e78c0ad39bd3127146e06d2\">\n.avia-video.av-lnbrxw0j-947778fa6e78c0ad39bd3127146e06d2{\nbackground-image:url(https:\/\/x1r.fi\/wp-content\/uploads\/dynamic_avia\/avia_video_thumbnails\/youtube\/9cXonWwz63A\/9cXonWwz63A-300x169.jpg);\n}\n<\/style>\n<div  class='avia-video av-lnbrxw0j-947778fa6e78c0ad39bd3127146e06d2 avia-video-16-9 av-preview-image avia-video-confirm_all av-lazyload-video-embed'  itemprop=\"video\" itemtype=\"https:\/\/schema.org\/VideoObject\"  data-original_url='https:\/\/www.youtube.com\/watch?v=9cXonWwz63A'><script type='text\/html' class='av-video-tmpl'><div class='avia-iframe-wrap'><iframe loading=\"lazy\" title=\"18. helmikuuta 2023\" width=\"1500\" height=\"844\" src=\"https:\/\/www.youtube.com\/embed\/9cXonWwz63A?feature=oembed&autoplay=1&loop=0&controls=1&mute=0\" frameborder=\"0\" allow=\"accelerometer; autoplay; clipboard-write; encrypted-media; gyroscope; picture-in-picture; web-share\" allowfullscreen><\/iframe><\/div><\/script><div class='av-click-to-play-overlay'><div class=\"avia_playpause_icon\"><\/div><\/div><\/div><\/p><\/div><div  class='flex_column av-av_one_half-048119fdb636ea3d70edc0b975509c6c av_one_half  avia-builder-el-6  el_after_av_one_half  el_before_av_one_half  first flex_column_div  column-top-margin'     ><p>\n<style type=\"text\/css\" data-created_by=\"avia_inline_auto\" id=\"style-css-av-lnbro1i8-53aff9a0bff893109a402c94f0144d90\">\n#top .av-special-heading.av-lnbro1i8-53aff9a0bff893109a402c94f0144d90{\npadding-bottom:10px;\n}\nbody .av-special-heading.av-lnbro1i8-53aff9a0bff893109a402c94f0144d90 .av-special-heading-tag .heading-char{\nfont-size:25px;\n}\n.av-special-heading.av-lnbro1i8-53aff9a0bff893109a402c94f0144d90 .av-subheading{\nfont-size:15px;\n}\n<\/style>\n<div  class='av-special-heading av-lnbro1i8-53aff9a0bff893109a402c94f0144d90 av-special-heading-h4  avia-builder-el-7  el_before_av_video  avia-builder-el-first'><h4 class='av-special-heading-tag'  itemprop=\"headline\"  >VALVOLINE RACING VR1 20W-50 ILMA X1R JA KOOS X1R!<\/h4><div class=\"special-heading-border\"><div class=\"special-heading-inner-border\"><\/div><\/div><\/div><br \/>\n\n<style type=\"text\/css\" data-created_by=\"avia_inline_auto\" id=\"style-css-av-lnbrqb8m-f1d76ab79b767b876e1385abc0499be5\">\n.avia-video.av-lnbrqb8m-f1d76ab79b767b876e1385abc0499be5{\nbackground-image:url(https:\/\/x1r.fi\/wp-content\/uploads\/dynamic_avia\/avia_video_thumbnails\/youtube\/GI7OznhQFKY\/GI7OznhQFKY-300x169.jpg);\n}\n<\/style>\n<div  class='avia-video av-lnbrqb8m-f1d76ab79b767b876e1385abc0499be5 avia-video-16-9 av-preview-image avia-video-confirm_all av-lazyload-video-embed'  itemprop=\"video\" itemtype=\"https:\/\/schema.org\/VideoObject\"  data-original_url='https:\/\/www.youtube.com\/watch?v=GI7OznhQFKY'><script type='text\/html' class='av-video-tmpl'><div class='avia-iframe-wrap'><iframe loading=\"lazy\" title=\"Valvoline Racing VR1 20W-50 ilman X1R ja X1R kanssa!!\" width=\"1500\" height=\"844\" src=\"https:\/\/www.youtube.com\/embed\/GI7OznhQFKY?feature=oembed&autoplay=1&loop=0&controls=1&mute=0\" frameborder=\"0\" allow=\"accelerometer; autoplay; clipboard-write; encrypted-media; gyroscope; picture-in-picture; web-share\" allowfullscreen><\/iframe><\/div><\/script><div class='av-click-to-play-overlay'><div class=\"avia_playpause_icon\"><\/div><\/div><\/div><br \/>\n<section  class='av_textblock_section av-lnbrqrde-1241e9bd80520e8a303b90f3d36a68e5'   itemscope=\"itemscope\" itemtype=\"https:\/\/schema.org\/CreativeWork\" ><div class='avia_textblock'  itemprop=\"text\" ><p>Tippklassi SAE 20W-50 v\u00f5idus\u00f5idu\u00f5li Valvoline Racing VR1 testis vastavalt soovile ilma X1R ja X1R-ga. See test toob X1R omadused v\u00e4ga h\u00e4sti esile ja seda on p\u00e4rast testi n\u00e4ha turvise s\u00e4lgus!!<\/p>\n<\/div><\/section><\/p><\/div><div  class='flex_column av-av_one_half-feecfcc73494c68bb0d1632d1d5c38ae av_one_half  avia-builder-el-10  el_after_av_one_half  el_before_av_one_half  flex_column_div  column-top-margin'     ><p>\n<style type=\"text\/css\" data-created_by=\"avia_inline_auto\" id=\"style-css-av-lnbrrebs-1d82eb0dc7790419e02b5b525c11298e\">\n#top .av-special-heading.av-lnbrrebs-1d82eb0dc7790419e02b5b525c11298e{\npadding-bottom:10px;\n}\nbody .av-special-heading.av-lnbrrebs-1d82eb0dc7790419e02b5b525c11298e .av-special-heading-tag .heading-char{\nfont-size:25px;\n}\n.av-special-heading.av-lnbrrebs-1d82eb0dc7790419e02b5b525c11298e .av-subheading{\nfont-size:15px;\n}\n<\/style>\n<div  class='av-special-heading av-lnbrrebs-1d82eb0dc7790419e02b5b525c11298e av-special-heading-h4  avia-builder-el-11  el_before_av_video  avia-builder-el-first'><h4 class='av-special-heading-tag'  itemprop=\"headline\"  >KENDALL GREEN RACING ILMA X1R JA KOOS X1R<\/h4><div class=\"special-heading-border\"><div class=\"special-heading-inner-border\"><\/div><\/div><\/div><br \/>\n\n<style type=\"text\/css\" data-created_by=\"avia_inline_auto\" id=\"style-css-av-lnbrydyz-a08205a5f07c2a3eedeed82a244ecfec\">\n.avia-video.av-lnbrydyz-a08205a5f07c2a3eedeed82a244ecfec{\nbackground-image:url(https:\/\/x1r.fi\/wp-content\/uploads\/dynamic_avia\/avia_video_thumbnails\/youtube\/w2qyTrnjx90\/w2qyTrnjx90-300x169.jpg);\n}\n<\/style>\n<div  class='avia-video av-lnbrydyz-a08205a5f07c2a3eedeed82a244ecfec avia-video-16-9 av-preview-image avia-video-confirm_all av-lazyload-video-embed'  itemprop=\"video\" itemtype=\"https:\/\/schema.org\/VideoObject\"  data-original_url='https:\/\/www.youtube.com\/watch?v=w2qyTrnjx90'><script type='text\/html' class='av-video-tmpl'><div class='avia-iframe-wrap'><iframe loading=\"lazy\" title=\"Kendall Green Racing ilman X1R ja X1R kanssa!! @x1rfamilia100\" width=\"1500\" height=\"844\" src=\"https:\/\/www.youtube.com\/embed\/w2qyTrnjx90?feature=oembed&autoplay=1&loop=0&controls=1&mute=0\" frameborder=\"0\" allow=\"accelerometer; autoplay; clipboard-write; encrypted-media; gyroscope; picture-in-picture; web-share\" allowfullscreen><\/iframe><\/div><\/script><div class='av-click-to-play-overlay'><div class=\"avia_playpause_icon\"><\/div><\/div><\/div><br \/>\n<section  class='av_textblock_section av-lnbrro68-9a2b700e9042ba315aac6bc80cdc7b1c'   itemscope=\"itemscope\" itemtype=\"https:\/\/schema.org\/CreativeWork\" ><div class='avia_textblock'  itemprop=\"text\" ><p>Kaks oma klassi tugevaimat Kendall Green Racing 20W-50 ja X1R \u00f5lilisandit. Testin Kendalli ainult &amp; X1R-iga<\/p>\n<\/div><\/section><\/p><\/div><div  class='flex_column av-av_one_half-048119fdb636ea3d70edc0b975509c6c av_one_half  avia-builder-el-14  el_after_av_one_half  avia-builder-el-last  first flex_column_div  column-top-margin'     ><p>\n<style type=\"text\/css\" data-created_by=\"avia_inline_auto\" id=\"style-css-av-lnbrs8uu-0e11f7fe37da758e284e97832fb10b4e\">\n#top .av-special-heading.av-lnbrs8uu-0e11f7fe37da758e284e97832fb10b4e{\npadding-bottom:10px;\n}\nbody .av-special-heading.av-lnbrs8uu-0e11f7fe37da758e284e97832fb10b4e .av-special-heading-tag .heading-char{\nfont-size:25px;\n}\n.av-special-heading.av-lnbrs8uu-0e11f7fe37da758e284e97832fb10b4e .av-subheading{\nfont-size:15px;\n}\n<\/style>\n<div  class='av-special-heading av-lnbrs8uu-0e11f7fe37da758e284e97832fb10b4e av-special-heading-h4  avia-builder-el-15  el_before_av_video  avia-builder-el-first'><h4 class='av-special-heading-tag'  itemprop=\"headline\"  >MOTOX 5W-40 <span class='special_amp'>&amp;<\/span> X1R<\/h4><div class=\"special-heading-border\"><div class=\"special-heading-inner-border\"><\/div><\/div><\/div><br \/>\n\n<style type=\"text\/css\" data-created_by=\"avia_inline_auto\" id=\"style-css-av-lnbryyxc-c48360294d174b73ad4a4a4a7aea6ba6\">\n.avia-video.av-lnbryyxc-c48360294d174b73ad4a4a4a7aea6ba6{\nbackground-image:url(https:\/\/x1r.fi\/wp-content\/uploads\/dynamic_avia\/avia_video_thumbnails\/youtube\/QBRWdrx0TN0\/QBRWdrx0TN0-300x169.jpg);\n}\n<\/style>\n<div  class='avia-video av-lnbryyxc-c48360294d174b73ad4a4a4a7aea6ba6 avia-video-16-9 av-preview-image avia-video-confirm_all av-lazyload-video-embed'  itemprop=\"video\" itemtype=\"https:\/\/schema.org\/VideoObject\"  data-original_url='https:\/\/www.youtube.com\/watch?v=QBRWdrx0TN0'><script type='text\/html' class='av-video-tmpl'><div class='avia-iframe-wrap'><iframe loading=\"lazy\" title=\"18. helmikuuta 2023\" width=\"1500\" height=\"844\" src=\"https:\/\/www.youtube.com\/embed\/QBRWdrx0TN0?feature=oembed&autoplay=1&loop=0&controls=1&mute=0\" frameborder=\"0\" allow=\"accelerometer; autoplay; clipboard-write; encrypted-media; gyroscope; picture-in-picture; web-share\" allowfullscreen><\/iframe><\/div><\/script><div class='av-click-to-play-overlay'><div class=\"avia_playpause_icon\"><\/div><\/div><\/div><\/p><\/div><\/p>","protected":false},"excerpt":{"rendered":"","protected":false},"author":1,"featured_media":0,"parent":0,"menu_order":0,"comment_status":"closed","ping_status":"closed","template":"","meta":{"footnotes":""},"class_list":["post-87","page","type-page","status-publish","hentry"],"_links":{"self":[{"href":"https:\/\/x1r.fi\/et\/wp-json\/wp\/v2\/pages\/87","targetHints":{"allow":["GET"]}}],"collection":[{"href":"https:\/\/x1r.fi\/et\/wp-json\/wp\/v2\/pages"}],"about":[{"href":"https:\/\/x1r.fi\/et\/wp-json\/wp\/v2\/types\/page"}],"author":[{"embeddable":true,"href":"https:\/\/x1r.fi\/et\/wp-json\/wp\/v2\/users\/1"}],"replies":[{"embeddable":true,"href":"https:\/\/x1r.fi\/et\/wp-json\/wp\/v2\/comments?post=87"}],"version-history":[{"count":8,"href":"https:\/\/x1r.fi\/et\/wp-json\/wp\/v2\/pages\/87\/revisions"}],"predecessor-version":[{"id":655,"href":"https:\/\/x1r.fi\/et\/wp-json\/wp\/v2\/pages\/87\/revisions\/655"}],"wp:attachment":[{"href":"https:\/\/x1r.fi\/et\/wp-json\/wp\/v2\/media?parent=87"}],"curies":[{"name":"wp","href":"https:\/\/api.w.org\/{rel}","templated":true}]}}