{"id":89,"date":"2023-10-03T13:02:43","date_gmt":"2023-10-03T13:02:43","guid":{"rendered":"https:\/\/x1r.fi\/?page_id=89"},"modified":"2025-06-08T18:34:53","modified_gmt":"2025-06-08T18:34:53","slug":"kontakt","status":"publish","type":"page","link":"https:\/\/x1r.fi\/et\/kontakt\/","title":{"rendered":"KONTAKT"},"content":{"rendered":"<style type=\"text\/css\" data-created_by=\"avia_inline_auto\" id=\"style-css-av-lnacc6af-810a54927aa7e4719ab4bff597323fc9\">\n.avia-section.av-lnacc6af-810a54927aa7e4719ab4bff597323fc9{\nbackground-repeat:no-repeat;\nbackground-image:url(https:\/\/x1r.fi\/wp-content\/uploads\/2023\/10\/yritys-x1r_1796x998.webp);\nbackground-position:50% 50%;\nbackground-attachment:scroll;\n}\n.avia-section.av-lnacc6af-810a54927aa7e4719ab4bff597323fc9 .av-section-color-overlay{\nopacity:0.3;\nbackground-color:#000000;\n}\n<\/style>\n<div id='av_section_1'  class='avia-section av-lnacc6af-810a54927aa7e4719ab4bff597323fc9 main_color avia-section-default avia-no-border-styling  avia-builder-el-0  el_before_av_one_half  avia-builder-el-first  avia-full-stretch avia-bg-style-scroll av-section-color-overlay-active av-minimum-height av-minimum-height-50 av-height-50  container_wrap fullsize'  data-section-bg-repeat='stretch' data-av_minimum_height_pc='50' data-av_min_height_opt='50'><div class=\"av-section-color-overlay-wrap\"><div class=\"av-section-color-overlay\"><\/div><div class='container av-section-cont-open' ><main  role=\"main\" itemprop=\"mainContentOfPage\"  class='template-page content  av-content-full alpha units'><div class='post-entry post-entry-type-page post-entry-89'><div class='entry-content-wrapper clearfix'>\n\n<style type=\"text\/css\" data-created_by=\"avia_inline_auto\" id=\"style-css-av-lnacaptn-6f40e1a3c0d616456f431e3e5e953601\">\n#top .av_textblock_section.av-lnacaptn-6f40e1a3c0d616456f431e3e5e953601 .avia_textblock{\ncolor:#ffffff;\ntext-align:center;\n}\n<\/style>\n<section  class='av_textblock_section av-lnacaptn-6f40e1a3c0d616456f431e3e5e953601'   itemscope=\"itemscope\" itemtype=\"https:\/\/schema.org\/CreativeWork\" ><div class='avia_textblock av_inherit_color'  itemprop=\"text\" ><h1 class=\"pxs-image-with-text-heading\" style=\"text-align: center;\">US MARINE DIESEL IMPORT LTD<\/h1>\n<\/div><\/section>\n<\/div><\/div><\/main><!-- close content main element --><\/div><\/div><\/div><div id='after_section_1'  class='main_color av_default_container_wrap container_wrap fullsize'  ><div class='container av-section-cont-open' ><div class='template-page content  av-content-full alpha units'><div class='post-entry post-entry-type-page post-entry-89'><div class='entry-content-wrapper clearfix'>\n<div  class='flex_column av-1l93p-70cf9a206e68792d8a143118ef92a272 av_one_half  avia-builder-el-2  el_after_av_section  el_before_av_one_half  avia-builder-el-first  first flex_column_div'     ><section  class='av_textblock_section av-lnbq9toj-bade63529360f776a26d9ee445765d4e'   itemscope=\"itemscope\" itemtype=\"https:\/\/schema.org\/CreativeWork\" ><div class='avia_textblock'  itemprop=\"text\" ><div class=\"madpages_component ksk_no_margins\" data-kskpage-component-id=\"\">\n<div class=\"kskpage_title_comp\">\n<h3 class=\"page-title\" style=\"text-align: left;\">KONTAKT<\/h3>\n<p id=\"madpages_element_title_2_kskpage_1\" class=\"madpages_element translation-block\" data-ksk-type=\"title\" data-ksk-el-id=\"2_kskpage_1\">Teenindame ulatuslikku edasim\u00fc\u00fcjate v\u00f5rgustikku \u00fcle kogu riigi.<\/p>\n<\/div>\n<\/div>\n<div class=\"madpages_component ksk_no_margins\" data-kskpage-component-id=\"\">\n<div class=\"kskpage_text_comp\">\n<div id=\"madpages_element_paragraph_3_kskpage_1\" class=\"madpages_element madpages_paragraph\" data-ksk-type=\"paragraph\" data-ksk-el-id=\"3_kskpage_1\">\n<div>\n<p>V\u00f5ite meiega ka otse \u00fchendust v\u00f5tta ja toodete kohta k\u00fcsida, r\u00e4\u00e4gime teile hea meelega l\u00e4hemalt!<\/p>\n<\/div>\n<\/div>\n<\/div>\n<\/div>\n<p><strong>E-R 8-17<\/strong><\/p>\n<div class=\"madpages_component ksk_no_margins\" data-kskpage-component-id=\"\">\n<div id=\"madpages_element_columns_4_kskpage_1\" class=\"madpage_column_component_container\" data-ksk-type=\"columns\" data-ksk-el-id=\"4_kskpage_1\" data-recal-width=\"26\">\n<div id=\"madpages_element_column_4_kskpage_1\" class=\"madpage_column_component\" data-ksk-el-id=\"4_kskpage_1\">\n<div class=\"madpages_component\" data-kskpage-component-id=\"\">\n<div class=\"kskpage_text_comp\">\n<p><strong>TEHNILINE TUGI \/ M\u00dc\u00dcK:<\/strong><\/p>\n<p id=\"madpages_element_paragraph_4_kskpage_1_1\" class=\"madpages_element madpages_paragraph\" data-ksk-type=\"paragraph\" data-ksk-el-id=\"4_kskpage_1_1\"><strong>Pekka Mononen<br \/>\n<\/strong><strong>(Tegevjuht, m\u00fc\u00fck)<br \/>\n<\/strong><a href=\"tel:0400784437\">0400 784 437<\/a><br \/>\n<a href=\"mailto:info@x1r.fi\">info@x1r.fi<\/a><\/p>\n<p data-ksk-type=\"paragraph\" data-ksk-el-id=\"4_kskpage_1_1\"><strong>Aimar Juus<br \/>\n<\/strong><strong>(Eesti m\u00fc\u00fck)<br \/>\n<\/strong><a href=\"tel:+3725156396\">+372 51 56\u00a0396<\/a><br \/>\n<a href=\"mailto:aimar@baltoil.ee\">aimar@baltoil.ee<\/a><\/p>\n<\/div>\n<div class=\"kskpage_text_comp\">\n<p class=\"madpages_element madpages_paragraph\" data-ksk-type=\"paragraph\" data-ksk-el-id=\"4_kskpage_1_1\"><strong>Sotkasiira Hannu<\/strong><br \/>\n<strong>(P\u00f5hja-Soome)<\/strong><br \/>\n<a href=\"tel:0408601030\">040 8601 030<\/a><br \/>\n<a href=\"mailto:hannu@x1r.fi\">hannu@x1r.fi<\/a><\/p>\n<\/div>\n<\/div>\n<\/div>\n<div id=\"madpages_element_column_4_kskpage_2\" class=\"madpage_column_component\" data-ksk-el-id=\"4_kskpage_2\">\n<div class=\"madpages_component\" data-kskpage-component-id=\"\">\n<div class=\"kskpage_text_comp\">\n<div id=\"madpages_element_paragraph_4_kskpage_2_1\" class=\"madpages_element madpages_paragraph\" data-ksk-type=\"paragraph\" data-ksk-el-id=\"4_kskpage_2_1\">\n<p><strong>HALDUS:<\/strong><\/p>\n<p><strong>Tuija Mononen<br \/>\n<\/strong><a href=\"mailto:tuija@baltoil.ee\">tuija@baltoil.ee<\/a><\/p>\n<\/div>\n<\/div>\n<\/div>\n<\/div>\n<\/div>\n<\/div>\n<\/div><\/section><\/div><div  class='flex_column av-y58h-c5c0679cb12eac0bc406d5664cfe7e24 av_one_half  avia-builder-el-4  el_after_av_one_half  el_before_av_heading  flex_column_div'     ><form action=\"https:\/\/x1r.fi\/et\/kontakt\/\" method=\"post\" data-fields-with-error=\"Found errors in the following field(s):\" class=\"avia_ajax_form av-form-labels-visible   avia-builder-el-5  avia-builder-el-no-sibling\" data-avia-form-id=\"1\" data-avia-redirect='' data-trp-original-action=\"https:\/\/x1r.fi\/et\/kontakt\/\" ><fieldset><p class='first_form  form_element form_fullwidth' id='element_avia_1_1'><label for=\"avia_1_1\">Nimi <abbr class=\"required\" title=\"required\">*<\/abbr><\/label> <input name=\"avia_1_1\" class=\"text_input is_empty\" type=\"text\" id=\"avia_1_1\" value=\"\" \/><\/p><p class='first_form  form_element form_fullwidth' id='element_avia_2_1'><label for=\"avia_2_1\">E-mail <abbr class=\"required\" title=\"required\">*<\/abbr><\/label> <input name=\"avia_2_1\" class=\"text_input is_email\" type=\"text\" id=\"avia_2_1\" value=\"\" \/><\/p><p class='first_form  form_element form_fullwidth' id='element_avia_3_1'><label for=\"avia_3_1\">Telefon <abbr class=\"required\" title=\"required\">*<\/abbr><\/label> <input name=\"avia_3_1\" class=\"text_input is_empty\" type=\"text\" id=\"avia_3_1\" value=\"\" \/><\/p><p class='first_form  form_element form_fullwidth av-last-visible-form-element' id='element_avia_4_1'><label for=\"avia_4_1\" class=\"textare_label hidden textare_label_avia_4_1\">S\u00f5num <abbr class=\"required\" title=\"required\">*<\/abbr><\/label><textarea  name=\"avia_4_1\" class=\"text_area is_empty\" cols=\"40\" rows=\"7\" id=\"avia_4_1\" ><\/textarea><\/p><p class=\"hidden\"><input type=\"text\" name=\"avia_5_1\" class=\"hidden\" id=\"avia_5_1\" value=\"\" \/><\/p><p class=\"form_element\"><input type=\"hidden\" value=\"1\" name=\"avia_generated_form1\" \/><input type=\"submit\" value=\"Saada\" class=\"button\"  data-sending-label=\"Sending\"\/><\/p><\/fieldset><input type=\"hidden\" name=\"trp-form-language\" value=\"et\"\/><\/form><div id=\"ajaxresponse_1\" class=\"ajaxresponse ajaxresponse_1 hidden\"><\/div><\/div><\/p>\n\n<style type=\"text\/css\" data-created_by=\"avia_inline_auto\" id=\"style-css-av-lnbqi6dn-b6ced9f64fe00c7180d2eb596038dab4\">\n#top .av-special-heading.av-lnbqi6dn-b6ced9f64fe00c7180d2eb596038dab4{\npadding-bottom:10px;\n}\nbody .av-special-heading.av-lnbqi6dn-b6ced9f64fe00c7180d2eb596038dab4 .av-special-heading-tag .heading-char{\nfont-size:25px;\n}\n.av-special-heading.av-lnbqi6dn-b6ced9f64fe00c7180d2eb596038dab4 .av-subheading{\nfont-size:15px;\n}\n<\/style>\n<div  class='av-special-heading av-lnbqi6dn-b6ced9f64fe00c7180d2eb596038dab4 av-special-heading-h2 blockquote modern-quote modern-centered  avia-builder-el-6  el_after_av_one_half  el_before_av_codeblock'><h2 class='av-special-heading-tag'  itemprop=\"headline\"  >MEIE ASUKOHT<\/h2><div class=\"special-heading-border\"><div class=\"special-heading-inner-border\"><\/div><\/div><\/div>","protected":false},"excerpt":{"rendered":"","protected":false},"author":1,"featured_media":0,"parent":0,"menu_order":0,"comment_status":"closed","ping_status":"closed","template":"","meta":{"footnotes":""},"class_list":["post-89","page","type-page","status-publish","hentry"],"_links":{"self":[{"href":"https:\/\/x1r.fi\/et\/wp-json\/wp\/v2\/pages\/89","targetHints":{"allow":["GET"]}}],"collection":[{"href":"https:\/\/x1r.fi\/et\/wp-json\/wp\/v2\/pages"}],"about":[{"href":"https:\/\/x1r.fi\/et\/wp-json\/wp\/v2\/types\/page"}],"author":[{"embeddable":true,"href":"https:\/\/x1r.fi\/et\/wp-json\/wp\/v2\/users\/1"}],"replies":[{"embeddable":true,"href":"https:\/\/x1r.fi\/et\/wp-json\/wp\/v2\/comments?post=89"}],"version-history":[{"count":15,"href":"https:\/\/x1r.fi\/et\/wp-json\/wp\/v2\/pages\/89\/revisions"}],"predecessor-version":[{"id":835,"href":"https:\/\/x1r.fi\/et\/wp-json\/wp\/v2\/pages\/89\/revisions\/835"}],"wp:attachment":[{"href":"https:\/\/x1r.fi\/et\/wp-json\/wp\/v2\/media?parent=89"}],"curies":[{"name":"wp","href":"https:\/\/api.w.org\/{rel}","templated":true}]}}