{"id":264,"date":"2023-10-10T07:00:33","date_gmt":"2023-10-10T07:00:33","guid":{"rendered":"https:\/\/x1r.fi\/toode\/metsuri-power-teraketjuoljy\/"},"modified":"2023-12-13T18:40:23","modified_gmt":"2023-12-13T18:40:23","slug":"loggeri-voimsus-teraketjuoljy","status":"publish","type":"product","link":"https:\/\/x1r.fi\/et\/toode\/loggeri-voimsus-teraketjuoljy\/","title":{"rendered":"METSURI Power keti\u00f5li"},"content":{"rendered":"<p>&nbsp;<\/p>\n<p data-mce-fragment=\"1\"><span data-mce-fragment=\"1\">METSURI Power\u00a0<\/span><b data-mce-fragment=\"1\">keti\u00f5li<span data-mce-fragment=\"1\">\u00a0<\/span><\/b><span data-mce-fragment=\"1\">on mineraal\u00f5lil p\u00f5hinev kettsae\u00f5li. T\u00e4nu kvaliteetsele uuele baas\u00f5lile ja lisanditele on Metsuri Power keti\u00f5lil head m\u00e4\u00e4rimisomadused k\u00f5ikides t\u00f6\u00f6tingimustes. Erinevate t\u00f6\u00f6temperatuuride j\u00e4rgi valitud lai viskoossus v\u00f5imaldab saeketi\u00f5li kasutada aastaringselt.<\/span><\/p>\n<ul data-mce-fragment=\"1\">\n<li aria-level=\"1\" data-mce-fragment=\"1\"><span data-mce-fragment=\"1\">\u00d5li tagab hea m\u00e4\u00e4rimise, mille tulemuseks on madal h\u00f5\u00f5rdumine ja kulumine.\u00a0<\/span><\/li>\n<li aria-level=\"1\" data-mce-fragment=\"1\"><span data-mce-fragment=\"1\">Toode hoiab m\u00e4\u00e4rdepinnad puhtana ja pakub suurep\u00e4rast korrosioonikaitset.\u00a0<\/span><\/li>\n<li aria-level=\"1\" data-mce-fragment=\"1\"><span data-mce-fragment=\"1\">\u00d5li voolavus ja pumbatavus k\u00fclmades tingimustes on suurep\u00e4rane, mis tagab m\u00e4\u00e4rimise ka ekstreemsetes tingimustes. Kindel punkt on\u00a0<\/span><b data-mce-fragment=\"1\">&gt; -30 \u00b0C.<\/b><span data-mce-fragment=\"1\">\u00a0<\/span><\/li>\n<li aria-level=\"1\" data-mce-fragment=\"1\"><span data-mce-fragment=\"1\">\u00d5lil on hea oks\u00fcdatsioonikindlus.\u00a0<\/span><\/li>\n<li aria-level=\"1\" data-mce-fragment=\"1\"><span data-mce-fragment=\"1\">Sisaldab X-1R, mis on s\u00fcnteetiline vedel metalli pinnat\u00f6\u00f6tlusaine, mis v\u00e4hendab oluliselt metallpindade kokkupuutel ja liikumisel tekkivat h\u00f5\u00f5rdumist.<\/span><\/li>\n<li aria-level=\"1\" data-mce-fragment=\"1\"><span data-mce-fragment=\"1\">T\u00e4nu spetsiaalsetele lisanditele saab professionaalsetes saagides etteantava \u00f5li kogust v\u00e4hendada<\/span><\/li>\n<\/ul>\n<p data-mce-fragment=\"1\"><span data-mce-fragment=\"1\">Pakend: 1 L, 3 L, 10 L, 200 L, 1000 L ja lahtiselt<\/span><\/p>","protected":false},"excerpt":{"rendered":"<p>&nbsp; METSURI Power\u00a0ter\u00e4ketju\u00f6ljy\u00a0on mineraali\u00f6ljypohjainen moottorisahan ter\u00e4ketju\u00f6ljy. Laadukkaan uusioperus\u00f6ljyn ja lis\u00e4aineistuksen ansiosta Metsuri Power ter\u00e4ketju\u00f6ljyll\u00e4 on hyv\u00e4t voiteluominaisuudet kaikissa k\u00e4ytt\u00f6olosuhteissa. Eri k\u00e4ytt\u00f6l\u00e4mp\u00f6tilojen mukaan valittu laaja viskositeetti mahdollistaa ter\u00e4ketju\u00f6ljyn ymp\u00e4rivuotisen k\u00e4yt\u00f6n. \u00d6ljy tarjoaa hyv\u00e4n voitelukyvyn, josta seuraa pieni kitka ja kuluminen.\u00a0 Tuote pit\u00e4\u00e4 voitelupinnat puhtaina ja tarjoaa erinomaisen korroosiosuojan.\u00a0 \u00d6ljyn juoksevuus ja pumpattavuus kylmiss\u00e4 olosuhteissa on erinomainen, [&hellip;]<\/p>\n","protected":false},"featured_media":263,"template":"","meta":[],"product_brand":[],"product_cat":[31],"product_tag":[],"class_list":{"0":"post-264","1":"product","2":"type-product","3":"status-publish","4":"has-post-thumbnail","6":"product_cat-voiteluaineet-ja-rasvat","8":"first","9":"instock","10":"shipping-taxable","11":"product-type-simple"},"_links":{"self":[{"href":"https:\/\/x1r.fi\/et\/wp-json\/wp\/v2\/product\/264","targetHints":{"allow":["GET"]}}],"collection":[{"href":"https:\/\/x1r.fi\/et\/wp-json\/wp\/v2\/product"}],"about":[{"href":"https:\/\/x1r.fi\/et\/wp-json\/wp\/v2\/types\/product"}],"wp:featuredmedia":[{"embeddable":true,"href":"https:\/\/x1r.fi\/et\/wp-json\/wp\/v2\/media\/263"}],"wp:attachment":[{"href":"https:\/\/x1r.fi\/et\/wp-json\/wp\/v2\/media?parent=264"}],"wp:term":[{"taxonomy":"product_brand","embeddable":true,"href":"https:\/\/x1r.fi\/et\/wp-json\/wp\/v2\/product_brand?post=264"},{"taxonomy":"product_cat","embeddable":true,"href":"https:\/\/x1r.fi\/et\/wp-json\/wp\/v2\/product_cat?post=264"},{"taxonomy":"product_tag","embeddable":true,"href":"https:\/\/x1r.fi\/et\/wp-json\/wp\/v2\/product_tag?post=264"}],"curies":[{"name":"wp","href":"https:\/\/api.w.org\/{rel}","templated":true}]}}