{"id":266,"date":"2023-10-10T07:00:43","date_gmt":"2023-10-10T07:00:43","guid":{"rendered":"https:\/\/x1r.fi\/toode\/pro-moto-teraketjuoljy-ammattikayttoon\/"},"modified":"2023-12-13T18:37:32","modified_gmt":"2023-12-13T18:37:32","slug":"pro-moto-teraketjuoljy-professionaalseks-kasutamiseks","status":"publish","type":"product","link":"https:\/\/x1r.fi\/et\/toode\/pro-moto-teraketjuoljy-professionaalseks-kasutamiseks\/","title":{"rendered":"PRO MOTO keti\u00f5li professionaalseks kasutamiseks"},"content":{"rendered":"<p>&nbsp;<\/p>\n<p data-mce-fragment=\"1\"><b data-mce-fragment=\"1\">UUS Pro Moto<\/b><span data-mce-fragment=\"1\">\u00a0saeketi\u00f5li on spetsiaalselt segatud\u00a0<\/span><span data-mce-fragment=\"1\">ja sellele on lisatud hoolikalt testitud ja valitud lisaaineid,<\/span><span data-mce-fragment=\"1\">\u00a0mis taluvad k\u00f5rget pinnar\u00f5hku. Toode on v\u00e4lja t\u00f6\u00f6tatud\u00a0<\/span><b data-mce-fragment=\"1\">eriti uute mootorrataste suurte ketikiiruste jaoks<\/b><span data-mce-fragment=\"1\">. Spetsiaalne plastiline lisand v\u00f5imaldab keti k\u00f5rget kiirust ja head m\u00e4\u00e4rimist tera ja \u00e4\u00e4riku vahel.<\/span><\/p>\n<ul data-mce-fragment=\"1\">\n<li aria-level=\"1\" data-mce-fragment=\"1\"><span data-mce-fragment=\"1\">\u00d5li sisaldab\u00a0<\/span><b data-mce-fragment=\"1\">X-1R<\/b><span data-mce-fragment=\"1\">\u00a0metallihooldus\/\u00f5lilisand, mis v\u00e4hendab oluliselt metallpindade vastastikusest kokkupuutest ja liikumisest tekkivat h\u00f5\u00f5rdumist, pikendades keti, tera \u00e4\u00e4riku ja ketiratta eluiga<\/span><\/li>\n<li aria-level=\"1\" data-mce-fragment=\"1\"><span data-mce-fragment=\"1\">\u00d5li tagab hea m\u00e4\u00e4rimise ja v\u00e4hendab metalli kulumist. \u00d5livarusid saab isegi v\u00e4hendada\u00a0<\/span><b data-mce-fragment=\"1\">40%<\/b><span data-mce-fragment=\"1\">\u00a0v\u00f5rreldes traditsiooniliste \u00f5lidega.\u00a0<\/span><\/li>\n<li aria-level=\"1\" data-mce-fragment=\"1\"><span data-mce-fragment=\"1\">\u00d5li hoiab m\u00e4\u00e4rdepinnad puhtana ja tagab suurep\u00e4rase korrosioonikaitse.\u00a0<\/span><\/li>\n<li aria-level=\"1\" data-mce-fragment=\"1\"><span data-mce-fragment=\"1\">\u00d5li voolavus ja pumbatavus k\u00fclmades tingimustes on suurep\u00e4rane, mis tagab m\u00e4\u00e4rimise ka ekstreemsetes tingimustes. Kindel punkt on\u00a0<\/span><b data-mce-fragment=\"1\">&gt; -30 \u00b0C.<\/b><span data-mce-fragment=\"1\">\u00a0<\/span><\/li>\n<li aria-level=\"1\" data-mce-fragment=\"1\"><span data-mce-fragment=\"1\">\u00d5lil on hea oks\u00fcdatsioonikindlus.<\/span><\/li>\n<\/ul>\n<div data-mce-fragment=\"1\"><span data-mce-fragment=\"1\">Pakend: 20 L, 200 L, 1000 L ja lahtiselt<\/span><\/div>","protected":false},"excerpt":{"rendered":"<p>&nbsp; UUSI Pro Moto\u00a0ter\u00e4ketju\u00f6ljy on erikoissitkostettu\u00a0ja siihen on lis\u00e4tty tarkoin testatut ja valitut lis\u00e4aineet,\u00a0mitk\u00e4 kest\u00e4v\u00e4t kovia pintapaineita. Tuote on kehitetty\u00a0erityisesti uusien Motojen koville ketjunopeuksille. Erikois sitko-lis\u00e4aineistus mahdollistaa suuret ketjunopeudet ja hyv\u00e4n voitelun ter\u00e4n ja laipan v\u00e4liss\u00e4. \u00d6ljy sis\u00e4lt\u00e4\u00e4\u00a0X-1R\u00a0metallinhoito\/\u00f6ljyn lis\u00e4ainetta, joka v\u00e4hent\u00e4\u00e4 huomattavasti metallipintojen keskin\u00e4isest\u00e4 kosketuksesta ja liikkeest\u00e4 aiheutuvaa kitkaa pident\u00e4en ketjun, ter\u00e4laipan ja k\u00e4rkipy\u00f6r\u00e4n ik\u00e4\u00e4 [&hellip;]<\/p>\n","protected":false},"featured_media":265,"template":"","meta":[],"product_brand":[],"product_cat":[31],"product_tag":[],"class_list":{"0":"post-266","1":"product","2":"type-product","3":"status-publish","4":"has-post-thumbnail","6":"product_cat-voiteluaineet-ja-rasvat","8":"first","9":"instock","10":"shipping-taxable","11":"product-type-simple"},"_links":{"self":[{"href":"https:\/\/x1r.fi\/et\/wp-json\/wp\/v2\/product\/266","targetHints":{"allow":["GET"]}}],"collection":[{"href":"https:\/\/x1r.fi\/et\/wp-json\/wp\/v2\/product"}],"about":[{"href":"https:\/\/x1r.fi\/et\/wp-json\/wp\/v2\/types\/product"}],"wp:featuredmedia":[{"embeddable":true,"href":"https:\/\/x1r.fi\/et\/wp-json\/wp\/v2\/media\/265"}],"wp:attachment":[{"href":"https:\/\/x1r.fi\/et\/wp-json\/wp\/v2\/media?parent=266"}],"wp:term":[{"taxonomy":"product_brand","embeddable":true,"href":"https:\/\/x1r.fi\/et\/wp-json\/wp\/v2\/product_brand?post=266"},{"taxonomy":"product_cat","embeddable":true,"href":"https:\/\/x1r.fi\/et\/wp-json\/wp\/v2\/product_cat?post=266"},{"taxonomy":"product_tag","embeddable":true,"href":"https:\/\/x1r.fi\/et\/wp-json\/wp\/v2\/product_tag?post=266"}],"curies":[{"name":"wp","href":"https:\/\/api.w.org\/{rel}","templated":true}]}}