{"id":268,"date":"2023-10-10T07:00:45","date_gmt":"2023-10-10T07:00:45","guid":{"rendered":"https:\/\/x1r.fi\/toode\/oljyn-stabilointiaine-946ml\/"},"modified":"2023-12-13T18:25:45","modified_gmt":"2023-12-13T18:25:45","slug":"olgede-stabiliseerija-946ml","status":"publish","type":"product","link":"https:\/\/x1r.fi\/et\/toode\/olgede-stabiliseerija-946ml\/","title":{"rendered":"\u00d5li stabilisaator 946ml"},"content":{"rendered":"<p>&nbsp;<\/p>\n<p data-mce-fragment=\"1\"><strong data-mce-fragment=\"1\">\u00d5LI STABILISAATOR<\/strong><br data-mce-fragment=\"1\" \/>Tihendus\u00f5li<br data-mce-fragment=\"1\" \/>Kasutatakse vanemate mootorite eluea pikendamiseks ja k\u00fclmk\u00e4ivituskahjustuste v\u00e4ltimiseks.<\/p>\n<p data-mce-fragment=\"1\"><strong data-mce-fragment=\"1\">Hoolitse mootori eest<\/strong><br data-mce-fragment=\"1\" \/>Toode sisaldab X-1R metallihooldusvahendit.<\/p>\n<p data-mce-fragment=\"1\"><strong data-mce-fragment=\"1\">Pakend:<\/strong><br data-mce-fragment=\"1\" \/>946 ml<\/p>\n<p data-mce-fragment=\"1\"><strong data-mce-fragment=\"1\">Kuidas toode t\u00f6\u00f6tab?<\/strong><br data-mce-fragment=\"1\" \/>\u00d5li stabilisaator on igak\u00fclgne lisand vanematele mootoritele. Sellele lisatud puhastus- ja blokeerivad ained v\u00e4hendavad \u00f5li p\u00f5lemist, parandavad \u00f5li l\u00e4bitungimist ja hoiavad \u00e4ra k\u00fclmk\u00e4ivitusest p\u00f5hjustatud kahjustused. Samuti v\u00e4hendab see sinist suitsu, \u00f5likulu ja tihendi lekkeid.<\/p>\n<p data-mce-fragment=\"1\"><strong data-mce-fragment=\"1\">Toote eelised:<\/strong><\/p>\n<ul data-mce-fragment=\"1\">\n<li data-mce-fragment=\"1\">V\u00e4hendab \u00f5lilekkeid mootoris, k\u00e4igukastis ja<\/li>\n<li data-mce-fragment=\"1\">Rooliv\u00f5imendis<\/li>\n<li data-mce-fragment=\"1\">Minimeerib \u00f5li p\u00f5lemist, v\u00e4hendab sinist suitsu<\/li>\n<li data-mce-fragment=\"1\">Hoiab \u00e4ra k\u00fclmk\u00e4ivitusest p\u00f5hjustatud kahjustused<\/li>\n<li data-mce-fragment=\"1\">Pikendab \u00f5li eluiga kuni 75%<\/li>\n<li data-mce-fragment=\"1\">\u00dchildub k\u00f5igi s\u00fcnteetiliste ja mineraal\u00f5lidega<\/li>\n<li data-mce-fragment=\"1\">Minimeerib \u00fclekande- ja diferentsiaalm\u00fcra<\/li>\n<li data-mce-fragment=\"1\">Rikastatud d\/i valem<\/li>\n<\/ul>\n<p data-mce-fragment=\"1\"><strong data-mce-fragment=\"1\">Kasutuskohad:<\/strong><\/p>\n<ul data-mce-fragment=\"1\">\n<li data-mce-fragment=\"1\">vanemad mootorid jne vanem varustus<\/li>\n<\/ul>\n<p data-mce-fragment=\"1\"><strong data-mce-fragment=\"1\">Kasutamine:<\/strong><br data-mce-fragment=\"1\" \/>V\u00f5imalusel pane aine sooja masinasse. Kui vahetate \u00f5lid, pange k\u00f5igepealt tavaline \u00f5li ja seej\u00e4rel stabilisaator. Kasutage masinat, kuni stabilisaator on segunenud. \u00d5list kasutatakse 20%.<\/p>\n<p data-mce-fragment=\"1\"><a href=\"https:\/\/x1r.fi\/et\/files\/x1r2014.kotisivukone.com\/Kauttoturvallisuustiedotteet\/Oljyn_stabilointiaine.pdf\/\" data-mce-fragment=\"1\">OHUTUSKAART<\/a><\/p>","protected":false},"excerpt":{"rendered":"<p>&nbsp; \u00d6LJYN STABILOINTIAINETiiviste\u00f6ljyK\u00e4ytet\u00e4\u00e4n pident\u00e4m\u00e4\u00e4n vanhempien moottoreiden k\u00e4ytt\u00f6ik\u00e4\u00e4 ja ehk\u00e4isem\u00e4\u00e4n kylm\u00e4k\u00e4ynnistysvaurioita. Hoitaa moottoriaTuote sis\u00e4lt\u00e4\u00e4 X-\u00ad1R\u00ad metallinhoitoainetta. Pakkauskoot:946 ml Kuinka tuote toimii?\u00d6ljyn stabilointiaine on kokonaisvaltainen, vanhempien moottoreiden lis\u00e4aine. Siihen lis\u00e4tyt puhdistus- ja estoaineet minimoivat \u00f6ljyn palamista, parantavat \u00f6ljyn tunkeutumista ja ehk\u00e4isev\u00e4t kylm\u00e4k\u00e4ynnistyksess\u00e4 syntyvi\u00e4 vaurioita. Se my\u00f6s v\u00e4hent\u00e4\u00e4 sinisen savun muodostumista, \u00f6ljyn kulutusta ja tiivistevuotoja. Tuotteen edut: V\u00e4hent\u00e4\u00e4 [&hellip;]<\/p>\n","protected":false},"featured_media":267,"template":"","meta":[],"product_brand":[],"product_cat":[30],"product_tag":[],"class_list":{"0":"post-268","1":"product","2":"type-product","3":"status-publish","4":"has-post-thumbnail","6":"product_cat-erikoisoljyt","8":"first","9":"instock","10":"shipping-taxable","11":"product-type-simple"},"_links":{"self":[{"href":"https:\/\/x1r.fi\/et\/wp-json\/wp\/v2\/product\/268","targetHints":{"allow":["GET"]}}],"collection":[{"href":"https:\/\/x1r.fi\/et\/wp-json\/wp\/v2\/product"}],"about":[{"href":"https:\/\/x1r.fi\/et\/wp-json\/wp\/v2\/types\/product"}],"wp:featuredmedia":[{"embeddable":true,"href":"https:\/\/x1r.fi\/et\/wp-json\/wp\/v2\/media\/267"}],"wp:attachment":[{"href":"https:\/\/x1r.fi\/et\/wp-json\/wp\/v2\/media?parent=268"}],"wp:term":[{"taxonomy":"product_brand","embeddable":true,"href":"https:\/\/x1r.fi\/et\/wp-json\/wp\/v2\/product_brand?post=268"},{"taxonomy":"product_cat","embeddable":true,"href":"https:\/\/x1r.fi\/et\/wp-json\/wp\/v2\/product_cat?post=268"},{"taxonomy":"product_tag","embeddable":true,"href":"https:\/\/x1r.fi\/et\/wp-json\/wp\/v2\/product_tag?post=268"}],"curies":[{"name":"wp","href":"https:\/\/api.w.org\/{rel}","templated":true}]}}