{"id":272,"date":"2023-10-10T07:01:42","date_gmt":"2023-10-10T07:01:42","guid":{"rendered":"https:\/\/x1r.fi\/toode\/synteettinen-2-tahtioljy-2-5-l\/"},"modified":"2023-12-13T18:26:33","modified_gmt":"2023-12-13T18:26:33","slug":"sunteetiline-2-tahtioljy-2-5-l","status":"publish","type":"product","link":"https:\/\/x1r.fi\/et\/toode\/sunteetiline-2-tahtioljy-2-5-l\/","title":{"rendered":"S\u00fcnteetiline 2-takti\u00f5li 2.5L"},"content":{"rendered":"<p>&nbsp;<\/p>\n<p data-mce-fragment=\"1\"><strong data-mce-fragment=\"1\">S\u00fcnteetiline 2-takti\u00f5li<br data-mce-fragment=\"1\" \/><\/strong>Kasutatakse k\u00f5igis 2-taktilistes mootorites, et kaitsta mootorit, puhastada k\u00fctuses\u00fcsteemi ja parandada mootori j\u00f5udlust isegi k\u00fclmades tingimustes.<\/p>\n<p data-mce-fragment=\"1\"><strong data-mce-fragment=\"1\">Pakend:<\/strong><span data-mce-fragment=\"1\">\u00a02.5<\/span>\u00a0L, 5 L<\/p>\n<p data-mce-fragment=\"1\"><strong data-mce-fragment=\"1\">Kuidas toode t\u00f6\u00f6tab?<br data-mce-fragment=\"1\" \/><\/strong>Puhastab k\u00fctuses\u00fcsteemi, parandab mootori j\u00f5udlust ja kaitseb mootorit talvise stressi eest.<\/p>\n<p data-mce-fragment=\"1\"><strong data-mce-fragment=\"1\">Toote eelised:<\/strong><\/p>\n<ul data-mce-fragment=\"1\">\n<li data-mce-fragment=\"1\">Taastab hobuj\u00f5ud<\/li>\n<li data-mce-fragment=\"1\">M\u00e4\u00e4rib t\u00f5husalt<\/li>\n<li data-mce-fragment=\"1\">Teeb k\u00e4ivitamise lihtsamaks<\/li>\n<li data-mce-fragment=\"1\">Suitsuvaba ja l\u00f5hnatu<\/li>\n<li data-mce-fragment=\"1\">T\u00f6\u00f6tab ka k\u00fclmadel temperatuuridel<\/li>\n<\/ul>\n<p data-mce-fragment=\"1\"><strong data-mce-fragment=\"1\">Kasutuskohad:<\/strong><\/p>\n<ul data-mce-fragment=\"1\">\n<li data-mce-fragment=\"1\">mootorsaanid<\/li>\n<li data-mce-fragment=\"1\">muruniidukid<\/li>\n<li data-mce-fragment=\"1\">mootorsaed<\/li>\n<li data-mce-fragment=\"1\">p\u00e4ramootorid<\/li>\n<li data-mce-fragment=\"1\">mopeedid<\/li>\n<li data-mce-fragment=\"1\">mootorrattad<\/li>\n<\/ul>\n<p data-mce-fragment=\"1\"><strong data-mce-fragment=\"1\">Kasutamine:<\/strong>\u00a0<br data-mce-fragment=\"1\" \/>Kasutage sama segamissuhet, mida masina tootja soovitab mootori jaoks. N\u00e4iteks 3% ja 4 liitri bensiini segamissuhe on 1,2 dl.<\/p>\n<p data-mce-fragment=\"1\"><a href=\"https:\/\/x1r.fi\/et\/files\/x1r2014.kotisivukone.com\/Kauttoturvallisuustiedotteet\/Synteettinen_2-tahtioljy.pdf\/\" target=\"_blank\" rel=\"noopener\" data-mce-fragment=\"1\">OHUTUSKAART<\/a><\/p>","protected":false},"excerpt":{"rendered":"<p>&nbsp; Synteettinen 2-tahti\u00f6ljyK\u00e4ytet\u00e4\u00e4n kaikissa 2-tahtimoottoreissa suojaamaan moottoria, puhdistamaan bensaj\u00e4rjestelm\u00e4\u00e4 ja parantamaan moottorin suorituskyky\u00e4 my\u00f6s kylmiss\u00e4 olosuhteissa. Pakkauskoot:\u00a02.5\u00a0L, 5 L Kuinka tuote toimii?Puhdistaa bensaj\u00e4rjestelm\u00e4\u00e4, parantaa moottorin suorituskyky\u00e4 ja suojelee moottoria talven rasituksilta. Tuotteen edut: Palauttaa hevosvoimia Voitelee tehokkaasti Helpottaa k\u00e4ynnistyst\u00e4 Savuton ja hajuton Toimii my\u00f6s kylmiss\u00e4 l\u00e4mp\u00f6tiloissa K\u00e4ytt\u00f6kohteet: moottorikelkat ruohonleikkurit moottorisahat per\u00e4moottorit mopot moottoripy\u00f6r\u00e4t K\u00e4ytt\u00f6ohje:\u00a0K\u00e4yt\u00e4 samaa [&hellip;]<\/p>\n","protected":false},"featured_media":271,"template":"","meta":[],"product_brand":[],"product_cat":[30],"product_tag":[],"class_list":{"0":"post-272","1":"product","2":"type-product","3":"status-publish","4":"has-post-thumbnail","6":"product_cat-erikoisoljyt","8":"first","9":"instock","10":"shipping-taxable","11":"product-type-simple"},"_links":{"self":[{"href":"https:\/\/x1r.fi\/et\/wp-json\/wp\/v2\/product\/272","targetHints":{"allow":["GET"]}}],"collection":[{"href":"https:\/\/x1r.fi\/et\/wp-json\/wp\/v2\/product"}],"about":[{"href":"https:\/\/x1r.fi\/et\/wp-json\/wp\/v2\/types\/product"}],"wp:featuredmedia":[{"embeddable":true,"href":"https:\/\/x1r.fi\/et\/wp-json\/wp\/v2\/media\/271"}],"wp:attachment":[{"href":"https:\/\/x1r.fi\/et\/wp-json\/wp\/v2\/media?parent=272"}],"wp:term":[{"taxonomy":"product_brand","embeddable":true,"href":"https:\/\/x1r.fi\/et\/wp-json\/wp\/v2\/product_brand?post=272"},{"taxonomy":"product_cat","embeddable":true,"href":"https:\/\/x1r.fi\/et\/wp-json\/wp\/v2\/product_cat?post=272"},{"taxonomy":"product_tag","embeddable":true,"href":"https:\/\/x1r.fi\/et\/wp-json\/wp\/v2\/product_tag?post=272"}],"curies":[{"name":"wp","href":"https:\/\/api.w.org\/{rel}","templated":true}]}}