{"id":274,"date":"2023-10-10T07:01:45","date_gmt":"2023-10-10T07:01:45","guid":{"rendered":"https:\/\/x1r.fi\/toode\/ttl-10-l-liukupintojen-voiteluaine\/"},"modified":"2025-11-23T13:39:13","modified_gmt":"2025-11-23T13:39:13","slug":"ttl-10-l-libiseva-pinna-maardeaine","status":"publish","type":"product","link":"https:\/\/x1r.fi\/et\/toode\/ttl-10-l-libiseva-pinna-maardeaine\/","title":{"rendered":"TTL 10 L \u2013 Liugpinna\u00f5li"},"content":{"rendered":"<p>&nbsp;<\/p>\n<p data-mce-fragment=\"1\"><strong data-mce-fragment=\"1\">R\u00d6\u00d6BASTEE M\u00c4\u00c4RDEAINE<\/strong><br data-mce-fragment=\"1\" \/>Liugpindade m\u00e4\u00e4rdeaine \/ spetsiaalne \u00f5li.<br data-mce-fragment=\"1\" \/>Kasutatakse m\u00e4\u00e4rimiseks ja h\u00f5\u00f5rdumise v\u00e4hendamiseks tugevate pinnasurvete korral t\u00f6\u00f6stuses ja rasketes seadmetes.<\/p>\n<p data-mce-fragment=\"1\"><strong data-mce-fragment=\"1\">Pakend:<\/strong><br data-mce-fragment=\"1\" \/>400 ml, 10 L<\/p>\n<p data-mce-fragment=\"1\"><strong data-mce-fragment=\"1\">Kuidas toode t\u00f6\u00f6tab?<\/strong><br data-mce-fragment=\"1\" \/>T\u00e4nu TTL m\u00e4\u00e4rdeaine suurep\u00e4rasele l\u00e4bitungimisv\u00f5imele satub see ka kitsamatesse kohtadesse. M\u00e4\u00e4rdeaine kleepub metallpinnale, muutes selle siledamaks ning v\u00e4hendades oluliselt metallpindade vahelist h\u00f5\u00f5rdumist ja kulumist.<\/p>\n<p data-mce-fragment=\"1\"><strong data-mce-fragment=\"1\">Toote eelised:<\/strong><\/p>\n<ul data-mce-fragment=\"1\">\n<li data-mce-fragment=\"1\">Talub tugevat pinnasurvet<\/li>\n<li data-mce-fragment=\"1\">M\u00e4\u00e4rib t\u00f5husalt<\/li>\n<li data-mce-fragment=\"1\">Kaitseb kulumise eest<\/li>\n<li data-mce-fragment=\"1\">Kaitseb roostetamise eest<\/li>\n<li data-mce-fragment=\"1\">Suurep\u00e4rane l\u00e4bitung<\/li>\n<\/ul>\n<p data-mce-fragment=\"1\"><strong data-mce-fragment=\"1\">Kasutuskohad:<\/strong><\/p>\n<ul data-mce-fragment=\"1\">\n<li data-mce-fragment=\"1\">t\u00f6\u00f6stuslik<\/li>\n<li data-mce-fragment=\"1\">rasketehnika<\/li>\n<li data-mce-fragment=\"1\">kraanaauto poomid<\/li>\n<li data-mce-fragment=\"1\">pingutid<\/li>\n<li data-mce-fragment=\"1\">p\u00f5rkemehhanismid<\/li>\n<li data-mce-fragment=\"1\">ekstraktorid<\/li>\n<li data-mce-fragment=\"1\">t\u00f5stetavad uksed<\/li>\n<li data-mce-fragment=\"1\">p\u00f5llut\u00f6\u00f6riistad<\/li>\n<li data-mce-fragment=\"1\">Majapidamistes, nt k\u00e4\u00e4rid ja hinged<\/li>\n<\/ul>\n<p data-mce-fragment=\"1\"><strong data-mce-fragment=\"1\">Kasutamine:<\/strong><br data-mce-fragment=\"1\" \/><br data-mce-fragment=\"1\" \/>Seda kasutatakse nagu teisi metallpindadel kasutatavaid m\u00e4\u00e4rdeaineid.<br data-mce-fragment=\"1\" \/>Kasutatakse m\u00e4\u00e4rimiseks ja h\u00f5\u00f5rdumise v\u00e4hendamiseks t\u00f6\u00f6stuslikes ja rasketes masinates\u00a0<br data-mce-fragment=\"1\" \/>pinnar\u00f5hkudes.<\/p>\n<p data-mce-fragment=\"1\"><strong data-mce-fragment=\"1\">VR VALIK!<\/strong><br data-mce-fragment=\"1\" \/>VR kasutab libisevate pindade m\u00e4\u00e4rimiseks TTL-i.<\/p>\n<p data-mce-fragment=\"1\"><a href=\"https:\/\/x1r.fi\/et\/files\/x1r2014.kotisivukone.com\/Kauttoturvallisuustiedotteet\/TTL_spray.pdf\/\" target=\"_blank\" rel=\"noopener\" data-mce-fragment=\"1\">OHUTUSKAART<\/a><\/p>","protected":false},"excerpt":{"rendered":"<p>&nbsp; TRAIN TRACK LUBELiukupintojen voiteluaine \/ erikois\u00f6ljy.K\u00e4ytet\u00e4\u00e4n voitelemaan ja v\u00e4hent\u00e4m\u00e4\u00e4n kitkaa teollisuuden ja raskaan kaluston kovissa pintapaineissa. Pakkauskoot:400 ml, 10 L Kuinka tuote toimii?TTL-voiteluaineen erinomaisen tunkeutumiskyvyn johdosta se p\u00e4\u00e4see ahtaampiinkin paikkoihin. Voiteluaine tarttuu kiinni metallin pintaan tehden siit\u00e4 tasaisemman ja v\u00e4hent\u00e4en merkitt\u00e4v\u00e4sti metallipintojen v\u00e4list\u00e4 kitkaa ja kulumista. Tuotteen edut: Kest\u00e4\u00e4 kovia pintapaineita Voitelee tehokkaasti Suojaa [&hellip;]<\/p>\n","protected":false},"featured_media":273,"template":"","meta":[],"product_brand":[],"product_cat":[31],"product_tag":[],"class_list":{"0":"post-274","1":"product","2":"type-product","3":"status-publish","4":"has-post-thumbnail","6":"product_cat-voiteluaineet-ja-rasvat","8":"first","9":"instock","10":"shipping-taxable","11":"product-type-simple"},"_links":{"self":[{"href":"https:\/\/x1r.fi\/et\/wp-json\/wp\/v2\/product\/274","targetHints":{"allow":["GET"]}}],"collection":[{"href":"https:\/\/x1r.fi\/et\/wp-json\/wp\/v2\/product"}],"about":[{"href":"https:\/\/x1r.fi\/et\/wp-json\/wp\/v2\/types\/product"}],"wp:featuredmedia":[{"embeddable":true,"href":"https:\/\/x1r.fi\/et\/wp-json\/wp\/v2\/media\/273"}],"wp:attachment":[{"href":"https:\/\/x1r.fi\/et\/wp-json\/wp\/v2\/media?parent=274"}],"wp:term":[{"taxonomy":"product_brand","embeddable":true,"href":"https:\/\/x1r.fi\/et\/wp-json\/wp\/v2\/product_brand?post=274"},{"taxonomy":"product_cat","embeddable":true,"href":"https:\/\/x1r.fi\/et\/wp-json\/wp\/v2\/product_cat?post=274"},{"taxonomy":"product_tag","embeddable":true,"href":"https:\/\/x1r.fi\/et\/wp-json\/wp\/v2\/product_tag?post=274"}],"curies":[{"name":"wp","href":"https:\/\/api.w.org\/{rel}","templated":true}]}}