{"id":276,"date":"2023-10-10T07:01:46","date_gmt":"2023-10-10T07:01:46","guid":{"rendered":"https:\/\/x1r.fi\/toode\/ttl-spray-400ml-liukupintojen-voiteluaine\/"},"modified":"2025-12-05T07:38:04","modified_gmt":"2025-12-05T07:38:04","slug":"ttl-spray-400ml-libiseva-pinna-maardeaine","status":"publish","type":"product","link":"https:\/\/x1r.fi\/et\/toode\/ttl-spray-400ml-libiseva-pinna-maardeaine\/","title":{"rendered":"TTL aerosool 400ml \u2013 Liugpinna\u00f5li"},"content":{"rendered":"<p><strong>R\u00d6\u00d6BASTEE M\u00c4\u00c4RDEAINE<\/strong><br \/>\nLiugpindade m\u00e4\u00e4rdeaine \/ spetsiaalne \u00f5li.<br \/>\nKasutatakse m\u00e4\u00e4rimiseks ja h\u00f5\u00f5rdumise v\u00e4hendamiseks tugevate pinnasurvete korral t\u00f6\u00f6stuses ja rasketes seadmetes.<\/p>\n<p><strong>Pakend:<\/strong><br \/>\n400 ml, 10 L<\/p>\n<p><strong>Kuidas toode t\u00f6\u00f6tab?<\/strong><br \/>\nT\u00e4nu TTL m\u00e4\u00e4rdeaine suurep\u00e4rasele l\u00e4bitungimisv\u00f5imele satub see ka kitsamatesse kohtadesse. M\u00e4\u00e4rdeaine kleepub metallpinnale, muutes selle siledamaks ning v\u00e4hendades oluliselt metallpindade vahelist h\u00f5\u00f5rdumist ja kulumist.<\/p>\n<p><strong>Toote eelised:<\/strong><\/p>\n<ul>\n<li>Talub tugevat pinnasurvet<\/li>\n<li>M\u00e4\u00e4rib t\u00f5husalt<\/li>\n<li>Kaitseb kulumise eest<\/li>\n<li>Kaitseb roostetamise eest<\/li>\n<li>Suurep\u00e4rane l\u00e4bitung<\/li>\n<\/ul>\n<p><strong>Kasutuskohad:<\/strong><\/p>\n<ul>\n<li>t\u00f6\u00f6stuslik<\/li>\n<li>rasketehnika<\/li>\n<li>kraanaauto poomid<\/li>\n<li>pingutid<\/li>\n<li>p\u00f5rkemehhanismid<\/li>\n<li>ekstraktorid<\/li>\n<li>t\u00f5stetavad uksed<\/li>\n<li>p\u00f5llut\u00f6\u00f6riistad<\/li>\n<li>Majapidamistes, nt k\u00e4\u00e4rid ja hinged<\/li>\n<\/ul>\n<p><strong>Kasutamine:<\/strong><\/p>\n<p>Seda kasutatakse nagu teisi metallpindadel kasutatavaid m\u00e4\u00e4rdeaineid.<br \/>\nKasutatakse m\u00e4\u00e4rimiseks ja h\u00f5\u00f5rdumise v\u00e4hendamiseks t\u00f6\u00f6stuslikes ja rasketes masinates<br \/>\npinnar\u00f5hkudes.<\/p>\n<p><strong>VR VALIK!<\/strong><br \/>\nVR kasutab libisevate pindade m\u00e4\u00e4rimiseks TTL-i.<\/p>\n<div class=\"sdm_download_button_box_default\"><div class=\"sdm_download_link\"><span class=\"sdm_enter_password_label_text\">Enter Password to Download:<\/span><form action=\"https:\/\/x1r.fi\/et\/?sdm_process_download=1&#038;download_id=928\" method=\"post\" id=\"sdm-pass-69de6cd5b9779\" class=\"sdm-download-form\" data-trp-original-action=\"https:\/\/x1r.fi\/?sdm_process_download=1&download_id=928\"><input type=\"password\" name=\"pass_text\" class=\"sdm_pass_text\" value=\"\" \/> <span class=\"sdm-download-button\"><a href=\"#\" name=\"sdm_dl_pass_submit\" class=\"pass_sumbit sdm_pass_protected_download sdm_download_with_condition sdm_download orange\">K\u00e4ytt\u00f6turvallisuustiedote (KTT)<\/a><\/span><input type=\"hidden\" name=\"download_id\" value=\"928\" \/><input type=\"hidden\" name=\"trp-form-language\" value=\"et\"\/><\/form><\/div><\/div>\n<div class=\"sdm_download_button_box_default\"><div class=\"sdm_download_link\"><span class=\"sdm_enter_password_label_text\">Enter Password to Download:<\/span><form action=\"https:\/\/x1r.fi\/et\/?sdm_process_download=1&#038;download_id=931\" method=\"post\" id=\"sdm-pass-69de6cd5b9821\" class=\"sdm-download-form\" data-trp-original-action=\"https:\/\/x1r.fi\/?sdm_process_download=1&download_id=931\"><input type=\"password\" name=\"pass_text\" class=\"sdm_pass_text\" value=\"\" \/> <span class=\"sdm-download-button\"><a href=\"#\" name=\"sdm_dl_pass_submit\" class=\"pass_sumbit sdm_pass_protected_download sdm_download_with_condition sdm_download orange\">S\u00e4kerhetsdatablad<\/a><\/span><input type=\"hidden\" name=\"download_id\" value=\"931\" \/><input type=\"hidden\" name=\"trp-form-language\" value=\"et\"\/><\/form><\/div><\/div>","protected":false},"excerpt":{"rendered":"<p>TRAIN TRACK LUBE Liukupintojen voiteluaine \/ erikois\u00f6ljy. K\u00e4ytet\u00e4\u00e4n voitelemaan ja v\u00e4hent\u00e4m\u00e4\u00e4n kitkaa teollisuuden ja raskaan kaluston kovissa pintapaineissa. Pakkauskoot: 400 ml, 10 L Kuinka tuote toimii? TTL-voiteluaineen erinomaisen tunkeutumiskyvyn johdosta se p\u00e4\u00e4see ahtaampiinkin paikkoihin. Voiteluaine tarttuu kiinni metallin pintaan tehden siit\u00e4 tasaisemman ja v\u00e4hent\u00e4en merkitt\u00e4v\u00e4sti metallipintojen v\u00e4list\u00e4 kitkaa ja kulumista. Tuotteen edut: Kest\u00e4\u00e4 kovia pintapaineita [&hellip;]<\/p>\n","protected":false},"featured_media":275,"template":"","meta":[],"product_brand":[],"product_cat":[32],"product_tag":[],"class_list":{"0":"post-276","1":"product","2":"type-product","3":"status-publish","4":"has-post-thumbnail","6":"product_cat-aerosolit","8":"first","9":"instock","10":"shipping-taxable","11":"product-type-simple"},"_links":{"self":[{"href":"https:\/\/x1r.fi\/et\/wp-json\/wp\/v2\/product\/276","targetHints":{"allow":["GET"]}}],"collection":[{"href":"https:\/\/x1r.fi\/et\/wp-json\/wp\/v2\/product"}],"about":[{"href":"https:\/\/x1r.fi\/et\/wp-json\/wp\/v2\/types\/product"}],"wp:featuredmedia":[{"embeddable":true,"href":"https:\/\/x1r.fi\/et\/wp-json\/wp\/v2\/media\/275"}],"wp:attachment":[{"href":"https:\/\/x1r.fi\/et\/wp-json\/wp\/v2\/media?parent=276"}],"wp:term":[{"taxonomy":"product_brand","embeddable":true,"href":"https:\/\/x1r.fi\/et\/wp-json\/wp\/v2\/product_brand?post=276"},{"taxonomy":"product_cat","embeddable":true,"href":"https:\/\/x1r.fi\/et\/wp-json\/wp\/v2\/product_cat?post=276"},{"taxonomy":"product_tag","embeddable":true,"href":"https:\/\/x1r.fi\/et\/wp-json\/wp\/v2\/product_tag?post=276"}],"curies":[{"name":"wp","href":"https:\/\/api.w.org\/{rel}","templated":true}]}}