{"id":278,"date":"2023-10-10T07:01:48","date_gmt":"2023-10-10T07:01:48","guid":{"rendered":"https:\/\/x1r.fi\/toode\/ketjuoljy-spray-400-ml-tehokas-voitelu-ja-suoja\/"},"modified":"2025-12-05T07:26:21","modified_gmt":"2025-12-05T07:26:21","slug":"ketjuoljy-spray-400-ml-tehokas-voitelu-ja-suoja","status":"publish","type":"product","link":"https:\/\/x1r.fi\/et\/toode\/ketjuoljy-spray-400-ml-tehokas-voitelu-ja-suoja\/","title":{"rendered":"Keti\u00f5li aerosool 400 ml \u2013 t\u00f5hus m\u00e4\u00e4rimine ja kaitse"},"content":{"rendered":"<p data-mce-fragment=\"1\"><strong data-mce-fragment=\"1\">M\u00e4\u00e4rde\u00f5li kettidele<\/strong><br data-mce-fragment=\"1\" \/>Kasutatakse k\u00f5igi kettide t\u00f5husaks m\u00e4\u00e4rimiseks ja kaitseks.<\/p>\n<p data-mce-fragment=\"1\"><strong data-mce-fragment=\"1\">Vastupidav kaitse<\/strong><br data-mce-fragment=\"1\" \/>\u00d5li ei pritsi ega kuiva \u00e4ra.<\/p>\n<p data-mce-fragment=\"1\"><strong data-mce-fragment=\"1\">Pakend:<\/strong><br data-mce-fragment=\"1\" \/>400 ml spray<\/p>\n<p data-mce-fragment=\"1\"><strong data-mce-fragment=\"1\">Kuidas toode t\u00f6\u00f6tab?<\/strong><br data-mce-fragment=\"1\" \/>Toode on spetsiaalselt loodud kettide m\u00e4\u00e4rimiseks. Aine tungib v\u00e4ga h\u00e4sti keti \u00fchenduskohtadesse, moodustades kerge vastupidava pinna. X-1R keti\u00f5li kaitseb vee, tolmu ja mustuse eest ning ei pritsi ega kuiva \u00e4ra.<\/p>\n<p data-mce-fragment=\"1\"><strong data-mce-fragment=\"1\">Toote eelised:<\/strong><\/p>\n<ul data-mce-fragment=\"1\">\n<li data-mce-fragment=\"1\">Tungib v\u00e4ga h\u00e4sti keti \u00fchenduskohtadesse, moodustades kerge ja vastupidava pinna<\/li>\n<li data-mce-fragment=\"1\">Kaitseb vee, tolmu ja lmustuse eest<\/li>\n<li data-mce-fragment=\"1\">Talub tugevat pinnasurvet<\/li>\n<\/ul>\n<p><strong data-mce-fragment=\"1\">Kasutuskohad:<\/strong><\/p>\n<ul data-mce-fragment=\"1\">\n<li data-mce-fragment=\"1\">t\u00f6\u00f6stus\/p\u00f5llumajandusketid<\/li>\n<li data-mce-fragment=\"1\">mootorrattad ja mopeedid<\/li>\n<li data-mce-fragment=\"1\">jalgrattad<\/li>\n<li data-mce-fragment=\"1\">toode sobib ka O-r\u00f5ngaskettidele<\/li>\n<\/ul>\n<p data-mce-fragment=\"1\"><strong data-mce-fragment=\"1\">Kasutamine:<\/strong><br data-mce-fragment=\"1\" \/>Algul pihustage toodet mitu korda ketile, kuni see on vuukideni imendunud. P\u00e4rast seda piisab tavalisest m\u00e4\u00e4rimisest.<\/p>\n<p>&nbsp;<\/p>","protected":false},"excerpt":{"rendered":"<p>Ketjujen voitelu\u00f6ljyK\u00e4ytet\u00e4\u00e4n kaikkien ketjujen tehokkaaseen voiteluun ja suojaamiseen. Kest\u00e4v\u00e4\u00e4 suojaa\u00d6ljy ei linkoudu eik\u00e4 kuivaa pois. Pakkauskoot:400 ml spray Kuinka tuote toimii?Tuote on suunniteltu erityisesti ketjujen voiteluun. Aine tunkeutuu eritt\u00e4in hyvin ketjun niveliin muodostaen kevyen kest\u00e4v\u00e4n pinnan. X-1R-ketju\u00f6ljy suojaa vedelt\u00e4, p\u00f6lylt\u00e4 ja ep\u00e4puhtauksilta, eik\u00e4 se linkoudu tai kuivaa pois. Tuotteen edut: Tunkeutuu eritt\u00e4in hyvin ketjun niveliin [&hellip;]<\/p>\n","protected":false},"featured_media":277,"template":"","meta":[],"product_brand":[],"product_cat":[32],"product_tag":[],"class_list":{"0":"post-278","1":"product","2":"type-product","3":"status-publish","4":"has-post-thumbnail","6":"product_cat-aerosolit","8":"first","9":"instock","10":"shipping-taxable","11":"product-type-simple"},"_links":{"self":[{"href":"https:\/\/x1r.fi\/et\/wp-json\/wp\/v2\/product\/278","targetHints":{"allow":["GET"]}}],"collection":[{"href":"https:\/\/x1r.fi\/et\/wp-json\/wp\/v2\/product"}],"about":[{"href":"https:\/\/x1r.fi\/et\/wp-json\/wp\/v2\/types\/product"}],"wp:featuredmedia":[{"embeddable":true,"href":"https:\/\/x1r.fi\/et\/wp-json\/wp\/v2\/media\/277"}],"wp:attachment":[{"href":"https:\/\/x1r.fi\/et\/wp-json\/wp\/v2\/media?parent=278"}],"wp:term":[{"taxonomy":"product_brand","embeddable":true,"href":"https:\/\/x1r.fi\/et\/wp-json\/wp\/v2\/product_brand?post=278"},{"taxonomy":"product_cat","embeddable":true,"href":"https:\/\/x1r.fi\/et\/wp-json\/wp\/v2\/product_cat?post=278"},{"taxonomy":"product_tag","embeddable":true,"href":"https:\/\/x1r.fi\/et\/wp-json\/wp\/v2\/product_tag?post=278"}],"curies":[{"name":"wp","href":"https:\/\/api.w.org\/{rel}","templated":true}]}}