{"id":280,"date":"2023-10-10T07:01:49","date_gmt":"2023-10-10T07:01:49","guid":{"rendered":"https:\/\/x1r.fi\/toode\/atg-sprayvaseliini-400ml-kaikkiin-lampotiloihin\/"},"modified":"2025-12-05T07:22:07","modified_gmt":"2025-12-05T07:22:07","slug":"atg-spray-geel-400ml-koikidele-lambiruumidele","status":"publish","type":"product","link":"https:\/\/x1r.fi\/et\/toode\/atg-spray-geel-400ml-koikidele-lambiruumidele\/","title":{"rendered":"ATG pihustatav vaseliin 400ml \u2013 K\u00f5igile temperatuuridele"},"content":{"rendered":"<p><strong>K\u00d5IK TEMP RASVAD<\/strong><\/p>\n<div class=\"ws_pro_description\">\n<div class=\"description long\">\n<p>Pihustatav m\u00e4\u00e4re k\u00f5ikidele temperatuuridele -  ATG pihustatav vaseliin. Veekindel universaalne m\u00e4\u00e4rdeaine, mis kaitseb rooste ja kulumise eest.<\/p>\n<p><strong>Pakend:<\/strong><br \/>\n400 ml spray<\/p>\n<p><strong>Kuidas toode t\u00f6\u00f6tab?<\/strong><br \/>\nATG pihustatav vaseliin nakkub h\u00e4sti pinnale, kuid ei kleepu. See m\u00e4\u00e4rib, kaitseb rooste ja kulumise eest ning on temperatuurik\u00f5ikumiste-  ja veekindel.<\/p>\n<p><strong>Toote eelised:<\/strong><\/p>\n<ul>\n<li>M\u00e4\u00e4rib igal aastaajal k\u00f5rgel ja madalal temperatuuril<\/li>\n<li>Nakkub ja p\u00fcsib h\u00e4sti, kuid ei kleepu<\/li>\n<li>Kaitseb t\u00f5husalt kulumise eest \u2013 pikendab eseme kasutusiga<\/li>\n<li>Talub suuri koormusi<\/li>\n<li>T\u00f5hus kaitse roostetamise vastu<\/li>\n<li>Talub nii magedat kui soolast vett<\/li>\n<li>Ei sisalda kahjulikke lahusteid<\/li>\n<\/ul>\n<p><strong>Kasutuskohad:<\/strong><\/p>\n<ul>\n<li>metsamasinad<\/li>\n<li>p\u00f5llumajandustehnika<\/li>\n<li>paadid, laevad<\/li>\n<li>suurep\u00e4rane tihvtim\u00e4\u00e4re<\/li>\n<li>laagrid<\/li>\n<\/ul>\n<p><strong>Kasutamine:<\/strong><br \/>\nPihustage ainet kasutuskohale. Toode pakub p\u00fcsivat kaitset ja m\u00e4\u00e4rimist.<\/p>\n<p><strong>Mitmek\u00fclgne!<\/strong><br \/>\nSobib k\u00f5ikidele m\u00e4\u00e4rdega m\u00e4\u00e4ritud objektidele.<\/p>\n<p><strong>Koostis:<\/strong><br \/>\nX-1R ATG m\u00e4\u00e4rdeaine ja propaan\/butaan<\/p>\n<div class=\"sdm_download_button_box_default\"><div class=\"sdm_download_link\"><span class=\"sdm_enter_password_label_text\">Enter Password to Download:<\/span><form action=\"https:\/\/x1r.fi\/et\/?sdm_process_download=1&#038;download_id=906\" method=\"post\" id=\"sdm-pass-69efab68b7f3b\" class=\"sdm-download-form\" data-trp-original-action=\"https:\/\/x1r.fi\/?sdm_process_download=1&download_id=906\"><input type=\"password\" name=\"pass_text\" class=\"sdm_pass_text\" value=\"\" \/> <span class=\"sdm-download-button\"><a href=\"#\" name=\"sdm_dl_pass_submit\" class=\"pass_sumbit sdm_pass_protected_download sdm_download_with_condition sdm_download orange\">K\u00e4ytt\u00f6turvallisuustiedote (KTT)<\/a><\/span><input type=\"hidden\" name=\"download_id\" value=\"906\" \/><input type=\"hidden\" name=\"trp-form-language\" value=\"et\"\/><\/form><\/div><\/div>\n<div class=\"sdm_download_button_box_default\"><div class=\"sdm_download_link\"><span class=\"sdm_enter_password_label_text\">Enter Password to Download:<\/span><form action=\"https:\/\/x1r.fi\/et\/?sdm_process_download=1&#038;download_id=910\" method=\"post\" id=\"sdm-pass-69efab68b7fe6\" class=\"sdm-download-form\" data-trp-original-action=\"https:\/\/x1r.fi\/?sdm_process_download=1&download_id=910\"><input type=\"password\" name=\"pass_text\" class=\"sdm_pass_text\" value=\"\" \/> <span class=\"sdm-download-button\"><a href=\"#\" name=\"sdm_dl_pass_submit\" class=\"pass_sumbit sdm_pass_protected_download sdm_download_with_condition sdm_download orange\">S\u00e4kerhetsdatablad<\/a><\/span><input type=\"hidden\" name=\"download_id\" value=\"910\" \/><input type=\"hidden\" name=\"trp-form-language\" value=\"et\"\/><\/form><\/div><\/div>\n<\/div>\n<\/div>","protected":false},"excerpt":{"rendered":"<p>ALL TEMP GREASE Kaikkien l\u00e4mp\u00f6tilojen voitelurasva ATG-sprayvaseliini. Vedenkest\u00e4v\u00e4 yleisvoiteluaine, joka suojaa ruostumiselta ja kulumiselta. Pakkauskoot: 400 ml spray Kuinka tuote toimii? ATG-sprayvaseliini kiinnittyy hyvin pintaan kiinni, mutta ei tahmaa. Se voitelee, suojaa ruostumiselta ja kulumiselta sek\u00e4 kest\u00e4\u00e4 l\u00e4mp\u00f6tilan vaihtelua ja vett\u00e4. Tuotteen edut: Voitelee kaikkina vuodenaikoina korkeissa ja matalissa l\u00e4mp\u00f6tiloissa Kiinnittyy ja pysyy hyvin mutta [&hellip;]<\/p>\n","protected":false},"featured_media":279,"template":"","meta":[],"product_brand":[],"product_cat":[32],"product_tag":[19],"class_list":{"0":"post-280","1":"product","2":"type-product","3":"status-publish","4":"has-post-thumbnail","6":"product_cat-aerosolit","7":"product_tag-aerosolit","9":"first","10":"instock","11":"shipping-taxable","12":"product-type-simple"},"_links":{"self":[{"href":"https:\/\/x1r.fi\/et\/wp-json\/wp\/v2\/product\/280","targetHints":{"allow":["GET"]}}],"collection":[{"href":"https:\/\/x1r.fi\/et\/wp-json\/wp\/v2\/product"}],"about":[{"href":"https:\/\/x1r.fi\/et\/wp-json\/wp\/v2\/types\/product"}],"wp:featuredmedia":[{"embeddable":true,"href":"https:\/\/x1r.fi\/et\/wp-json\/wp\/v2\/media\/279"}],"wp:attachment":[{"href":"https:\/\/x1r.fi\/et\/wp-json\/wp\/v2\/media?parent=280"}],"wp:term":[{"taxonomy":"product_brand","embeddable":true,"href":"https:\/\/x1r.fi\/et\/wp-json\/wp\/v2\/product_brand?post=280"},{"taxonomy":"product_cat","embeddable":true,"href":"https:\/\/x1r.fi\/et\/wp-json\/wp\/v2\/product_cat?post=280"},{"taxonomy":"product_tag","embeddable":true,"href":"https:\/\/x1r.fi\/et\/wp-json\/wp\/v2\/product_tag?post=280"}],"curies":[{"name":"wp","href":"https:\/\/api.w.org\/{rel}","templated":true}]}}