{"id":284,"date":"2023-10-10T07:01:54","date_gmt":"2023-10-10T07:01:54","guid":{"rendered":"https:\/\/x1r.fi\/toode\/teraketjuoljy-10-l\/"},"modified":"2023-12-13T18:11:29","modified_gmt":"2023-12-13T18:11:29","slug":"teraketjuoljy-10-l","status":"publish","type":"product","link":"https:\/\/x1r.fi\/et\/toode\/teraketjuoljy-10-l\/","title":{"rendered":"Keti\u00f5li 10L"},"content":{"rendered":"<p>&nbsp;<\/p>\n<p data-mce-fragment=\"1\">Kaitseb ketti ja tera \u00e4\u00e4rikut, t\u00e4nu biolagunevale lisandile on kulu 30% v\u00e4iksem v\u00f5rreldes traditsioonilise keti\u00f5liga.<\/p>\n<div class=\"description long\" data-mce-fragment=\"1\">\n<p data-mce-fragment=\"1\">Metallist konditsioneeriga X-1R keti\u00f5li n\u00f5udlikesse oludesse. Suurendab metallpinna tihedust, muutes metallpinna k\u00f5vemaks ja siledamaks. Kaitseb keti ja tera \u00e4\u00e4rikut ning pikendab nende kasutusiga. Sobib kasutamiseks saeveskites, harvesterites ja transpordikettides. Aitab hoida loodust puhtana. Tagab parima v\u00f5imaliku m\u00e4\u00e4rimise ja X-1R labaketi\u00f5li kulu on t\u00e4nu biolagunevatele lisanditele 30% madalam v\u00f5rreldes traditsioonilise keti\u00f5liga.<\/p>\n<p data-mce-fragment=\"1\">\n<table class=\"tynimce_table\" border=\"0\" data-mce-fragment=\"1\">\n<tbody data-mce-fragment=\"1\">\n<tr data-mce-fragment=\"1\">\n<td data-mce-fragment=\"1\"><strong data-mce-fragment=\"1\">Omadused<\/strong><\/td>\n<\/tr>\n<tr data-mce-fragment=\"1\">\n<td data-mce-fragment=\"1\">\n<ul data-mce-fragment=\"1\">\n<li data-mce-fragment=\"1\">Suurendab metallpinna tihedust, muutes metallpinna k\u00f5vemaks ja siledamaks.<br data-mce-fragment=\"1\" \/><\/li>\n<li data-mce-fragment=\"1\">Kaitseb keti ja tera \u00e4\u00e4rikut ning pikendab nende kasutusiga.<\/li>\n<\/ul>\n<p data-mce-fragment=\"1\">\n<\/td>\n<\/tr>\n<tr data-mce-fragment=\"1\">\n<td data-mce-fragment=\"1\">\n<p data-mce-fragment=\"1\"><strong data-mce-fragment=\"1\">Rohkem informatsiooni<\/strong><\/p>\n<\/td>\n<\/tr>\n<tr data-mce-fragment=\"1\">\n<td data-mce-fragment=\"1\">\n<ul data-mce-fragment=\"1\">\n<li data-mce-fragment=\"1\">\u00a0Sisaldab X-1R metallihooldusvahendit.<\/li>\n<\/ul>\n<\/td>\n<\/tr>\n<\/tbody>\n<\/table>\n<\/div>","protected":false},"excerpt":{"rendered":"<p>&nbsp; Suojaa ketjua ja ter\u00e4laippaa, kulutus biohajoavan lis\u00e4aineistuksen ansiosta on 30% pienempi perinteiseen ketju\u00f6ljyyn verrattuna. X-1R\u00a0metallinhoitoainetta sis\u00e4lt\u00e4v\u00e4 ter\u00e4ketju\u00f6ljy vaativiin olosuhteisiin. Lis\u00e4\u00e4 metallipinnan tiheytt\u00e4 tehden metallipinnan kovemmaksi ja tasaisemmaksi. Suojaa ketjua ja ter\u00e4laippaa ja lis\u00e4\u00e4 niiden k\u00e4ytt\u00f6ik\u00e4\u00e4. Sopii k\u00e4ytett\u00e4v\u00e4ksi sahoissa, harvestereissa ja kuljetusketjuissa. Auttaa pit\u00e4m\u00e4\u00e4n luontoa puhtaana. Antaa parasta mahdollista voitelua ja X-1R ter\u00e4ketju\u00f6ljyn kulutus biohajoavan [&hellip;]<\/p>\n","protected":false},"featured_media":283,"template":"","meta":[],"product_brand":[],"product_cat":[31],"product_tag":[],"class_list":{"0":"post-284","1":"product","2":"type-product","3":"status-publish","4":"has-post-thumbnail","6":"product_cat-voiteluaineet-ja-rasvat","8":"first","9":"instock","10":"shipping-taxable","11":"product-type-simple"},"_links":{"self":[{"href":"https:\/\/x1r.fi\/et\/wp-json\/wp\/v2\/product\/284","targetHints":{"allow":["GET"]}}],"collection":[{"href":"https:\/\/x1r.fi\/et\/wp-json\/wp\/v2\/product"}],"about":[{"href":"https:\/\/x1r.fi\/et\/wp-json\/wp\/v2\/types\/product"}],"wp:featuredmedia":[{"embeddable":true,"href":"https:\/\/x1r.fi\/et\/wp-json\/wp\/v2\/media\/283"}],"wp:attachment":[{"href":"https:\/\/x1r.fi\/et\/wp-json\/wp\/v2\/media?parent=284"}],"wp:term":[{"taxonomy":"product_brand","embeddable":true,"href":"https:\/\/x1r.fi\/et\/wp-json\/wp\/v2\/product_brand?post=284"},{"taxonomy":"product_cat","embeddable":true,"href":"https:\/\/x1r.fi\/et\/wp-json\/wp\/v2\/product_cat?post=284"},{"taxonomy":"product_tag","embeddable":true,"href":"https:\/\/x1r.fi\/et\/wp-json\/wp\/v2\/product_tag?post=284"}],"curies":[{"name":"wp","href":"https:\/\/api.w.org\/{rel}","templated":true}]}}