{"id":292,"date":"2023-10-10T07:02:04","date_gmt":"2023-10-10T07:02:04","guid":{"rendered":"https:\/\/x1r.fi\/toode\/ht-600-spray-400ml\/"},"modified":"2025-11-23T13:33:02","modified_gmt":"2025-11-23T13:33:02","slug":"ht-600-spray-400ml","status":"publish","type":"product","link":"https:\/\/x1r.fi\/et\/toode\/ht-600-spray-400ml\/","title":{"rendered":"HT-600-aerosool 400ml"},"content":{"rendered":"<p>&nbsp;<\/p>\n<div class=\"ws_pro_description\" data-mce-fragment=\"1\">\n<p data-mce-fragment=\"1\">K\u00f5rge temperatuuriga l\u00e4bitungiv m\u00e4\u00e4rdeaine. Esmaklassiline h\u00f5\u00f5rdumise reduktor. Toote k\u00f5rgeim potentsiaal avaldub k\u00f5rgetes temperatuurides.<\/p>\n<div class=\"description long\" data-mce-fragment=\"1\">\n<p data-mce-fragment=\"1\">Esmaklassiline h\u00f5\u00f5rdumise reduktor. Toote k\u00f5rgeim potentsiaal avaldub k\u00f5rgetes temperatuurides. Valmistatud pools\u00fcnteetilistest toorainetest ja spetsiaalsetest patenteeritud lisanditest. Erakordne l\u00e4bitung, vastupidav kulumiskaitse, puhastab ja m\u00e4\u00e4rib ning kaitseb rooste ja sademete eest.<br data-mce-fragment=\"1\" \/><br data-mce-fragment=\"1\" \/><b data-mce-fragment=\"1\">Kasutus:<\/b>\u00a0T\u00f6\u00f6stus nt. kuumad ketid ja libisevad pinnad jne. K\u00f5ik metallpinnad, kus kuumades tingimustes on vajalik \u00fchtlane m\u00e4\u00e4rimine.<\/p>\n<\/div>\n<\/div>\n<p>&nbsp;<\/p>\n<div class=\"info\" data-mce-fragment=\"1\"><\/div>","protected":false},"excerpt":{"rendered":"<p>&nbsp; Korkean l\u00e4mp\u00f6tilan tunkeutuva voiteluaine. Ensiluokkainen kitkanv\u00e4hent\u00e4j\u00e4. Tuote on t\u00e4ydess\u00e4 ominaisuudessaan korkeissa l\u00e4mp\u00f6tiloissa. Ensiluokkainen kitkanv\u00e4hent\u00e4j\u00e4. Tuote on t\u00e4ydess\u00e4 ominaisuudessaan korkeissa l\u00e4mp\u00f6tiloissa. Valmistettu puolisynteettisist\u00e4 raaka-aineista ja erityisist\u00e4 patentoiduista lis\u00e4aineista. Poikkeuksellinen tunkeutumiskyky, kest\u00e4v\u00e4 suoja kulumista vastaan, puhdistaa ja voitelee sek\u00e4 suojaa ruosteelta ja kerrostumien muodostumiselta.K\u00e4ytt\u00f6:\u00a0Teollisuus mm. kuumat ketjut ja liukupinnat ym. Kaikki metallipinnat joissa vaaditaan tasaista voitelukyky\u00e4 [&hellip;]<\/p>\n","protected":false},"featured_media":291,"template":"","meta":[],"product_brand":[],"product_cat":[32],"product_tag":[],"class_list":{"0":"post-292","1":"product","2":"type-product","3":"status-publish","4":"has-post-thumbnail","6":"product_cat-aerosolit","8":"first","9":"instock","10":"shipping-taxable","11":"product-type-simple"},"_links":{"self":[{"href":"https:\/\/x1r.fi\/et\/wp-json\/wp\/v2\/product\/292","targetHints":{"allow":["GET"]}}],"collection":[{"href":"https:\/\/x1r.fi\/et\/wp-json\/wp\/v2\/product"}],"about":[{"href":"https:\/\/x1r.fi\/et\/wp-json\/wp\/v2\/types\/product"}],"wp:featuredmedia":[{"embeddable":true,"href":"https:\/\/x1r.fi\/et\/wp-json\/wp\/v2\/media\/291"}],"wp:attachment":[{"href":"https:\/\/x1r.fi\/et\/wp-json\/wp\/v2\/media?parent=292"}],"wp:term":[{"taxonomy":"product_brand","embeddable":true,"href":"https:\/\/x1r.fi\/et\/wp-json\/wp\/v2\/product_brand?post=292"},{"taxonomy":"product_cat","embeddable":true,"href":"https:\/\/x1r.fi\/et\/wp-json\/wp\/v2\/product_cat?post=292"},{"taxonomy":"product_tag","embeddable":true,"href":"https:\/\/x1r.fi\/et\/wp-json\/wp\/v2\/product_tag?post=292"}],"curies":[{"name":"wp","href":"https:\/\/api.w.org\/{rel}","templated":true}]}}