{"id":294,"date":"2023-10-10T07:02:18","date_gmt":"2023-10-10T07:02:18","guid":{"rendered":"https:\/\/x1r.fi\/toode\/aseoljy-spray-100ml\/"},"modified":"2025-12-05T07:29:19","modified_gmt":"2025-12-05T07:29:19","slug":"aseoljy-spray-100ml","status":"publish","type":"product","link":"https:\/\/x1r.fi\/et\/toode\/aseoljy-spray-100ml\/","title":{"rendered":"Relva\u00f5li aerosool 100ml - X1R"},"content":{"rendered":"<p>Kasutatakse k\u00e4sirelvade m\u00e4\u00e4rimiseks ja puhastamiseks.<\/p>\n<p><strong>K\u00fclmakindel<\/strong><br \/>\nVoitelee jopa \u00ad-40\u00b0C l\u00e4mp\u00f6tilassa.<\/p>\n<p><strong>Pakend:<\/strong><br \/>\n100 ml sprei<\/p>\n<p><strong>Kuidas toode t\u00f6\u00f6tab?<\/strong><br \/>\nX-1R relva\u00f5li puhastab, m\u00e4\u00e4rib ja kaitseb igat t\u00fc\u00fcpi relvi rooste ja korrosiooni eest. Tegemist on esmaklassilise puhastus- ja m\u00e4\u00e4rdeainega, mis tagab sujuva t\u00f6\u00f6 ka k\u00fclmumistemperatuuridel ning pikendab relvade kasutusiga.<\/p>\n<p><strong>Toote eelised:<\/strong><\/p>\n<ul>\n<li>Hoiab \u00e4ra roostetamise ja korrosiooni<\/li>\n<li>M\u00e4\u00e4rib ja kaitseb t\u00f5husalt<\/li>\n<li>Puhastab<\/li>\n<li>Ei l\u00f5hna petrooleumi j\u00e4rgi<\/li>\n<li>Pikendab relva eluiga<\/li>\n<li>Sopii Suomen olosuhteisiin<\/li>\n<\/ul>\n<p><strong>Kasutuskohad:<\/strong><\/p>\n<ul>\n<li>Igat t\u00fc\u00fcpi k\u00e4sirelvad<\/li>\n<\/ul>\n<p><strong>Kasutamine:<\/strong><br \/>\nPihustage ainet kasutuskohale. Toode pakub p\u00fcsivat kaitset ja m\u00e4\u00e4rimist.<\/p>\n<div class=\"sdm_download_button_box_default\"><div class=\"sdm_download_link\"><span class=\"sdm_enter_password_label_text\">Enter Password to Download:<\/span><form action=\"https:\/\/x1r.fi\/et\/?sdm_process_download=1&#038;download_id=899\" method=\"post\" id=\"sdm-pass-69de3bc11efd5\" class=\"sdm-download-form\" data-trp-original-action=\"https:\/\/x1r.fi\/?sdm_process_download=1&download_id=899\"><input type=\"password\" name=\"pass_text\" class=\"sdm_pass_text\" value=\"\" \/> <span class=\"sdm-download-button\"><a href=\"#\" name=\"sdm_dl_pass_submit\" class=\"pass_sumbit sdm_pass_protected_download sdm_download_with_condition sdm_download orange\">K\u00e4ytt\u00f6turvallisuustiedote (KTT)<\/a><\/span><input type=\"hidden\" name=\"download_id\" value=\"899\" \/><input type=\"hidden\" name=\"trp-form-language\" value=\"et\"\/><\/form><\/div><\/div>\n<div class=\"sdm_download_button_box_default\"><div class=\"sdm_download_link\"><span class=\"sdm_enter_password_label_text\">Enter Password to Download:<\/span><form action=\"https:\/\/x1r.fi\/et\/?sdm_process_download=1&#038;download_id=913\" method=\"post\" id=\"sdm-pass-69de3bc11f083\" class=\"sdm-download-form\" data-trp-original-action=\"https:\/\/x1r.fi\/?sdm_process_download=1&download_id=913\"><input type=\"password\" name=\"pass_text\" class=\"sdm_pass_text\" value=\"\" \/> <span class=\"sdm-download-button\"><a href=\"#\" name=\"sdm_dl_pass_submit\" class=\"pass_sumbit sdm_pass_protected_download sdm_download_with_condition sdm_download orange\">S\u00e4kerhetsdatablad<\/a><\/span><input type=\"hidden\" name=\"download_id\" value=\"913\" \/><input type=\"hidden\" name=\"trp-form-language\" value=\"et\"\/><\/form><\/div><\/div>","protected":false},"excerpt":{"rendered":"<p>K\u00e4ytet\u00e4\u00e4n k\u00e4situliaseiden voiteluun ja puhdistukseen. Pakkasen kest\u00e4v\u00e4 Voitelee jopa \u00ad-40\u00b0C l\u00e4mp\u00f6tilassa. Pakkauskoot: 100 ml spray Kuinka tuote toimii? X-1R-ase\u00f6ljy puhdistaa, voitelee ja suojaa kaikentyyppiset aseet ruosteelta ja sy\u00f6pymiselt\u00e4. Se on ensiluokkainen puhdistus- ja voiteluaine, joka takaa pehme\u00e4n toiminnan my\u00f6s pakkasella ja pident\u00e4\u00e4 aseiden k\u00e4ytt\u00f6ik\u00e4\u00e4. Tuotteen edut: Est\u00e4\u00e4 ruostumista ja korroosiota Voitelee ja suojaa tehokkaasti Puhdistaa [&hellip;]<\/p>\n","protected":false},"featured_media":293,"template":"","meta":[],"product_brand":[],"product_cat":[32],"product_tag":[19],"class_list":{"0":"post-294","1":"product","2":"type-product","3":"status-publish","4":"has-post-thumbnail","6":"product_cat-aerosolit","7":"product_tag-aerosolit","9":"first","10":"instock","11":"shipping-taxable","12":"product-type-simple"},"_links":{"self":[{"href":"https:\/\/x1r.fi\/et\/wp-json\/wp\/v2\/product\/294","targetHints":{"allow":["GET"]}}],"collection":[{"href":"https:\/\/x1r.fi\/et\/wp-json\/wp\/v2\/product"}],"about":[{"href":"https:\/\/x1r.fi\/et\/wp-json\/wp\/v2\/types\/product"}],"wp:featuredmedia":[{"embeddable":true,"href":"https:\/\/x1r.fi\/et\/wp-json\/wp\/v2\/media\/293"}],"wp:attachment":[{"href":"https:\/\/x1r.fi\/et\/wp-json\/wp\/v2\/media?parent=294"}],"wp:term":[{"taxonomy":"product_brand","embeddable":true,"href":"https:\/\/x1r.fi\/et\/wp-json\/wp\/v2\/product_brand?post=294"},{"taxonomy":"product_cat","embeddable":true,"href":"https:\/\/x1r.fi\/et\/wp-json\/wp\/v2\/product_cat?post=294"},{"taxonomy":"product_tag","embeddable":true,"href":"https:\/\/x1r.fi\/et\/wp-json\/wp\/v2\/product_tag?post=294"}],"curies":[{"name":"wp","href":"https:\/\/api.w.org\/{rel}","templated":true}]}}