{"id":298,"date":"2023-10-10T07:02:21","date_gmt":"2023-10-10T07:02:21","guid":{"rendered":"https:\/\/x1r.fi\/toode\/psl-spray-400ml\/"},"modified":"2023-12-13T17:50:29","modified_gmt":"2023-12-13T17:50:29","slug":"psl-spray-400ml","status":"publish","type":"product","link":"https:\/\/x1r.fi\/et\/toode\/psl-spray-400ml\/","title":{"rendered":"PSL aerosool 400ml"},"content":{"rendered":"<p>&nbsp;<\/p>\n<p data-mce-fragment=\"1\"><strong data-mce-fragment=\"1\">L\u00c4BITUNGIV SPREI\u00d5LI<\/strong><br data-mce-fragment=\"1\" \/>Universaalne m\u00e4\u00e4rdeaine<br data-mce-fragment=\"1\" \/>Mitmek\u00fclgne m\u00e4\u00e4rdeaine nii majapidamises, t\u00f6\u00f6stuses kui ka t\u00f6\u00f6kodades kasutamiseks. Sobib ka elektriseadmetele.<\/p>\n<p data-mce-fragment=\"1\"><strong data-mce-fragment=\"1\">Ei juhi elektrit<\/strong><br data-mce-fragment=\"1\" \/>Ohutu elektriliste komponentide t\u00f6\u00f6tlemiseks.<\/p>\n<p data-mce-fragment=\"1\"><strong data-mce-fragment=\"1\">Pakend:<br data-mce-fragment=\"1\" \/><\/strong>150 ml sprei, 400 ml sprei,\u00a0<span data-mce-fragment=\"1\">10 L<\/span><\/p>\n<p data-mce-fragment=\"1\"><strong data-mce-fragment=\"1\">Kuidas toode t\u00f6\u00f6tab?<\/strong><br data-mce-fragment=\"1\" \/>PSL on valmistatud pools\u00fcnteetilistest toorainetest ja spetsiaalsetest patenteeritud lisanditest, t\u00e4nu millele on sellel erakordne l\u00e4bitungimisv\u00f5ime. See pakub vastupidavat kaitset kulumise eest, puhastab, m\u00e4\u00e4rib ning kaitseb rooste ja sademete eest. Toode ei juhi elektrit.<\/p>\n<p data-mce-fragment=\"1\"><strong data-mce-fragment=\"1\">Toote eelised:<\/strong><\/p>\n<ul data-mce-fragment=\"1\">\n<li data-mce-fragment=\"1\">Aitab eemaldada roostetanud poldid ja mutrid<\/li>\n<li data-mce-fragment=\"1\">Hea l\u00e4bitung<\/li>\n<li data-mce-fragment=\"1\">T\u00f5rjub vett<\/li>\n<li data-mce-fragment=\"1\">Sobib ka plastikule ja kummile<\/li>\n<li data-mce-fragment=\"1\">Puhastab<\/li>\n<li data-mce-fragment=\"1\">K\u00f5rge leekpunkt<\/li>\n<\/ul>\n<p data-mce-fragment=\"1\"><strong data-mce-fragment=\"1\">Kasutuskohad:<\/strong><\/p>\n<ul data-mce-fragment=\"1\">\n<li data-mce-fragment=\"1\">Mitmek\u00fclgseks m\u00e4\u00e4rimiseks<\/li>\n<li data-mce-fragment=\"1\">T\u00f6\u00f6pinkide elektrikaablid<\/li>\n<li data-mce-fragment=\"1\">K\u00f5ik liugmehhanismid<\/li>\n<li data-mce-fragment=\"1\">Lukud, hinged<\/li>\n<\/ul>\n<p data-mce-fragment=\"1\"><strong data-mce-fragment=\"1\">Kasutamine:<\/strong><br data-mce-fragment=\"1\" \/>Pihustage ainet kasutuskohale. Toode pakub p\u00fcsivat kaitset ja m\u00e4\u00e4rimist.<\/p>\n<p data-mce-fragment=\"1\"><a href=\"https:\/\/x1r.fi\/et\/files\/x1r2014.kotisivukone.com\/Kauttoturvallisuustiedotteet\/PSL_spray.pdf\/\" target=\"_blank\" rel=\"noopener\" data-mce-fragment=\"1\">OHUTUSKAART<\/a><\/p>","protected":false},"excerpt":{"rendered":"<p>&nbsp; PENETRATING SPRAY LUBEYleisvoiteluaine.Monipuolinen voiteluaine niin kotitalous-, teollisuus-, kuin korjaamok\u00e4ytt\u00f6\u00f6nkin. Sopii my\u00f6s s\u00e4hk\u00f6laitteille. Ei johda s\u00e4hk\u00f6\u00e4Turvallinen s\u00e4hk\u00f6komponenttien hoitoon. Pakkauskoot:150 ml spray, 400 ml spray,\u00a010 L Kuinka tuote toimii?PSL on valmistettu puolisynteettisist\u00e4 raaka-aineista ja erityisist\u00e4 patentoiduista lis\u00e4aineista, joiden ansiosta sill\u00e4 on poikkeuksellinen tunkeutumiskyky. Se antaa kest\u00e4v\u00e4n suojan kulumista vastaan, puhdistaa, voitelee sek\u00e4 suojaa ruosteelta ja kerrostumien [&hellip;]<\/p>\n","protected":false},"featured_media":297,"template":"","meta":[],"product_brand":[],"product_cat":[32],"product_tag":[19],"class_list":{"0":"post-298","1":"product","2":"type-product","3":"status-publish","4":"has-post-thumbnail","6":"product_cat-aerosolit","7":"product_tag-aerosolit","9":"first","10":"instock","11":"shipping-taxable","12":"product-type-simple"},"_links":{"self":[{"href":"https:\/\/x1r.fi\/et\/wp-json\/wp\/v2\/product\/298","targetHints":{"allow":["GET"]}}],"collection":[{"href":"https:\/\/x1r.fi\/et\/wp-json\/wp\/v2\/product"}],"about":[{"href":"https:\/\/x1r.fi\/et\/wp-json\/wp\/v2\/types\/product"}],"wp:featuredmedia":[{"embeddable":true,"href":"https:\/\/x1r.fi\/et\/wp-json\/wp\/v2\/media\/297"}],"wp:attachment":[{"href":"https:\/\/x1r.fi\/et\/wp-json\/wp\/v2\/media?parent=298"}],"wp:term":[{"taxonomy":"product_brand","embeddable":true,"href":"https:\/\/x1r.fi\/et\/wp-json\/wp\/v2\/product_brand?post=298"},{"taxonomy":"product_cat","embeddable":true,"href":"https:\/\/x1r.fi\/et\/wp-json\/wp\/v2\/product_cat?post=298"},{"taxonomy":"product_tag","embeddable":true,"href":"https:\/\/x1r.fi\/et\/wp-json\/wp\/v2\/product_tag?post=298"}],"curies":[{"name":"wp","href":"https:\/\/api.w.org\/{rel}","templated":true}]}}