{"id":300,"date":"2023-10-10T07:02:24","date_gmt":"2023-10-10T07:02:24","guid":{"rendered":"https:\/\/x1r.fi\/toode\/psl-spray-150ml\/"},"modified":"2025-12-05T07:35:37","modified_gmt":"2025-12-05T07:35:37","slug":"psl-spray-150ml","status":"publish","type":"product","link":"https:\/\/x1r.fi\/et\/toode\/psl-spray-150ml\/","title":{"rendered":"PSL aerosool 150ml"},"content":{"rendered":"<p><strong>L\u00c4BITUNGIV SPREI\u00d5LI<\/strong><br \/>\nUniversaalne m\u00e4\u00e4rdeaine<br \/>\nMitmek\u00fclgne m\u00e4\u00e4rdeaine nii majapidamises, t\u00f6\u00f6stuses kui ka t\u00f6\u00f6kodades kasutamiseks. Sobib ka elektriseadmetele.<\/p>\n<p><strong>Ei juhi elektrit<\/strong><br \/>\nOhutu elektriliste komponentide t\u00f6\u00f6tlemiseks.<\/p>\n<p><strong>Pakend:<br \/>\n<\/strong>150 ml pihustus, 400 ml pihustus, 10 L<\/p>\n<p><strong>Kuidas toode t\u00f6\u00f6tab?<\/strong><br \/>\nPSL on valmistatud pools\u00fcnteetilistest toorainetest ja spetsiaalsetest patenteeritud lisanditest, t\u00e4nu millele on sellel erakordne l\u00e4bitungimisv\u00f5ime. See pakub vastupidavat kaitset kulumise eest, puhastab, m\u00e4\u00e4rib ning kaitseb rooste ja sademete eest. Toode ei juhi elektrit.<\/p>\n<p><strong>Toote eelised:<\/strong><\/p>\n<ul>\n<li>Aitab eemaldada roostetanud poldid ja mutrid<\/li>\n<li>Hea l\u00e4bitung<\/li>\n<li>T\u00f5rjub vett<\/li>\n<li>Sobib ka plastikule ja kummile<\/li>\n<li>Puhastab<\/li>\n<li>K\u00f5rge leekpunkt<\/li>\n<\/ul>\n<p><strong>Kasutuskohad:<\/strong><\/p>\n<ul>\n<li>Mitmek\u00fclgseks m\u00e4\u00e4rimiseks<\/li>\n<li>T\u00f6\u00f6pinkide elektrikaablid<\/li>\n<li>K\u00f5ik liugmehhanismid<\/li>\n<li>Lukud, hinged<\/li>\n<\/ul>\n<p><strong>Kasutamine:<\/strong><br \/>\nPihustage ainet kasutuskohale. Toode pakub p\u00fcsivat kaitset ja m\u00e4\u00e4rimist.<\/p>\n<div class=\"sdm_download_button_box_default\"><div class=\"sdm_download_link\"><span class=\"sdm_enter_password_label_text\">Enter Password to Download:<\/span><form action=\"https:\/\/x1r.fi\/et\/?sdm_process_download=1&#038;download_id=918\" method=\"post\" id=\"sdm-pass-69d452b146386\" class=\"sdm-download-form\" data-trp-original-action=\"https:\/\/x1r.fi\/?sdm_process_download=1&download_id=918\"><input type=\"password\" name=\"pass_text\" class=\"sdm_pass_text\" value=\"\" \/> <span class=\"sdm-download-button\"><a href=\"#\" name=\"sdm_dl_pass_submit\" class=\"pass_sumbit sdm_pass_protected_download sdm_download_with_condition sdm_download orange\">K\u00e4ytt\u00f6turvallisuustiedote (KTT)<\/a><\/span><input type=\"hidden\" name=\"download_id\" value=\"918\" \/><input type=\"hidden\" name=\"trp-form-language\" value=\"et\"\/><\/form><\/div><\/div>\n<div class=\"sdm_download_button_box_default\"><div class=\"sdm_download_link\"><span class=\"sdm_enter_password_label_text\">Enter Password to Download:<\/span><form action=\"https:\/\/x1r.fi\/et\/?sdm_process_download=1&#038;download_id=922\" method=\"post\" id=\"sdm-pass-69d452b14642e\" class=\"sdm-download-form\" data-trp-original-action=\"https:\/\/x1r.fi\/?sdm_process_download=1&download_id=922\"><input type=\"password\" name=\"pass_text\" class=\"sdm_pass_text\" value=\"\" \/> <span class=\"sdm-download-button\"><a href=\"#\" name=\"sdm_dl_pass_submit\" class=\"pass_sumbit sdm_pass_protected_download sdm_download_with_condition sdm_download orange\">S\u00e4kerhetsdatablad<\/a><\/span><input type=\"hidden\" name=\"download_id\" value=\"922\" \/><input type=\"hidden\" name=\"trp-form-language\" value=\"et\"\/><\/form><\/div><\/div>","protected":false},"excerpt":{"rendered":"<p>PENETRATING SPRAY LUBE Yleisvoiteluaine. Monipuolinen voiteluaine niin kotitalous-, teollisuus-, kuin korjaamok\u00e4ytt\u00f6\u00f6nkin. Sopii my\u00f6s s\u00e4hk\u00f6laitteille. Ei johda s\u00e4hk\u00f6\u00e4 Turvallinen s\u00e4hk\u00f6komponenttien hoitoon. Pakkauskoot: 150 ml spray, 400 ml spray, 10 L Kuinka tuote toimii? PSL on valmistettu puolisynteettisist\u00e4 raaka-aineista ja erityisist\u00e4 patentoiduista lis\u00e4aineista, joiden ansiosta sill\u00e4 on poikkeuksellinen tunkeutumiskyky. Se antaa kest\u00e4v\u00e4n suojan kulumista vastaan, puhdistaa, voitelee [&hellip;]<\/p>\n","protected":false},"featured_media":299,"template":"","meta":[],"product_brand":[],"product_cat":[32],"product_tag":[19],"class_list":{"0":"post-300","1":"product","2":"type-product","3":"status-publish","4":"has-post-thumbnail","6":"product_cat-aerosolit","7":"product_tag-aerosolit","9":"first","10":"instock","11":"shipping-taxable","12":"product-type-simple"},"_links":{"self":[{"href":"https:\/\/x1r.fi\/et\/wp-json\/wp\/v2\/product\/300","targetHints":{"allow":["GET"]}}],"collection":[{"href":"https:\/\/x1r.fi\/et\/wp-json\/wp\/v2\/product"}],"about":[{"href":"https:\/\/x1r.fi\/et\/wp-json\/wp\/v2\/types\/product"}],"wp:featuredmedia":[{"embeddable":true,"href":"https:\/\/x1r.fi\/et\/wp-json\/wp\/v2\/media\/299"}],"wp:attachment":[{"href":"https:\/\/x1r.fi\/et\/wp-json\/wp\/v2\/media?parent=300"}],"wp:term":[{"taxonomy":"product_brand","embeddable":true,"href":"https:\/\/x1r.fi\/et\/wp-json\/wp\/v2\/product_brand?post=300"},{"taxonomy":"product_cat","embeddable":true,"href":"https:\/\/x1r.fi\/et\/wp-json\/wp\/v2\/product_cat?post=300"},{"taxonomy":"product_tag","embeddable":true,"href":"https:\/\/x1r.fi\/et\/wp-json\/wp\/v2\/product_tag?post=300"}],"curies":[{"name":"wp","href":"https:\/\/api.w.org\/{rel}","templated":true}]}}