{"id":304,"date":"2023-10-10T07:02:29","date_gmt":"2023-10-10T07:02:29","guid":{"rendered":"https:\/\/x1r.fi\/toode\/leikkuuoljy-spray-400ml\/"},"modified":"2023-12-13T17:44:40","modified_gmt":"2023-12-13T17:44:40","slug":"loikamisoli-spray-400ml","status":"publish","type":"product","link":"https:\/\/x1r.fi\/et\/toode\/loikamisoli-spray-400ml\/","title":{"rendered":"L\u00f5ike\u00f5li aerosool 400ml - X1R"},"content":{"rendered":"<p>&nbsp;<\/p>\n<p data-mce-fragment=\"1\">Kvaliteetne l\u00f5ike\u00f5li metallit\u00f6\u00f6tlemiseks.<\/p>\n<p data-mce-fragment=\"1\">\n<div class=\"description long\" data-mce-fragment=\"1\">Toode v\u00e4hendab oluliselt h\u00f5\u00f5rdumist ning jahutab t\u00f5husalt l\u00f5iketera ja l\u00f5igatavat metalli, seega aitab toode s\u00e4ilitada eseme m\u00f5\u00f5tmete t\u00e4psust ja v\u00e4hendab l\u00f5iketera kulumist. T\u00f6\u00f6deldav objekt muutub korralikuks ja tasaseks.\u00a0<br data-mce-fragment=\"1\" \/><br data-mce-fragment=\"1\" \/>Sobib k\u00f5ikide metallide t\u00f6\u00f6tlemiseks. \u00d5li ei m\u00e4\u00e4ri ega v\u00e4rvi metalle, seega sobib toode suurep\u00e4raselt ka t\u00e4ppist\u00f6\u00f6deks. Sobib k\u00f5ikidele metallit\u00f6\u00f6tlemismeetoditele.<\/div>\n<div class=\"description long\" data-mce-fragment=\"1\"><\/div>\n<div data-mce-fragment=\"1\">\n<table class=\"tynimce_table\" border=\"0\" data-mce-fragment=\"1\">\n<tbody data-mce-fragment=\"1\">\n<tr data-mce-fragment=\"1\">\n<td data-mce-fragment=\"1\"><\/td>\n<\/tr>\n<tr data-mce-fragment=\"1\">\n<td data-mce-fragment=\"1\"><strong data-mce-fragment=\"1\">Omadused<\/strong><\/td>\n<\/tr>\n<tr data-mce-fragment=\"1\">\n<td data-mce-fragment=\"1\">\n<ul data-mce-fragment=\"1\">\n<li data-mce-fragment=\"1\">Toode v\u00e4hendab oluliselt h\u00f5\u00f5rdumist.<\/li>\n<li data-mce-fragment=\"1\">Jahutab t\u00f5husalt l\u00f5iketera ja l\u00f5igatavat metalli.<\/li>\n<li data-mce-fragment=\"1\">V\u00e4hendab l\u00f5iketera kulumist.<\/li>\n<\/ul>\n<table class=\"tynimce_table\" border=\"0\">\n<tbody>\n<tr>\n<td><strong>Rohkem informatsiooni<\/strong><\/td>\n<\/tr>\n<tr>\n<td>\n<ul>\n<li>Sobib k\u00f5ikide metallide t\u00f6\u00f6tlemiseks.<\/li>\n<li>\u00d5li ei m\u00e4\u00e4ri ega v\u00e4rvi metalle, seega sobib toode suurep\u00e4raselt ka t\u00e4ppist\u00f6\u00f6deks.<\/li>\n<li>Sobib k\u00f5ikidele metallit\u00f6\u00f6tlemismeetoditele.<\/li>\n<\/ul>\n<\/td>\n<\/tr>\n<\/tbody>\n<\/table>\n<\/td>\n<\/tr>\n<\/tbody>\n<\/table>\n<p>&nbsp;<\/p>\n<\/div>","protected":false},"excerpt":{"rendered":"<p>&nbsp; Korkealuokkainen leikkuu\u00f6ljy metallin ty\u00f6st\u00f6\u00f6n. Tuote v\u00e4hent\u00e4\u00e4 huomattavasti kitkaa ja j\u00e4\u00e4hdytt\u00e4\u00e4 leikkuuter\u00e4\u00e4 ja leikattavaa metallia tehokkaasti, n\u00e4in tuote auttaa s\u00e4ilytt\u00e4m\u00e4\u00e4n kohteen mittatarkkuuden ja v\u00e4hent\u00e4\u00e4 leikuuter\u00e4n kulumista. Ty\u00f6stett\u00e4v\u00e4st\u00e4 kohteesta tulee sisti ja tasainen.\u00a0Soveltuu kaikkien metallien ty\u00f6st\u00e4miseen. \u00d6ljy ei tahraa eik\u00e4 v\u00e4rj\u00e4\u00e4 metalleja, jolloin tuote sopii erinomaisesti my\u00f6s tarkkuusty\u00f6h\u00f6n. Soveltuu kaikille metallien ty\u00f6st\u00f6tavoille. Ominaisuudet Tuote v\u00e4hent\u00e4\u00e4 huomattavasti [&hellip;]<\/p>\n","protected":false},"featured_media":303,"template":"","meta":[],"product_brand":[],"product_cat":[32],"product_tag":[],"class_list":{"0":"post-304","1":"product","2":"type-product","3":"status-publish","4":"has-post-thumbnail","6":"product_cat-aerosolit","8":"first","9":"instock","10":"shipping-taxable","11":"product-type-simple"},"_links":{"self":[{"href":"https:\/\/x1r.fi\/et\/wp-json\/wp\/v2\/product\/304","targetHints":{"allow":["GET"]}}],"collection":[{"href":"https:\/\/x1r.fi\/et\/wp-json\/wp\/v2\/product"}],"about":[{"href":"https:\/\/x1r.fi\/et\/wp-json\/wp\/v2\/types\/product"}],"wp:featuredmedia":[{"embeddable":true,"href":"https:\/\/x1r.fi\/et\/wp-json\/wp\/v2\/media\/303"}],"wp:attachment":[{"href":"https:\/\/x1r.fi\/et\/wp-json\/wp\/v2\/media?parent=304"}],"wp:term":[{"taxonomy":"product_brand","embeddable":true,"href":"https:\/\/x1r.fi\/et\/wp-json\/wp\/v2\/product_brand?post=304"},{"taxonomy":"product_cat","embeddable":true,"href":"https:\/\/x1r.fi\/et\/wp-json\/wp\/v2\/product_cat?post=304"},{"taxonomy":"product_tag","embeddable":true,"href":"https:\/\/x1r.fi\/et\/wp-json\/wp\/v2\/product_tag?post=304"}],"curies":[{"name":"wp","href":"https:\/\/api.w.org\/{rel}","templated":true}]}}