{"id":306,"date":"2023-10-10T07:02:32","date_gmt":"2023-10-10T07:02:32","guid":{"rendered":"https:\/\/x1r.fi\/toode\/atl-spray-150ml\/"},"modified":"2025-12-05T07:06:58","modified_gmt":"2025-12-05T07:06:58","slug":"atl-spray-150ml","status":"publish","type":"product","link":"https:\/\/x1r.fi\/et\/toode\/atl-spray-150ml\/","title":{"rendered":"ATL aerosool150ml"},"content":{"rendered":"<p><strong>\u00d5HUT\u00d6\u00d6RIISTADE M\u00c4\u00c4RIMINE<\/strong><br \/>\nSuru\u00f5hut\u00f6\u00f6riistade ja pneumaatika m\u00e4\u00e4rdeaine. Kasutatakse suru\u00f5hut\u00f6\u00f6riistade puhastamiseks, m\u00e4\u00e4rimiseks ja kaitsmiseks korrosiooni ja rooste eest.<\/p>\n<p><strong>Maksimeerige v\u00f5imsust<\/strong><br \/>\nATL m\u00e4\u00e4rdeaine aitab t\u00f6\u00f6riistadel t\u00f6\u00f6tada maksimaalse v\u00f5imsusega.<\/p>\n<p><strong>Pakend:<\/strong><br \/>\n150 ml spray, 250 ml tilgutatav pudel, 1 L, 10 L<\/p>\n<p><strong>Kuidas toode t\u00f6\u00f6tab?<\/strong><br \/>\nATL m\u00e4\u00e4rdeaine sisaldab koostisosi, mis puhastavad ja lagundavad mustuse ladestusi, mis v\u00f5ivad halvendada suru\u00f5hut\u00f6\u00f6riistade t\u00f6\u00f6d. Niiskus ja muud mustused eemaldatakse seadmest ohutult. Samal ajal m\u00e4\u00e4rib toode ja kaitseb t\u00f6\u00f6riista kulumise, rooste ja korrosiooni eest.<\/p>\n<p><strong>Toote eelised:<\/strong><\/p>\n<ul>\n<li>Vastupidav kaitse kulumise eest<\/li>\n<li>V\u00e4hendab h\u00f5\u00f5rdumist<\/li>\n<li>Yll\u00e4pit\u00e4\u00e4 paineilmaty\u00f6kalujen toimintaa ja pident\u00e4\u00e4 k\u00e4ytt\u00f6ik\u00e4\u00e4<\/li>\n<li>Hoiab \u00e4ra roostetamise ja korrosiooni<\/li>\n<li>Ei sisalda lahusteid<\/li>\n<\/ul>\n<p><strong>Kasutuskohad:<\/strong><\/p>\n<ul>\n<li>\u00d5hkt\u00f6\u00f6riistad ja pneumaatika<\/li>\n<li>Veokite piduris\u00fcsteemid<\/li>\n<li>Kompressorid<\/li>\n<\/ul>\n<p><strong>Kasutamine:<\/strong><br \/>\nVajadusel lisage kasutuskohale ainet. Toode pakub p\u00fcsivat kaitset ja m\u00e4\u00e4rimist.<\/p>\n<div class=\"sdm_download_button_box_default\"><div class=\"sdm_download_link\"><span class=\"sdm_enter_password_label_text\">Enter Password to Download:<\/span><form action=\"https:\/\/x1r.fi\/et\/?sdm_process_download=1&#038;download_id=872\" method=\"post\" id=\"sdm-pass-69d452a953367\" class=\"sdm-download-form\" target=\"_blank\" data-trp-original-action=\"https:\/\/x1r.fi\/?sdm_process_download=1&download_id=872\"><input type=\"password\" name=\"pass_text\" class=\"sdm_pass_text\" value=\"\" \/> <span class=\"sdm-download-button\"><a href=\"#\" name=\"sdm_dl_pass_submit\" class=\"pass_sumbit sdm_pass_protected_download sdm_download_with_condition sdm_download orange\">K\u00e4ytt\u00f6turvallisuustiedote (KTT)<\/a><\/span><input type=\"hidden\" name=\"download_id\" value=\"872\" \/><input type=\"hidden\" name=\"trp-form-language\" value=\"et\"\/><\/form><\/div><\/div>\n<div class=\"sdm_download_button_box_default\"><div class=\"sdm_download_link\"><span class=\"sdm_enter_password_label_text\">Enter Password to Download:<\/span><form action=\"https:\/\/x1r.fi\/et\/?sdm_process_download=1&#038;download_id=894\" method=\"post\" id=\"sdm-pass-69d452a95340d\" class=\"sdm-download-form\" data-trp-original-action=\"https:\/\/x1r.fi\/?sdm_process_download=1&download_id=894\"><input type=\"password\" name=\"pass_text\" class=\"sdm_pass_text\" value=\"\" \/> <span class=\"sdm-download-button\"><a href=\"#\" name=\"sdm_dl_pass_submit\" class=\"pass_sumbit sdm_pass_protected_download sdm_download_with_condition sdm_download orange\">S\u00e4kerhetsdatablad<\/a><\/span><input type=\"hidden\" name=\"download_id\" value=\"894\" \/><input type=\"hidden\" name=\"trp-form-language\" value=\"et\"\/><\/form><\/div><\/div>","protected":false},"excerpt":{"rendered":"<p>AIR TOOL LUBE Paineilmaty\u00f6kalujen ja pneumatiikan voiteluaine. K\u00e4ytet\u00e4\u00e4n puhdistamaan, voitelemaan ja suojaamaan paineilmaty\u00f6kaluja korroosiota ja ruostetta vastaan. Maksimoi tehon ATL-voiteluaine auttaa ty\u00f6kaluja toimimaan maksimiteholla. Pakkauskoot: 150 ml spray, 250 ml tippapullo, 1 L, 10 L Kuinka tuote toimii? ATL-voiteluaine sis\u00e4lt\u00e4\u00e4 ainesosia, jotka puhdistavat ja hajottavat likakertymi\u00e4 jotka voivat heikent\u00e4\u00e4 paineilmaty\u00f6kalujen toimintakyky\u00e4. Kosteus ja muut ep\u00e4puhtaudet [&hellip;]<\/p>\n","protected":false},"featured_media":305,"template":"","meta":[],"product_brand":[],"product_cat":[32,33],"product_tag":[],"class_list":{"0":"post-306","1":"product","2":"type-product","3":"status-publish","4":"has-post-thumbnail","6":"product_cat-aerosolit","7":"product_cat-tyokalu-ja-erikoisvoiteluaineet","9":"first","10":"instock","11":"shipping-taxable","12":"product-type-simple"},"_links":{"self":[{"href":"https:\/\/x1r.fi\/et\/wp-json\/wp\/v2\/product\/306","targetHints":{"allow":["GET"]}}],"collection":[{"href":"https:\/\/x1r.fi\/et\/wp-json\/wp\/v2\/product"}],"about":[{"href":"https:\/\/x1r.fi\/et\/wp-json\/wp\/v2\/types\/product"}],"wp:featuredmedia":[{"embeddable":true,"href":"https:\/\/x1r.fi\/et\/wp-json\/wp\/v2\/media\/305"}],"wp:attachment":[{"href":"https:\/\/x1r.fi\/et\/wp-json\/wp\/v2\/media?parent=306"}],"wp:term":[{"taxonomy":"product_brand","embeddable":true,"href":"https:\/\/x1r.fi\/et\/wp-json\/wp\/v2\/product_brand?post=306"},{"taxonomy":"product_cat","embeddable":true,"href":"https:\/\/x1r.fi\/et\/wp-json\/wp\/v2\/product_cat?post=306"},{"taxonomy":"product_tag","embeddable":true,"href":"https:\/\/x1r.fi\/et\/wp-json\/wp\/v2\/product_tag?post=306"}],"curies":[{"name":"wp","href":"https:\/\/api.w.org\/{rel}","templated":true}]}}