{"id":308,"date":"2023-10-10T07:02:34","date_gmt":"2023-10-10T07:02:34","guid":{"rendered":"https:\/\/x1r.fi\/toode\/atl-10-l\/"},"modified":"2023-12-13T17:42:41","modified_gmt":"2023-12-13T17:42:41","slug":"atl-10-l","status":"publish","type":"product","link":"https:\/\/x1r.fi\/et\/toode\/atl-10-l\/","title":{"rendered":"ATL 10 L"},"content":{"rendered":"<p>&nbsp;<\/p>\n<p data-mce-fragment=\"1\"><strong data-mce-fragment=\"1\">\u00d5HUT\u00d6\u00d6RIISTADE M\u00c4\u00c4RIMINE<\/strong>\u00a0<br data-mce-fragment=\"1\" \/>Suru\u00f5hut\u00f6\u00f6riistade ja pneumaatika m\u00e4\u00e4rdeaine. Kasutatakse suru\u00f5hut\u00f6\u00f6riistade puhastamiseks, m\u00e4\u00e4rimiseks ja kaitsmiseks korrosiooni ja rooste eest.<\/p>\n<p data-mce-fragment=\"1\"><strong data-mce-fragment=\"1\">Maksimeerige v\u00f5imsust<\/strong><br data-mce-fragment=\"1\" \/>ATL m\u00e4\u00e4rdeaine aitab t\u00f6\u00f6riistadel t\u00f6\u00f6tada maksimaalse v\u00f5imsusega.<\/p>\n<p data-mce-fragment=\"1\"><strong data-mce-fragment=\"1\">Pakend:<\/strong><br data-mce-fragment=\"1\" \/>150 ml spray, 250 ml tilgutatav pudel, 1 L, 10 L<\/p>\n<p data-mce-fragment=\"1\"><strong data-mce-fragment=\"1\">Kuidas toode t\u00f6\u00f6tab?<\/strong><br data-mce-fragment=\"1\" \/>ATL m\u00e4\u00e4rdeaine sisaldab koostisosi, mis puhastavad ja lagundavad mustuse ladestusi, mis v\u00f5ivad halvendada suru\u00f5hut\u00f6\u00f6riistade t\u00f6\u00f6d. Niiskus ja muud mustused eemaldatakse seadmest ohutult. Samal ajal m\u00e4\u00e4rib toode ja kaitseb t\u00f6\u00f6riista kulumise, rooste ja korrosiooni eest.<\/p>\n<p data-mce-fragment=\"1\"><strong data-mce-fragment=\"1\">Toote eelised:<\/strong><\/p>\n<ul data-mce-fragment=\"1\">\n<li data-mce-fragment=\"1\">Vastupidav kaitse kulumise eest<\/li>\n<li data-mce-fragment=\"1\">V\u00e4hendab h\u00f5\u00f5rdumist<\/li>\n<li data-mce-fragment=\"1\">Hoiab t\u00f6\u00f6korras \u00f5hkt\u00f6\u00f6riistade ja<\/li>\n<li data-mce-fragment=\"1\">Pikendab kasutusiga<\/li>\n<li data-mce-fragment=\"1\">Hoiab \u00e4ra roostetamise ja korrosiooni<\/li>\n<li data-mce-fragment=\"1\">Ei sisalda lahusteid<\/li>\n<\/ul>\n<p data-mce-fragment=\"1\"><strong data-mce-fragment=\"1\">Kasutuskohad:<\/strong><\/p>\n<ul data-mce-fragment=\"1\">\n<li data-mce-fragment=\"1\">\u00d5hkt\u00f6\u00f6riistad ja pneumaatika<\/li>\n<li data-mce-fragment=\"1\">Veokite piduris\u00fcsteemid<\/li>\n<li data-mce-fragment=\"1\">Kompressorid<\/li>\n<\/ul>\n<p data-mce-fragment=\"1\"><strong data-mce-fragment=\"1\">Kasutamine:<\/strong>\u00a0<br data-mce-fragment=\"1\" \/>Vajadusel lisage kasutuskohale ainet. Toode pakub p\u00fcsivat kaitset ja m\u00e4\u00e4rimist.<\/p>\n<p data-mce-fragment=\"1\"><a href=\"https:\/\/x1r.fi\/et\/files\/x1r2014.kotisivukone.com\/Kauttoturvallisuustiedotteet\/ATL_paineilmaoljy3.pdf\/\" target=\"_blank\" rel=\"noopener\" data-mce-fragment=\"1\">OHUTUSKAART<\/a><\/p>","protected":false},"excerpt":{"rendered":"<p>&nbsp; AIR TOOL LUBE\u00a0Paineilmaty\u00f6kalujen ja pneumatiikan voiteluaine. K\u00e4ytet\u00e4\u00e4n puhdistamaan, voitelemaan ja suojaamaan paineilmaty\u00f6kaluja korroosiota ja ruostetta vastaan. Maksimoi tehonATL-voiteluaine auttaa ty\u00f6kaluja toimimaan maksimiteholla. Pakkauskoot:150 ml spray, 250 ml tippapullo, 1 L, 10 L Kuinka tuote toimii?ATL-voiteluaine sis\u00e4lt\u00e4\u00e4 ainesosia, jotka puhdistavat ja hajottavat likakertymi\u00e4 jotka voivat heikent\u00e4\u00e4 paineilmaty\u00f6kalujen toimintakyky\u00e4. Kosteus ja muut ep\u00e4puhtaudet poistuvat laitteesta turvallisesti. [&hellip;]<\/p>\n","protected":false},"featured_media":307,"template":"","meta":[],"product_brand":[],"product_cat":[33],"product_tag":[],"class_list":{"0":"post-308","1":"product","2":"type-product","3":"status-publish","4":"has-post-thumbnail","6":"product_cat-tyokalu-ja-erikoisvoiteluaineet","8":"first","9":"instock","10":"shipping-taxable","11":"product-type-simple"},"_links":{"self":[{"href":"https:\/\/x1r.fi\/et\/wp-json\/wp\/v2\/product\/308","targetHints":{"allow":["GET"]}}],"collection":[{"href":"https:\/\/x1r.fi\/et\/wp-json\/wp\/v2\/product"}],"about":[{"href":"https:\/\/x1r.fi\/et\/wp-json\/wp\/v2\/types\/product"}],"wp:featuredmedia":[{"embeddable":true,"href":"https:\/\/x1r.fi\/et\/wp-json\/wp\/v2\/media\/307"}],"wp:attachment":[{"href":"https:\/\/x1r.fi\/et\/wp-json\/wp\/v2\/media?parent=308"}],"wp:term":[{"taxonomy":"product_brand","embeddable":true,"href":"https:\/\/x1r.fi\/et\/wp-json\/wp\/v2\/product_brand?post=308"},{"taxonomy":"product_cat","embeddable":true,"href":"https:\/\/x1r.fi\/et\/wp-json\/wp\/v2\/product_cat?post=308"},{"taxonomy":"product_tag","embeddable":true,"href":"https:\/\/x1r.fi\/et\/wp-json\/wp\/v2\/product_tag?post=308"}],"curies":[{"name":"wp","href":"https:\/\/api.w.org\/{rel}","templated":true}]}}