{"id":314,"date":"2023-10-10T07:02:42","date_gmt":"2023-10-10T07:02:42","guid":{"rendered":"https:\/\/x1r.fi\/toode\/octane-booster-05l\/"},"modified":"2023-12-13T17:35:37","modified_gmt":"2023-12-13T17:35:37","slug":"oktaanarvutite-voimendi-05l","status":"publish","type":"product","link":"https:\/\/x1r.fi\/et\/toode\/oktaanarvutite-voimendi-05l\/","title":{"rendered":"Oktaanarvu t\u00f5stja 0,5L"},"content":{"rendered":"<p><span data-mce-fragment=\"1\">Suurendab v\u00f5imsust ja suurendab p\u00f5lemist. Suurendab mootori j\u00f5udlust ja v\u00f5imaldab maksimaalselt kasutada hobuj\u00f5ude. Toimib polsterdusena, summutades klappide l\u00f6\u00f6ke ning m\u00e4\u00e4rib ja puhastab kogu k\u00fctuses\u00fcsteemi. V\u00e4hendab mootori- ja k\u00fctusekulu. Ei ole m\u00f5eldud t\u00e4naval tavakasutuseks.<\/span><\/p>","protected":false},"excerpt":{"rendered":"<p>Suurendab v\u00f5imsust ja suurendab p\u00f5lemist. Suurendab mootori j\u00f5udlust ja v\u00f5imaldab maksimaalselt kasutada hobuj\u00f5ude. Toimib polsterdusena, summutades klappide l\u00f6\u00f6ke ning m\u00e4\u00e4rib ja puhastab kogu k\u00fctuses\u00fcsteemi. V\u00e4hendab mootori- ja k\u00fctusekulu. Ei ole m\u00f5eldud t\u00e4naval tavakasutuseks.<\/p>","protected":false},"featured_media":313,"template":"","meta":[],"product_brand":[],"product_cat":[34],"product_tag":[],"class_list":{"0":"post-314","1":"product","2":"type-product","3":"status-publish","4":"has-post-thumbnail","6":"product_cat-polttoaineen-lisaaineet","8":"first","9":"instock","10":"shipping-taxable","11":"product-type-simple"},"_links":{"self":[{"href":"https:\/\/x1r.fi\/et\/wp-json\/wp\/v2\/product\/314","targetHints":{"allow":["GET"]}}],"collection":[{"href":"https:\/\/x1r.fi\/et\/wp-json\/wp\/v2\/product"}],"about":[{"href":"https:\/\/x1r.fi\/et\/wp-json\/wp\/v2\/types\/product"}],"wp:featuredmedia":[{"embeddable":true,"href":"https:\/\/x1r.fi\/et\/wp-json\/wp\/v2\/media\/313"}],"wp:attachment":[{"href":"https:\/\/x1r.fi\/et\/wp-json\/wp\/v2\/media?parent=314"}],"wp:term":[{"taxonomy":"product_brand","embeddable":true,"href":"https:\/\/x1r.fi\/et\/wp-json\/wp\/v2\/product_brand?post=314"},{"taxonomy":"product_cat","embeddable":true,"href":"https:\/\/x1r.fi\/et\/wp-json\/wp\/v2\/product_cat?post=314"},{"taxonomy":"product_tag","embeddable":true,"href":"https:\/\/x1r.fi\/et\/wp-json\/wp\/v2\/product_tag?post=314"}],"curies":[{"name":"wp","href":"https:\/\/api.w.org\/{rel}","templated":true}]}}