{"id":322,"date":"2023-10-10T07:03:39","date_gmt":"2023-10-10T07:03:39","guid":{"rendered":"https:\/\/x1r.fi\/toode\/diesel-booster-05-l\/"},"modified":"2023-12-13T17:31:47","modified_gmt":"2023-12-13T17:31:47","slug":"diislikutuse-voimendi-05-l","status":"publish","type":"product","link":"https:\/\/x1r.fi\/et\/toode\/diislikutuse-voimendi-05-l\/","title":{"rendered":"Diislik\u00fctuse lisand 0,5L"},"content":{"rendered":"<p>&nbsp;<\/p>\n<p data-mce-fragment=\"1\">Kasutatakse k\u00f5igis diiselmootorites kogu k\u00fctuses\u00fcsteemi m\u00e4\u00e4rimiseks ja puhastamiseks ning p\u00f5lemise soodustamiseks.<\/p>\n<p data-mce-fragment=\"1\"><strong data-mce-fragment=\"1\">Toote eelised:<\/strong><\/p>\n<ul data-mce-fragment=\"1\">\n<li data-mce-fragment=\"1\">V\u00e4hendab hooldus- ja k\u00fctusekulusid<\/li>\n<li data-mce-fragment=\"1\">Keskkonnas\u00f5bralik: puhtamad heitgaasid, ei sisalda v\u00e4\u00e4vlit ega pliid<\/li>\n<li data-mce-fragment=\"1\">Kaitseb k\u00fclmumise eest<\/li>\n<li data-mce-fragment=\"1\">Rohkem hobuj\u00f5ude<\/li>\n<li data-mce-fragment=\"1\">T\u00f6\u00f6kindlam mootor<\/li>\n<li data-mce-fragment=\"1\">Hoiab eemal mikroobide kasvu<\/li>\n<\/ul>\n<p data-mce-fragment=\"1\"><strong data-mce-fragment=\"1\">Kasutuskohad:<\/strong><\/p>\n<ul data-mce-fragment=\"1\">\n<li data-mce-fragment=\"1\">K\u00f5ik diiselmootorid, sealhulgas need, mis on varustatud \u00fchisanumpritsega ja tahkete osakeste filtriga<\/li>\n<li data-mce-fragment=\"1\">Autod<\/li>\n<li data-mce-fragment=\"1\">Paadid<\/li>\n<li data-mce-fragment=\"1\">P\u00f5llumajandustehnika<\/li>\n<li data-mce-fragment=\"1\">Ehitusmasinad<\/li>\n<li data-mce-fragment=\"1\">Metsamasinad<\/li>\n<\/ul>\n<p data-mce-fragment=\"1\"><strong data-mce-fragment=\"1\">Kuidas toode t\u00f6\u00f6tab?<\/strong><\/p>\n<p data-mce-fragment=\"1\">P\u00f5lemise modifikaator p\u00f5letab k\u00fctuse t\u00e4ielikumalt, v\u00e4hendades k\u00fctusekulu ja andes rohkem hobuj\u00f5ude. Toimib polsterdusena, summutades klappide l\u00f6\u00f6ke ning m\u00e4\u00e4rib ja puhastab kogu k\u00fctuses\u00fcsteemi. Lagundab k\u00fctusemolekuli v\u00e4iksemateks, mist\u00f5ttu diisel s\u00fcttib r\u00f5hu ja temperatuuri m\u00f5jul kiiremini. Puhastab pihustid, pihustuss\u00fcsteemid, elemendid, mahutid ja torustikud. Eemaldab mootorist tahma kihiti. Eemaldab k\u00fctuses\u00fcsteemist vee. P\u00f5letage ohutult k\u00fctusega.<\/p>\n<p data-mce-fragment=\"1\"><strong data-mce-fragment=\"1\">Kasutamine:<\/strong><strong data-mce-fragment=\"1\">:<\/strong><\/p>\n<p data-mce-fragment=\"1\">Esmakordsel kasutamisel v\u00f5i kui eelmisest kasutamisest on m\u00f6\u00f6dunud \u00fcle kuu, pange ainet k\u00fctusepaaki 0,3% k\u00fctusekogusest (nt 80-liitrises paagis 2,4 dl). Regulaarse kasutamise korral lisage ainet 0,1% k\u00fctusekogusest (nt 0,8 dl 80-liitrises paagis).<\/p>","protected":false},"excerpt":{"rendered":"<p>&nbsp; K\u00e4ytet\u00e4\u00e4n kaikissa dieselmoottoreissa voitelemaan ja puhdistamaan koko polttoainej\u00e4rjestelm\u00e4 sek\u00e4 palamisen edist\u00e4miseen. Tuotteen edut: V\u00e4hentyneet huolto- ja polttoainekulut Ymp\u00e4rist\u00f6yst\u00e4v\u00e4llinen: puhtaammat pakokaasup\u00e4\u00e4st\u00f6t, ei sis\u00e4ll\u00e4 rikki\u00e4 tai lyijy\u00e4 Suojaa j\u00e4\u00e4tymiselt\u00e4 Enemm\u00e4n hevosvoimia Luotettavampi moottori Pit\u00e4\u00e4 mikrobikasvuston loitolla K\u00e4ytt\u00f6kohteet: Kaikki dieselmoottorit, my\u00f6s yhteispaineruiskutuksella (common rail) ja hiukkassuodattimella varustetut Autot Veneet Maatalouskoneet Maanrakennuskoneet Mets\u00e4koneet Kuinka tuote toimii? Palamisen tasoittaja [&hellip;]<\/p>\n","protected":false},"featured_media":321,"template":"","meta":[],"product_brand":[],"product_cat":[34],"product_tag":[],"class_list":{"0":"post-322","1":"product","2":"type-product","3":"status-publish","4":"has-post-thumbnail","6":"product_cat-polttoaineen-lisaaineet","8":"first","9":"instock","10":"shipping-taxable","11":"product-type-simple"},"_links":{"self":[{"href":"https:\/\/x1r.fi\/et\/wp-json\/wp\/v2\/product\/322","targetHints":{"allow":["GET"]}}],"collection":[{"href":"https:\/\/x1r.fi\/et\/wp-json\/wp\/v2\/product"}],"about":[{"href":"https:\/\/x1r.fi\/et\/wp-json\/wp\/v2\/types\/product"}],"wp:featuredmedia":[{"embeddable":true,"href":"https:\/\/x1r.fi\/et\/wp-json\/wp\/v2\/media\/321"}],"wp:attachment":[{"href":"https:\/\/x1r.fi\/et\/wp-json\/wp\/v2\/media?parent=322"}],"wp:term":[{"taxonomy":"product_brand","embeddable":true,"href":"https:\/\/x1r.fi\/et\/wp-json\/wp\/v2\/product_brand?post=322"},{"taxonomy":"product_cat","embeddable":true,"href":"https:\/\/x1r.fi\/et\/wp-json\/wp\/v2\/product_cat?post=322"},{"taxonomy":"product_tag","embeddable":true,"href":"https:\/\/x1r.fi\/et\/wp-json\/wp\/v2\/product_tag?post=322"}],"curies":[{"name":"wp","href":"https:\/\/api.w.org\/{rel}","templated":true}]}}