{"id":324,"date":"2023-10-10T07:03:45","date_gmt":"2023-10-10T07:03:45","guid":{"rendered":"https:\/\/x1r.fi\/toode\/bensin-booster-05l\/"},"modified":"2023-12-13T17:30:56","modified_gmt":"2023-12-13T17:30:56","slug":"bensiinivoimendi-05l","status":"publish","type":"product","link":"https:\/\/x1r.fi\/et\/toode\/bensiinivoimendi-05l\/","title":{"rendered":"Bensiinik\u00fctuse lisand 0,5L"},"content":{"rendered":"<p>&nbsp;<\/p>\n<p data-mce-fragment=\"1\">Kasutatakse k\u00f5igis bensiinimootorites kogu k\u00fctuses\u00fcsteemi m\u00e4\u00e4rimiseks ja puhastamiseks ning p\u00f5lemise soodustamiseks.<\/p>\n<p data-mce-fragment=\"1\"><strong data-mce-fragment=\"1\">Toote eelised:<\/strong><\/p>\n<ul data-mce-fragment=\"1\">\n<li data-mce-fragment=\"1\">V\u00e4hendab hooldus- ja k\u00fctusekulusid<\/li>\n<li data-mce-fragment=\"1\">Keskkonnas\u00f5bralik: puhtamad heitgaasid, ei sisalda v\u00e4\u00e4vlit ega pliid<\/li>\n<li data-mce-fragment=\"1\">Kaitseb k\u00fclmumise eest<\/li>\n<li data-mce-fragment=\"1\">Rohkem hobuj\u00f5ude<\/li>\n<li data-mce-fragment=\"1\">T\u00f6\u00f6kindlam mootor<\/li>\n<li data-mce-fragment=\"1\">S\u00fc\u00fctek\u00fc\u00fcnlad kestavad kauem<\/li>\n<li data-mce-fragment=\"1\">Hoiab eemal mikroobide kasvu<\/li>\n<\/ul>\n<p data-mce-fragment=\"1\"><strong data-mce-fragment=\"1\">Kasutuskohad:<\/strong><\/p>\n<ul data-mce-fragment=\"1\">\n<li data-mce-fragment=\"1\">K\u00f5ik bensiinimootorid mis on varustatud tahkete osakeste filtriga<\/li>\n<li data-mce-fragment=\"1\">Autod<\/li>\n<li data-mce-fragment=\"1\">Paadid<\/li>\n<li data-mce-fragment=\"1\">Mopeedid<\/li>\n<li data-mce-fragment=\"1\">Mootorrattad<\/li>\n<li data-mce-fragment=\"1\">V\u00e4ikesed kodumasinad<\/li>\n<li data-mce-fragment=\"1\">2-taktilised mootorid<\/li>\n<\/ul>\n<p data-mce-fragment=\"1\"><strong data-mce-fragment=\"1\">Kuidas toode t\u00f6\u00f6tab?<\/strong><\/p>\n<p data-mce-fragment=\"1\">P\u00f5lemise modifikaator p\u00f5letab k\u00fctust t\u00e4ielikumalt, andes rohkem hobuj\u00f5ude. Lisand toimib pehmendusena, summutades klappide l\u00f6\u00f6ke ning m\u00e4\u00e4rides ja puhastades kogu k\u00fctuses\u00fcsteemi. Puhastab pihustid, pihustuss\u00fcsteemid, elemendid, mahutid ja torustikud. Eemaldab mootorist tahma kihiti. Eemaldab k\u00fctuses\u00fcsteemist vee. P\u00f5leb ohutult k\u00fctusega.<\/p>\n<p data-mce-fragment=\"1\"><strong data-mce-fragment=\"1\">Kasutamine:<\/strong><\/p>\n<p data-mce-fragment=\"1\">Esmakordsel kasutamisel v\u00f5i kui eelmisest kasutamisest on m\u00f6\u00f6dunud \u00fcle kuu, pange ainet k\u00fctusepaaki 0,3% k\u00fctusekogusest (nt 80-liitrises paagis 2,4 dl). Regulaarse kasutamise korral lisage ainet 0,1% k\u00fctusekogusest (nt 0,8 dl 80-liitrises paagis).<\/p>","protected":false},"excerpt":{"rendered":"<p>&nbsp; K\u00e4ytet\u00e4\u00e4n kaikissa bensiinimoottoreissa voitelemaan ja puhdistamaan koko polttoainej\u00e4rjestelm\u00e4 sek\u00e4 palamisen edist\u00e4miseen. Tuotteen edut: V\u00e4hentyneet huolto- ja polttoainekulut Ymp\u00e4rist\u00f6yst\u00e4v\u00e4llinen: puhtaammat pakokaasup\u00e4\u00e4st\u00f6t, ei sis\u00e4ll\u00e4 rikki\u00e4 tai lyijy\u00e4 Suojaa j\u00e4\u00e4tymiselt\u00e4 Enemm\u00e4n hevosvoimia Luotettavampi moottori Sytytystulpat kest\u00e4v\u00e4t pidemp\u00e4\u00e4n Pit\u00e4\u00e4 mikrobikasvuston loitolla K\u00e4ytt\u00f6kohteet: Kaikki bensiinimoottorit my\u00f6s hiukkassuodattimella varustetut Autot Veneet Mopot Moottoripy\u00f6r\u00e4t Kotitalouksien pienkoneet 2-tahtimoottorit Kuinka tuote toimii? Palamisen [&hellip;]<\/p>\n","protected":false},"featured_media":323,"template":"","meta":[],"product_brand":[],"product_cat":[34],"product_tag":[],"class_list":{"0":"post-324","1":"product","2":"type-product","3":"status-publish","4":"has-post-thumbnail","6":"product_cat-polttoaineen-lisaaineet","8":"first","9":"instock","10":"shipping-taxable","11":"product-type-simple"},"_links":{"self":[{"href":"https:\/\/x1r.fi\/et\/wp-json\/wp\/v2\/product\/324","targetHints":{"allow":["GET"]}}],"collection":[{"href":"https:\/\/x1r.fi\/et\/wp-json\/wp\/v2\/product"}],"about":[{"href":"https:\/\/x1r.fi\/et\/wp-json\/wp\/v2\/types\/product"}],"wp:featuredmedia":[{"embeddable":true,"href":"https:\/\/x1r.fi\/et\/wp-json\/wp\/v2\/media\/323"}],"wp:attachment":[{"href":"https:\/\/x1r.fi\/et\/wp-json\/wp\/v2\/media?parent=324"}],"wp:term":[{"taxonomy":"product_brand","embeddable":true,"href":"https:\/\/x1r.fi\/et\/wp-json\/wp\/v2\/product_brand?post=324"},{"taxonomy":"product_cat","embeddable":true,"href":"https:\/\/x1r.fi\/et\/wp-json\/wp\/v2\/product_cat?post=324"},{"taxonomy":"product_tag","embeddable":true,"href":"https:\/\/x1r.fi\/et\/wp-json\/wp\/v2\/product_tag?post=324"}],"curies":[{"name":"wp","href":"https:\/\/api.w.org\/{rel}","templated":true}]}}