{"id":326,"date":"2023-10-10T07:03:47","date_gmt":"2023-10-10T07:03:47","guid":{"rendered":"https:\/\/x1r.fi\/toode\/plum-crazy-54-kg\/"},"modified":"2023-12-13T17:29:41","modified_gmt":"2023-12-13T17:29:41","slug":"ploomi-hull-54-kg","status":"publish","type":"product","link":"https:\/\/x1r.fi\/et\/toode\/ploomi-hull-54-kg\/","title":{"rendered":"Plum Crazy 54 kg"},"content":{"rendered":"<p>&nbsp;<\/p>\n<p data-mce-fragment=\"1\"><strong data-mce-fragment=\"1\">PLUM CRAZY<\/strong>\u00a0<br data-mce-fragment=\"1\" \/>M\u00e4\u00e4re<\/p>\n<p data-mce-fragment=\"1\"><strong data-mce-fragment=\"1\">RASKETE TINGIMUSTE PUHUL<\/strong><br data-mce-fragment=\"1\" \/>Talub suuri koormusi ja \u00e4\u00e4rmuslikke temperatuure.<br data-mce-fragment=\"1\" \/>Kasutatakse h\u00f5\u00f5rdumise eemaldamiseks ja kulumise v\u00e4hendamiseks kohtades, kus on vaja h\u00e4sti nakkuvat m\u00e4\u00e4rdeainet. Eriti sobiv ekstreemsetes tingimustes.<\/p>\n<p data-mce-fragment=\"1\"><strong data-mce-fragment=\"1\">Pakend:<\/strong><br data-mce-fragment=\"1\" \/>400 g, 16 kg, 54 kg, 180 kg<\/p>\n<p data-mce-fragment=\"1\"><strong data-mce-fragment=\"1\">Kuidas toode t\u00f6\u00f6tab?<\/strong><br data-mce-fragment=\"1\" \/>Plum Crazy m\u00e4\u00e4rdeaine on mitmeotstarbeline ja kauakestev m\u00e4\u00e4rdeaine. Toode on loodud taluma suuri koormusi ja k\u00f5rgeid temperatuure. Nii saab seda kasutada n\u00e4iteks asfaldimasinates. Sobib kokku teiste m\u00e4\u00e4rdeainetega.<\/p>","protected":false},"excerpt":{"rendered":"<p>&nbsp; PLUM CRAZY\u00a0Voitelurasva KOVIIN OLOSUHTEISIINKest\u00e4\u00e4 kovaa kuormitusta ja \u00e4\u00e4ril\u00e4mp\u00f6tiloja.K\u00e4ytet\u00e4\u00e4n poistamaan kitkaa ja v\u00e4hent\u00e4m\u00e4\u00e4n kulumista k\u00e4ytt\u00f6kohteissa, joissa tarvitaan hyvin kiinnittyv\u00e4\u00e4 voitelurasvaa. Soveltuu erityisen hyvin \u00e4\u00e4riolosuhteisiin. Pakkauskoot:400 g, 16 kg, 54 kg, 180 kg Kuinka tuote toimii?Plum Crazy -voitelurasva on monik\u00e4ytt\u00f6inen ja pitk\u00e4ik\u00e4inen voiteluaine. Tuote on suunniteltu kest\u00e4m\u00e4\u00e4n suuria kuormituksia ja korkeita l\u00e4mp\u00f6tiloja. N\u00e4in sit\u00e4 voidaan k\u00e4ytt\u00e4\u00e4 [&hellip;]<\/p>\n","protected":false},"featured_media":325,"template":"","meta":[],"product_brand":[],"product_cat":[29],"product_tag":[],"class_list":{"0":"post-326","1":"product","2":"type-product","3":"status-publish","4":"has-post-thumbnail","6":"product_cat-vaseliini","8":"first","9":"instock","10":"shipping-taxable","11":"product-type-simple"},"_links":{"self":[{"href":"https:\/\/x1r.fi\/et\/wp-json\/wp\/v2\/product\/326","targetHints":{"allow":["GET"]}}],"collection":[{"href":"https:\/\/x1r.fi\/et\/wp-json\/wp\/v2\/product"}],"about":[{"href":"https:\/\/x1r.fi\/et\/wp-json\/wp\/v2\/types\/product"}],"wp:featuredmedia":[{"embeddable":true,"href":"https:\/\/x1r.fi\/et\/wp-json\/wp\/v2\/media\/325"}],"wp:attachment":[{"href":"https:\/\/x1r.fi\/et\/wp-json\/wp\/v2\/media?parent=326"}],"wp:term":[{"taxonomy":"product_brand","embeddable":true,"href":"https:\/\/x1r.fi\/et\/wp-json\/wp\/v2\/product_brand?post=326"},{"taxonomy":"product_cat","embeddable":true,"href":"https:\/\/x1r.fi\/et\/wp-json\/wp\/v2\/product_cat?post=326"},{"taxonomy":"product_tag","embeddable":true,"href":"https:\/\/x1r.fi\/et\/wp-json\/wp\/v2\/product_tag?post=326"}],"curies":[{"name":"wp","href":"https:\/\/api.w.org\/{rel}","templated":true}]}}