{"id":338,"date":"2023-10-10T07:04:08","date_gmt":"2023-10-10T07:04:08","guid":{"rendered":"https:\/\/x1r.fi\/toode\/metallinhoitoaine-100-ml\/"},"modified":"2023-12-13T17:06:23","modified_gmt":"2023-12-13T17:06:23","slug":"metallist-konditsioneer-100-ml","status":"publish","type":"product","link":"https:\/\/x1r.fi\/et\/toode\/metallist-konditsioneer-100-ml\/","title":{"rendered":"Kulumisvastane m\u00e4\u00e4re 100 ml"},"content":{"rendered":"<p data-mce-fragment=\"1\">Kvaliteetne X-1R kulumisvastane m\u00e4\u00e4re<span data-mce-fragment=\"1\">t\u00f5hustab mootorite, k\u00e4igukastide, propellerite ja h\u00fcdraulika t\u00f6\u00f6d, v\u00e4hendades kulumist.\u00a0<\/span><\/p>\n<p data-mce-fragment=\"1\">X-1R on s\u00fcnteetiline vedel t\u00f6\u00f6tlemisvahend, mis v\u00e4hendab oluliselt metallpindade vastastikusest kokkupuutest ja liikumisest tekkivat h\u00f5\u00f5rdumist. Seet\u00f5ttu sobib see mitmek\u00fclgselt k\u00f5ige erinevamateks m\u00e4\u00e4rimisteks. X-1R metallihooldusvahend sobib kasutamiseks k\u00f5igi tuntud tehniliste \u00f5lidega ning ei m\u00f5juta \u00f5li viskoossust ega sisalda lahusteid ega tahkeid osakesi.\u00a0<span class=\"info desc\" data-mce-fragment=\"1\">Toodet on p\u00f5hjalikult testitud ja see on saanud palju kasutussoovitusi.\u00a0<\/span><\/p>\n<p data-mce-fragment=\"1\"><span class=\"info desc\" data-mce-fragment=\"1\">K\u00f5ik X-1R tooted p\u00f5hinevad kulumisvastase m\u00e4\u00e4rde ainulaadsetel omadustel.<\/span><\/p>","protected":false},"excerpt":{"rendered":"<p>Korkealuokkainen X-1R -metallinhoitoaine tehostaa moottoreiden, vaihteistojen, perien ja hydrauliikan toimintaa v\u00e4hent\u00e4en kulumista.\u00a0 X-1R on synteettinen, nestem\u00e4inen hoitok\u00e4sittelyaine, joka v\u00e4hent\u00e4\u00e4 huomattavasti metallipintojen keskin\u00e4isest\u00e4 kosketuksesta ja liikkeest\u00e4 aiheutuvaa kitkaa. T\u00e4m\u00e4n vuoksi se on monipuolisesti soveltuva mit\u00e4 erilaisimpiin voitelutarkoituksiin. X-1R metallinhoitoaine sopii k\u00e4ytett\u00e4v\u00e4ksi kaikkien tunnettujen teknisten \u00f6ljyjen kanssa ja ei vaikuta \u00f6ljyn viskositeettiin eik\u00e4 sis\u00e4ll\u00e4 liuottimia tai kiinteit\u00e4 [&hellip;]<\/p>\n","protected":false},"featured_media":337,"template":"","meta":[],"product_brand":[],"product_cat":[35],"product_tag":[21,22],"class_list":{"0":"post-338","1":"product","2":"type-product","3":"status-publish","4":"has-post-thumbnail","6":"product_cat-metallinhoitoaine","7":"product_tag-100ml","8":"product_tag-metallinhoitoaine","10":"first","11":"instock","12":"shipping-taxable","13":"product-type-simple"},"_links":{"self":[{"href":"https:\/\/x1r.fi\/et\/wp-json\/wp\/v2\/product\/338","targetHints":{"allow":["GET"]}}],"collection":[{"href":"https:\/\/x1r.fi\/et\/wp-json\/wp\/v2\/product"}],"about":[{"href":"https:\/\/x1r.fi\/et\/wp-json\/wp\/v2\/types\/product"}],"wp:featuredmedia":[{"embeddable":true,"href":"https:\/\/x1r.fi\/et\/wp-json\/wp\/v2\/media\/337"}],"wp:attachment":[{"href":"https:\/\/x1r.fi\/et\/wp-json\/wp\/v2\/media?parent=338"}],"wp:term":[{"taxonomy":"product_brand","embeddable":true,"href":"https:\/\/x1r.fi\/et\/wp-json\/wp\/v2\/product_brand?post=338"},{"taxonomy":"product_cat","embeddable":true,"href":"https:\/\/x1r.fi\/et\/wp-json\/wp\/v2\/product_cat?post=338"},{"taxonomy":"product_tag","embeddable":true,"href":"https:\/\/x1r.fi\/et\/wp-json\/wp\/v2\/product_tag?post=338"}],"curies":[{"name":"wp","href":"https:\/\/api.w.org\/{rel}","templated":true}]}}